{"id":18585,"date":"2024-10-11T16:42:20","date_gmt":"2024-10-11T14:42:20","guid":{"rendered":"https:\/\/greenkingdom.ch\/product\/spritzen-akku\/"},"modified":"2024-10-11T16:42:20","modified_gmt":"2024-10-11T14:42:20","slug":"spritzen-akku","status":"publish","type":"product","link":"https:\/\/greenkingdom.ch\/de\/produkt\/spritzen-akku\/","title":{"rendered":"Spritzen-Akku"},"content":{"rendered":"<p>Entdecken Sie unsere neue 16-Liter-Akku-R\u00fcckenspr\u00fche, ein unverzichtbares Werkzeug f\u00fcr die einfache Pflege Ihrer Pflanzen. Er wurde f\u00fcr optimalen Komfort mit weichen Schulterst\u00fctzen entwickelt und bietet eine lange Akkulaufzeit. Ideal f\u00fcr kleine G\u00e4rten sowie gro\u00dfe Felder, erm\u00f6glicht es Ihnen, Ihre Pflanzen m\u00fchelos zu bespr\u00fchen. Dieses Spr\u00fchger\u00e4t begleitet Sie, wo immer Sie es brauchen. Technische Eigenschaften:<br \/>\n&#8211; Fassungsverm\u00f6gen: 16 Liter- 12V<br \/>\n Membranpumpe<br \/>\n&#8211; AC-Eingangsspannung: 100-240V<br \/>\n&#8211; Frequenz: 50-60Hz<br \/>\n&#8211; DC-Ausgangsleistung: 12V 1,7A Z\u00f6gern Sie nicht, dieses Hochleistungsspr\u00fchger\u00e4t f\u00fcr die Pflege Ihres Gartens zu erwerben.   <\/p>\n","protected":false},"excerpt":{"rendered":"<p>Entdecken Sie unsere neue 16-Liter-Akku-R\u00fcckenspr\u00fche, ein unverzichtbares Werkzeug f\u00fcr die einfache Pflege Ihrer Pflanzen. Er wurde f\u00fcr optimalen Komfort mit weichen Schulterst\u00fctzen entwickelt und bietet eine lange Akkulaufzeit. Ideal f\u00fcr kleine G\u00e4rten sowie gro\u00dfe Felder, erm\u00f6glicht es Ihnen, Ihre Pflanzen m\u00fchelos zu bespr\u00fchen. Dieses Spr\u00fchger\u00e4t begleitet Sie, wo immer Sie es brauchen. Technische Eigenschaften: &#8211; [&hellip;]<\/p>\n","protected":false},"featured_media":10566,"comment_status":"open","ping_status":"closed","template":"","meta":{"_seopress_robots_primary_cat":"","_seopress_titles_title":"","_seopress_titles_desc":"","_seopress_robots_index":""},"product_brand":[],"product_cat":[604],"product_tag":[],"class_list":{"0":"post-18585","1":"product","2":"type-product","3":"status-publish","4":"has-post-thumbnail","6":"product_cat-klima-de","9":"instock","10":"taxable","11":"shipping-taxable","12":"purchasable","13":"product-type-simple","14":"product-grid-view"},"_links":{"self":[{"href":"https:\/\/greenkingdom.ch\/de\/wp-json\/wp\/v2\/product\/18585","targetHints":{"allow":["GET"]}}],"collection":[{"href":"https:\/\/greenkingdom.ch\/de\/wp-json\/wp\/v2\/product"}],"about":[{"href":"https:\/\/greenkingdom.ch\/de\/wp-json\/wp\/v2\/types\/product"}],"replies":[{"embeddable":true,"href":"https:\/\/greenkingdom.ch\/de\/wp-json\/wp\/v2\/comments?post=18585"}],"version-history":[{"count":0,"href":"https:\/\/greenkingdom.ch\/de\/wp-json\/wp\/v2\/product\/18585\/revisions"}],"wp:featuredmedia":[{"embeddable":true,"href":"https:\/\/greenkingdom.ch\/de\/wp-json\/wp\/v2\/media\/10566"}],"wp:attachment":[{"href":"https:\/\/greenkingdom.ch\/de\/wp-json\/wp\/v2\/media?parent=18585"}],"wp:term":[{"taxonomy":"product_brand","embeddable":true,"href":"https:\/\/greenkingdom.ch\/de\/wp-json\/wp\/v2\/product_brand?post=18585"},{"taxonomy":"product_cat","embeddable":true,"href":"https:\/\/greenkingdom.ch\/de\/wp-json\/wp\/v2\/product_cat?post=18585"},{"taxonomy":"product_tag","embeddable":true,"href":"https:\/\/greenkingdom.ch\/de\/wp-json\/wp\/v2\/product_tag?post=18585"}],"curies":[{"name":"wp","href":"https:\/\/api.w.org\/{rel}","templated":true}]}}