{"id":18590,"date":"2024-10-11T16:42:20","date_gmt":"2024-10-11T14:42:20","guid":{"rendered":"https:\/\/greenkingdom.ch\/product\/maag-belrose-gegen-pilzkrankheiten\/"},"modified":"2024-10-11T16:42:20","modified_gmt":"2024-10-11T14:42:20","slug":"maag-belrose-gegen-pilzkrankheiten","status":"publish","type":"product","link":"https:\/\/greenkingdom.ch\/de\/produkt\/maag-belrose-gegen-pilzkrankheiten\/","title":{"rendered":"Maag Belrose\u00ae gegen Pilzkrankheiten"},"content":{"rendered":"<p>Entdecken Sie unser leistungsstarkes konzentriertes fl\u00fcssiges Fungizid, das verd\u00fcnnt und gespr\u00fcht werden kann, um verschiedene Blattkrankheiten zu bek\u00e4mpfen. Dieses Produkt wirkt effektiv auf Pilze, Blattflecken und Mehltau und sch\u00fctzt Ihre Pflanzen effektiv. Einfache Anwendung, mischen Sie 50 ml in 10 l Wasser f\u00fcr Ihre Rosen, B\u00e4ume, Str\u00e4ucher, Blumenkulturen und gr\u00fcnen Pflanzen. Vorbeugend alle 2 Wochen behandeln und dabei darauf achten, auch die Unterseiten der Bl\u00e4tter zu bespr\u00fchen. Bei Sorten, die anf\u00e4llig f\u00fcr Echten Mehltau sind, k\u00f6nnen Sie die Behandlungsintervalle auch auf 1 Woche verk\u00fcrzen. In der Zeit von M\u00e4rz bis Oktober wirkt unser Fungizid vorbeugend und bietet zudem eine eingeschr\u00e4nkt heilende Wirkung. Durch die Hemmung der Entwicklung von absorbierenden Hyphen sch\u00fctzt es Ihre Pflanzen vor Pilzkrankheiten. Zugelassen f\u00fcr den nicht-professionellen Gebrauch, achten Sie darauf, die Umwelt zu sch\u00fctzen, indem Sie die Gebrauchsanweisung sorgf\u00e4ltig befolgen. Dieses Produkt enth\u00e4lt 0,8 % Penconazol und 1,9 % Difenoconazol. Zulassungsnummer: W-6426 EAN: 7610176051411 Sch\u00fctzen Sie Ihre Pflanzen effektiv vor Pilzkrankheiten mit unserem konzentrierten Fl\u00fcssigfungizid! <\/p>\n","protected":false},"excerpt":{"rendered":"<p>Entdecken Sie unser leistungsstarkes konzentriertes fl\u00fcssiges Fungizid, das verd\u00fcnnt und gespr\u00fcht werden kann, um verschiedene Blattkrankheiten zu bek\u00e4mpfen. Dieses Produkt wirkt effektiv auf Pilze, Blattflecken und Mehltau und sch\u00fctzt Ihre Pflanzen effektiv. Einfache Anwendung, mischen Sie 50 ml in 10 l Wasser f\u00fcr Ihre Rosen, B\u00e4ume, Str\u00e4ucher, Blumenkulturen und gr\u00fcnen Pflanzen. Vorbeugend alle 2 Wochen [&hellip;]<\/p>\n","protected":false},"featured_media":10572,"comment_status":"open","ping_status":"closed","template":"","meta":{"_seopress_robots_primary_cat":"","_seopress_titles_title":"","_seopress_titles_desc":"","_seopress_robots_index":""},"product_brand":[],"product_cat":[604],"product_tag":[],"class_list":{"0":"post-18590","1":"product","2":"type-product","3":"status-publish","4":"has-post-thumbnail","6":"product_cat-klima-de","9":"outofstock","10":"taxable","11":"shipping-taxable","12":"purchasable","13":"product-type-simple","14":"product-grid-view"},"_links":{"self":[{"href":"https:\/\/greenkingdom.ch\/de\/wp-json\/wp\/v2\/product\/18590","targetHints":{"allow":["GET"]}}],"collection":[{"href":"https:\/\/greenkingdom.ch\/de\/wp-json\/wp\/v2\/product"}],"about":[{"href":"https:\/\/greenkingdom.ch\/de\/wp-json\/wp\/v2\/types\/product"}],"replies":[{"embeddable":true,"href":"https:\/\/greenkingdom.ch\/de\/wp-json\/wp\/v2\/comments?post=18590"}],"version-history":[{"count":0,"href":"https:\/\/greenkingdom.ch\/de\/wp-json\/wp\/v2\/product\/18590\/revisions"}],"wp:featuredmedia":[{"embeddable":true,"href":"https:\/\/greenkingdom.ch\/de\/wp-json\/wp\/v2\/media\/10572"}],"wp:attachment":[{"href":"https:\/\/greenkingdom.ch\/de\/wp-json\/wp\/v2\/media?parent=18590"}],"wp:term":[{"taxonomy":"product_brand","embeddable":true,"href":"https:\/\/greenkingdom.ch\/de\/wp-json\/wp\/v2\/product_brand?post=18590"},{"taxonomy":"product_cat","embeddable":true,"href":"https:\/\/greenkingdom.ch\/de\/wp-json\/wp\/v2\/product_cat?post=18590"},{"taxonomy":"product_tag","embeddable":true,"href":"https:\/\/greenkingdom.ch\/de\/wp-json\/wp\/v2\/product_tag?post=18590"}],"curies":[{"name":"wp","href":"https:\/\/api.w.org\/{rel}","templated":true}]}}