{"id":18591,"date":"2024-10-11T16:42:20","date_gmt":"2024-10-11T14:42:20","guid":{"rendered":"https:\/\/greenkingdom.ch\/product\/spomil-k-20ml-4x5ml\/"},"modified":"2024-10-11T16:42:20","modified_gmt":"2024-10-11T14:42:20","slug":"spomil-k-20ml-4x5ml","status":"publish","type":"product","link":"https:\/\/greenkingdom.ch\/de\/produkt\/spomil-k-20ml-4x5ml\/","title":{"rendered":"Spomil K 20ml (4x5ml)"},"content":{"rendered":"<h2>Spomil K \u2013 Starkes Milbenbek\u00e4mpfungsmittel<\/h2>\n<h3><strong>Wirksame Bek\u00e4mpfung von Milben und anderen Sch\u00e4dlingen<\/strong><\/h3>\n<p>Spomil K ist ein leistungsstarkes Milbenmittelkonzentrat, das speziell entwickelt wurde, um Hausstaubmilben von Beeren, Obst, Weinreben, Gem\u00fcse und Zierpflanzen zu entfernen. Seine Formel wirkt schnell und bietet einen lang anhaltenden Schutz gegen alle Stadien der Milbenentwicklung, bis zu zwei Monate lang. Dank seiner gezielten Wirkung bei Kontakt beseitigt es Larven, Nymphen und erwachsene Milben f\u00fcr eine effektive Sch\u00e4dlingsbek\u00e4mpfung.  <\/p>\n<p><strong>Umfassender Schutz:<\/strong> Spomil K bek\u00e4mpft nicht nur Milben, sondern ist auch wirksam gegen andere Milbenarten wie Erdbeermilben, Knospenmilben, Gallmilben, Raubmilben und Rostmilben. Es ist f\u00fcr eine Vielzahl von Pflanzen geeignet und garantiert eine vollst\u00e4ndige Sch\u00e4dlingsbek\u00e4mpfung. <\/p>\n<p><strong>So bewerben Sie sich:<\/strong> F\u00fcr einen optimalen Schutz spr\u00fchen Sie Spomil K und befeuchten Sie alle Teile der Pflanze gr\u00fcndlich. Halten Sie sich an die empfohlenen Konzentrationen und befolgen Sie die spezifischen Anweisungen f\u00fcr jede Pflanze, um optimale Ergebnisse zu erzielen. <\/p>\n<h3><strong>Vorteile auf einen Blick:<\/strong><\/h3>\n<ul>\n<li><strong>Verl\u00e4ngerte Wirkung:<\/strong> Schutz f\u00fcr bis zu zwei Monate.<\/li>\n<li><strong>Breites Wirkungsspektrum:<\/strong> Wirksam gegen verschiedene Arten von Milben.<\/li>\n<li><strong>Schnelle Aktion:<\/strong> Sichtbare Ergebnisse in kurzer Zeit.<\/li>\n<li><strong>Gezielte Kontaktaktion:<\/strong> Wirksamkeit in allen Stadien der Milbenentwicklung.<\/li>\n<li><strong>Vielseitig:<\/strong> Geeignet f\u00fcr Beeren, Obst, Gem\u00fcse und Zierpflanzen.<\/li>\n<\/ul>\n<h3><strong>Technische Details:<\/strong><\/h3>\n<ul>\n<li><strong>Wirkstoff:<\/strong> 5 % Fenpyroximat (51,2 g\/l)<\/li>\n<li><strong>Anwendungsbereich:<\/strong> Gegen Hausstaubmilben und andere Arten von Hausstaubmilben<\/li>\n<li><strong>Konzentration:<\/strong> 0,1 % bis 0,2 % je nach Pflanzenart<\/li>\n<li><strong>Wartezeit:<\/strong> Zwischen 3 Tagen und 3 Wochen, je nach Pflanze<\/li>\n<li><strong>Autorisierungsnummer:<\/strong> Nr. W-4579-1<\/li>\n<\/ul>\n<div class=\"product attribute ean\"><strong class=\"type\"> <span class=\"value ean\">EAN-7640185981737<\/span><\/strong><\/div>\n","protected":false},"excerpt":{"rendered":"<p>Spomil K \u2013 Starkes Milbenbek\u00e4mpfungsmittel Wirksame Bek\u00e4mpfung von Milben und anderen Sch\u00e4dlingen Spomil K ist ein leistungsstarkes Milbenmittelkonzentrat, das speziell entwickelt wurde, um Hausstaubmilben von Beeren, Obst, Weinreben, Gem\u00fcse und Zierpflanzen zu entfernen. Seine Formel wirkt schnell und bietet einen lang anhaltenden Schutz gegen alle Stadien der Milbenentwicklung, bis zu zwei Monate lang. Dank seiner [&hellip;]<\/p>\n","protected":false},"featured_media":10560,"comment_status":"open","ping_status":"closed","template":"","meta":{"_seopress_robots_primary_cat":"","_seopress_titles_title":"","_seopress_titles_desc":"","_seopress_robots_index":""},"product_brand":[],"product_cat":[604],"product_tag":[],"class_list":{"0":"post-18591","1":"product","2":"type-product","3":"status-publish","4":"has-post-thumbnail","6":"product_cat-klima-de","9":"instock","10":"taxable","11":"shipping-taxable","12":"purchasable","13":"product-type-simple","14":"product-grid-view"},"_links":{"self":[{"href":"https:\/\/greenkingdom.ch\/de\/wp-json\/wp\/v2\/product\/18591","targetHints":{"allow":["GET"]}}],"collection":[{"href":"https:\/\/greenkingdom.ch\/de\/wp-json\/wp\/v2\/product"}],"about":[{"href":"https:\/\/greenkingdom.ch\/de\/wp-json\/wp\/v2\/types\/product"}],"replies":[{"embeddable":true,"href":"https:\/\/greenkingdom.ch\/de\/wp-json\/wp\/v2\/comments?post=18591"}],"version-history":[{"count":0,"href":"https:\/\/greenkingdom.ch\/de\/wp-json\/wp\/v2\/product\/18591\/revisions"}],"wp:featuredmedia":[{"embeddable":true,"href":"https:\/\/greenkingdom.ch\/de\/wp-json\/wp\/v2\/media\/10560"}],"wp:attachment":[{"href":"https:\/\/greenkingdom.ch\/de\/wp-json\/wp\/v2\/media?parent=18591"}],"wp:term":[{"taxonomy":"product_brand","embeddable":true,"href":"https:\/\/greenkingdom.ch\/de\/wp-json\/wp\/v2\/product_brand?post=18591"},{"taxonomy":"product_cat","embeddable":true,"href":"https:\/\/greenkingdom.ch\/de\/wp-json\/wp\/v2\/product_cat?post=18591"},{"taxonomy":"product_tag","embeddable":true,"href":"https:\/\/greenkingdom.ch\/de\/wp-json\/wp\/v2\/product_tag?post=18591"}],"curies":[{"name":"wp","href":"https:\/\/api.w.org\/{rel}","templated":true}]}}