{"id":18594,"date":"2024-10-11T16:42:42","date_gmt":"2024-10-11T14:42:42","guid":{"rendered":"https:\/\/greenkingdom.ch\/product\/garden-high-pro-prodry-basic-55\/"},"modified":"2024-10-11T16:42:42","modified_gmt":"2024-10-11T14:42:42","slug":"garden-high-pro-prodry-basic-55","status":"publish","type":"product","link":"https:\/\/greenkingdom.ch\/de\/produkt\/garden-high-pro-prodry-basic-55\/","title":{"rendered":"Garden High Pro Prodry Basic 55"},"content":{"rendered":"<p>Entdecken Sie dieses hochwertige Netz zum Trocknen verschiedener Pflanzenmaterialien. Diese 8 St\u00e4be und seine Aufh\u00e4ngeschlaufe machen es sehr benutzerfreundlich. Sein Design macht es einfach, das Material schnell zu bef\u00fcllen und zu extrahieren, f\u00fcr eine schnelle und professionelle Trocknung. Mit seinen 8 luftigen Schichten bietet dieses Netz unglaubliches Volumen auf kompaktem Raum. Achten Sie darauf, das Material w\u00e4hrend des Trocknungsprozesses an einem trockenen und warmen Ort zu lagern, um die Gefahr von Schimmel zu vermeiden. Genie\u00dfen Sie seine beeindruckenden Eigenschaften: 55 cm Durchmesser, 8 Trocknungsschichten und eine Fl\u00e4che von 18.997 cm2. EAN: 8436554762477      <\/p>\n","protected":false},"excerpt":{"rendered":"<p>Entdecken Sie dieses hochwertige Netz zum Trocknen verschiedener Pflanzenmaterialien. Diese 8 St\u00e4be und seine Aufh\u00e4ngeschlaufe machen es sehr benutzerfreundlich. Sein Design macht es einfach, das Material schnell zu bef\u00fcllen und zu extrahieren, f\u00fcr eine schnelle und professionelle Trocknung. Mit seinen 8 luftigen Schichten bietet dieses Netz unglaubliches Volumen auf kompaktem Raum. Achten Sie darauf, das [&hellip;]<\/p>\n","protected":false},"featured_media":10609,"comment_status":"open","ping_status":"closed","template":"","meta":{"_seopress_robots_primary_cat":"","_seopress_titles_title":"","_seopress_titles_desc":"","_seopress_robots_index":""},"product_brand":[],"product_cat":[553],"product_tag":[],"class_list":{"0":"post-18594","1":"product","2":"type-product","3":"status-publish","4":"has-post-thumbnail","6":"product_cat-verschiedenes-und-riecht","9":"instock","10":"taxable","11":"shipping-taxable","12":"purchasable","13":"product-type-simple","14":"product-grid-view"},"_links":{"self":[{"href":"https:\/\/greenkingdom.ch\/de\/wp-json\/wp\/v2\/product\/18594","targetHints":{"allow":["GET"]}}],"collection":[{"href":"https:\/\/greenkingdom.ch\/de\/wp-json\/wp\/v2\/product"}],"about":[{"href":"https:\/\/greenkingdom.ch\/de\/wp-json\/wp\/v2\/types\/product"}],"replies":[{"embeddable":true,"href":"https:\/\/greenkingdom.ch\/de\/wp-json\/wp\/v2\/comments?post=18594"}],"version-history":[{"count":0,"href":"https:\/\/greenkingdom.ch\/de\/wp-json\/wp\/v2\/product\/18594\/revisions"}],"wp:featuredmedia":[{"embeddable":true,"href":"https:\/\/greenkingdom.ch\/de\/wp-json\/wp\/v2\/media\/10609"}],"wp:attachment":[{"href":"https:\/\/greenkingdom.ch\/de\/wp-json\/wp\/v2\/media?parent=18594"}],"wp:term":[{"taxonomy":"product_brand","embeddable":true,"href":"https:\/\/greenkingdom.ch\/de\/wp-json\/wp\/v2\/product_brand?post=18594"},{"taxonomy":"product_cat","embeddable":true,"href":"https:\/\/greenkingdom.ch\/de\/wp-json\/wp\/v2\/product_cat?post=18594"},{"taxonomy":"product_tag","embeddable":true,"href":"https:\/\/greenkingdom.ch\/de\/wp-json\/wp\/v2\/product_tag?post=18594"}],"curies":[{"name":"wp","href":"https:\/\/api.w.org\/{rel}","templated":true}]}}