{"id":18598,"date":"2024-10-11T16:42:20","date_gmt":"2024-10-11T14:42:20","guid":{"rendered":"https:\/\/greenkingdom.ch\/product\/sanoplant-bio-konzentrat-spritzmittel-gegen-schaedlinge-250ml\/"},"modified":"2024-10-11T16:42:20","modified_gmt":"2024-10-11T14:42:20","slug":"sanoplant-bio-konzentrat-spritzmittel-gegen-schaedlinge-250ml","status":"publish","type":"product","link":"https:\/\/greenkingdom.ch\/de\/produkt\/sanoplant-bio-konzentrat-spritzmittel-gegen-schaedlinge-250ml\/","title":{"rendered":"SanoPlant Bio Konzentrat Spritzmittel gegen Sch\u00e4dlinge 250ml"},"content":{"rendered":"<div class=\"value\">\n<h2>SanoPlant\u00ae Bio Konzentrat &#8211; Sch\u00fctzen Sie Ihre Pflanzen auf nat\u00fcrliche Weise<\/h2>\n<div><\/div>\n<h3><strong>SanoPlant\u00ae Bio Concentrate \u2013 wirksamer und umweltfreundlicher Schutz<\/strong><\/h3>\n<p><\/p>\n<p>Pflegen Sie Ihre Pflanzen effizient und umweltfreundlich mit dem SanoPlant\u00ae Bio Concentrate. Dieses organische Insektizid bek\u00e4mpft effektiv eine Vielzahl von Sch\u00e4dlingen wie Blattl\u00e4use, Milben, Thripse und Wei\u00dfe Fliegen auf Ihren Gem\u00fcse-, Obst- und Blumenkulturen. Formuliert mit nat\u00fcrlichen Wirkstoffen, bietet es eine sichere L\u00f6sung f\u00fcr Ihren Garten und ist f\u00fcr den \u00f6kologischen Landbau zertifiziert. Seine Kontaktwirkung garantiert schnelle Ergebnisse und reduziert R\u00fcckst\u00e4nde in nur 24 Stunden.   <\/p>\n<p><strong><br \/><\/strong><\/p>\n<p><strong>Umweltfreundlich:<\/strong> Rezeptur auf Basis nat\u00fcrlicher Wirkstoffe und zertifiziert f\u00fcr den \u00f6kologischen Landbau.<\/p>\n<p><strong><br \/><\/strong><\/p>\n<p><strong>Schnelle Aktion:<\/strong> Sofortige Wirksamkeit mit st\u00f6render Wirkung auf Parasiten.<\/p>\n<p><strong><br \/><\/strong><\/p>\n<p><strong>Einfach zu bedienen:<\/strong> Bereit zum Verd\u00fcnnen und Bespr\u00fchen, insbesondere auf der Unterseite der Bl\u00e4tter.<\/p>\n<p><strong><br \/><\/strong><\/p>\n<p><strong><br \/><\/strong><\/p>\n<h3><strong>Vorteile auf einen Blick:<\/strong><\/h3>\n<p><strong><br \/><\/strong><\/p>\n<ul>\n<li><strong>Biologisches Insektizid:<\/strong> Formuliert mit nat\u00fcrlichen Wirkstoffen<\/li>\n<li><strong>Breites Wirkungsspektrum:<\/strong> Bek\u00e4mpft Blattl\u00e4use, Milben, Thripse und Wei\u00dfe Fliegen<\/li>\n<li><strong>Reduzierte Wartezeit:<\/strong> Minimale R\u00fcckst\u00e4nde in 24 Stunden<\/li>\n<li><strong>\u00d6kologisch:<\/strong> Zertifiziert f\u00fcr den \u00f6kologischen Landbau<\/li>\n<\/ul>\n<p><strong><br \/><\/strong><\/p>\n<p><strong><br \/><\/strong><\/p>\n<h3><strong>Technische Merkmale:<\/strong><\/h3>\n<p><strong><br \/><\/strong><\/p>\n<ul>\n<li><strong>Wirkstoff:<\/strong> 2,5 % Pyrethrine<\/li>\n<li><strong>Inhalt:<\/strong> 100 ml (f\u00fcr 20\u201367 l Porridge) und 250 ml (f\u00fcr 50\u2013167 l Porridge)<\/li>\n<li><strong>So bewerben Sie sich:<\/strong> Verd\u00fcnnen und spr\u00fchen, insbesondere auf die Unterseite der Bl\u00e4tter<\/li>\n<li><strong>Zulassungsnummer:<\/strong> Nr. W-7376<\/li>\n<\/ul>\n<div><\/div>\n<div><\/div>\n<\/div>\n<div class=\"product attribute ean\"><strong class=\"type\"> <span class=\"value ean\">EAN-7640185981379<\/span><\/strong><\/div>\n","protected":false},"excerpt":{"rendered":"<p>SanoPlant\u00ae Bio Konzentrat &#8211; Sch\u00fctzen Sie Ihre Pflanzen auf nat\u00fcrliche Weise SanoPlant\u00ae Bio Concentrate \u2013 wirksamer und umweltfreundlicher Schutz Pflegen Sie Ihre Pflanzen effizient und umweltfreundlich mit dem SanoPlant\u00ae Bio Concentrate. Dieses organische Insektizid bek\u00e4mpft effektiv eine Vielzahl von Sch\u00e4dlingen wie Blattl\u00e4use, Milben, Thripse und Wei\u00dfe Fliegen auf Ihren Gem\u00fcse-, Obst- und Blumenkulturen. Formuliert mit [&hellip;]<\/p>\n","protected":false},"featured_media":10557,"comment_status":"open","ping_status":"closed","template":"","meta":{"_seopress_robots_primary_cat":"","_seopress_titles_title":"","_seopress_titles_desc":"","_seopress_robots_index":""},"product_brand":[],"product_cat":[593],"product_tag":[],"class_list":{"0":"post-18598","1":"product","2":"type-product","3":"status-publish","4":"has-post-thumbnail","6":"product_cat-klima","9":"instock","10":"taxable","11":"shipping-taxable","12":"purchasable","13":"product-type-simple","14":"product-grid-view"},"_links":{"self":[{"href":"https:\/\/greenkingdom.ch\/de\/wp-json\/wp\/v2\/product\/18598","targetHints":{"allow":["GET"]}}],"collection":[{"href":"https:\/\/greenkingdom.ch\/de\/wp-json\/wp\/v2\/product"}],"about":[{"href":"https:\/\/greenkingdom.ch\/de\/wp-json\/wp\/v2\/types\/product"}],"replies":[{"embeddable":true,"href":"https:\/\/greenkingdom.ch\/de\/wp-json\/wp\/v2\/comments?post=18598"}],"version-history":[{"count":0,"href":"https:\/\/greenkingdom.ch\/de\/wp-json\/wp\/v2\/product\/18598\/revisions"}],"wp:featuredmedia":[{"embeddable":true,"href":"https:\/\/greenkingdom.ch\/de\/wp-json\/wp\/v2\/media\/10557"}],"wp:attachment":[{"href":"https:\/\/greenkingdom.ch\/de\/wp-json\/wp\/v2\/media?parent=18598"}],"wp:term":[{"taxonomy":"product_brand","embeddable":true,"href":"https:\/\/greenkingdom.ch\/de\/wp-json\/wp\/v2\/product_brand?post=18598"},{"taxonomy":"product_cat","embeddable":true,"href":"https:\/\/greenkingdom.ch\/de\/wp-json\/wp\/v2\/product_cat?post=18598"},{"taxonomy":"product_tag","embeddable":true,"href":"https:\/\/greenkingdom.ch\/de\/wp-json\/wp\/v2\/product_tag?post=18598"}],"curies":[{"name":"wp","href":"https:\/\/api.w.org\/{rel}","templated":true}]}}