{"id":18611,"date":"2024-10-11T16:42:42","date_gmt":"2024-10-11T14:42:42","guid":{"rendered":"https:\/\/greenkingdom.ch\/product\/elektronisches-spruehgeraet\/"},"modified":"2024-10-11T16:42:42","modified_gmt":"2024-10-11T14:42:42","slug":"elektronisches-spruehgeraet","status":"publish","type":"product","link":"https:\/\/greenkingdom.ch\/de\/produkt\/elektronisches-spruehgeraet\/","title":{"rendered":"Elektronisches Spr\u00fchger\u00e4t"},"content":{"rendered":"<p>Die Elektrospritze ist ein modernes Werkzeug zum Spr\u00fchen von Pflanzenschutzmitteln. Er bietet viele attraktive Funktionen, wie z. B. einen 4-Liter-Wassertank, eine Spr\u00fchkapazit\u00e4t von 0-300 ml\/min und eine Leistung von 1200 W\/220 V. Dar\u00fcber hinaus wird es mit einem festen Adapter f\u00fcr eine bequeme Verwendung geliefert. EAN: 0702639863840.   <\/p>\n","protected":false},"excerpt":{"rendered":"<p>Die Elektrospritze ist ein modernes Werkzeug zum Spr\u00fchen von Pflanzenschutzmitteln. Er bietet viele attraktive Funktionen, wie z. B. einen 4-Liter-Wassertank, eine Spr\u00fchkapazit\u00e4t von 0-300 ml\/min und eine Leistung von 1200 W\/220 V. Dar\u00fcber hinaus wird es mit einem festen Adapter f\u00fcr eine bequeme Verwendung geliefert. EAN: 0702639863840.<\/p>\n","protected":false},"featured_media":10587,"comment_status":"open","ping_status":"closed","template":"","meta":{"_seopress_robots_primary_cat":"","_seopress_titles_title":"","_seopress_titles_desc":"","_seopress_robots_index":""},"product_brand":[],"product_cat":[604],"product_tag":[],"class_list":{"0":"post-18611","1":"product","2":"type-product","3":"status-publish","4":"has-post-thumbnail","6":"product_cat-klima-de","9":"instock","10":"taxable","11":"shipping-taxable","12":"purchasable","13":"product-type-simple","14":"product-grid-view"},"_links":{"self":[{"href":"https:\/\/greenkingdom.ch\/de\/wp-json\/wp\/v2\/product\/18611","targetHints":{"allow":["GET"]}}],"collection":[{"href":"https:\/\/greenkingdom.ch\/de\/wp-json\/wp\/v2\/product"}],"about":[{"href":"https:\/\/greenkingdom.ch\/de\/wp-json\/wp\/v2\/types\/product"}],"replies":[{"embeddable":true,"href":"https:\/\/greenkingdom.ch\/de\/wp-json\/wp\/v2\/comments?post=18611"}],"version-history":[{"count":0,"href":"https:\/\/greenkingdom.ch\/de\/wp-json\/wp\/v2\/product\/18611\/revisions"}],"wp:featuredmedia":[{"embeddable":true,"href":"https:\/\/greenkingdom.ch\/de\/wp-json\/wp\/v2\/media\/10587"}],"wp:attachment":[{"href":"https:\/\/greenkingdom.ch\/de\/wp-json\/wp\/v2\/media?parent=18611"}],"wp:term":[{"taxonomy":"product_brand","embeddable":true,"href":"https:\/\/greenkingdom.ch\/de\/wp-json\/wp\/v2\/product_brand?post=18611"},{"taxonomy":"product_cat","embeddable":true,"href":"https:\/\/greenkingdom.ch\/de\/wp-json\/wp\/v2\/product_cat?post=18611"},{"taxonomy":"product_tag","embeddable":true,"href":"https:\/\/greenkingdom.ch\/de\/wp-json\/wp\/v2\/product_tag?post=18611"}],"curies":[{"name":"wp","href":"https:\/\/api.w.org\/{rel}","templated":true}]}}