{"id":18615,"date":"2024-10-11T16:42:43","date_gmt":"2024-10-11T14:42:43","guid":{"rendered":"https:\/\/greenkingdom.ch\/product\/garden-high-pro-prodry-basic-90\/"},"modified":"2024-10-11T16:42:43","modified_gmt":"2024-10-11T14:42:43","slug":"garden-high-pro-prodry-basic-90","status":"publish","type":"product","link":"https:\/\/greenkingdom.ch\/de\/produkt\/garden-high-pro-prodry-basic-90\/","title":{"rendered":"Garden High Pro Prodry Basic 90"},"content":{"rendered":"<p>Entdecken Sie unser hochwertiges Netz zum Trocknen verschiedener Pflanzenmaterialien. Praktisch mit seinen 8 St\u00e4ben und der Aufh\u00e4ngeschlaufe, erleichtert dieses Netz das Bef\u00fcllen und Entnehmen des Materials. Genie\u00dfen Sie eine schnelle, professionelle Trocknung mit 8 bel\u00fcfteten Ebenen, die unglaubliches Volumen auf kompaktem Raum bieten. Um ein optimales Ergebnis zu erzielen, bewahren Sie das Netz w\u00e4hrend des Trocknens an einem trockenen und warmen Ort auf. F\u00fcgen Sie dieses Netz zu Ihrer Trocknungsausr\u00fcstung hinzu, um au\u00dfergew\u00f6hnliche Ergebnisse zu erzielen!<br \/>\nAbmessungen: 90cm Durchmesser Anzahl der<br \/>\nSchichten: 8<br \/>\nOberfl\u00e4che: 50.868cm2<br \/>\nEAN: 8436554762484    <\/p>\n","protected":false},"excerpt":{"rendered":"<p>Entdecken Sie unser hochwertiges Netz zum Trocknen verschiedener Pflanzenmaterialien. Praktisch mit seinen 8 St\u00e4ben und der Aufh\u00e4ngeschlaufe, erleichtert dieses Netz das Bef\u00fcllen und Entnehmen des Materials. Genie\u00dfen Sie eine schnelle, professionelle Trocknung mit 8 bel\u00fcfteten Ebenen, die unglaubliches Volumen auf kompaktem Raum bieten. Um ein optimales Ergebnis zu erzielen, bewahren Sie das Netz w\u00e4hrend des [&hellip;]<\/p>\n","protected":false},"featured_media":10620,"comment_status":"open","ping_status":"closed","template":"","meta":{"_seopress_robots_primary_cat":"","_seopress_titles_title":"","_seopress_titles_desc":"","_seopress_robots_index":""},"product_brand":[],"product_cat":[553],"product_tag":[],"class_list":{"0":"post-18615","1":"product","2":"type-product","3":"status-publish","4":"has-post-thumbnail","6":"product_cat-verschiedenes-und-riecht","9":"instock","10":"taxable","11":"shipping-taxable","12":"purchasable","13":"product-type-simple","14":"product-grid-view"},"_links":{"self":[{"href":"https:\/\/greenkingdom.ch\/de\/wp-json\/wp\/v2\/product\/18615","targetHints":{"allow":["GET"]}}],"collection":[{"href":"https:\/\/greenkingdom.ch\/de\/wp-json\/wp\/v2\/product"}],"about":[{"href":"https:\/\/greenkingdom.ch\/de\/wp-json\/wp\/v2\/types\/product"}],"replies":[{"embeddable":true,"href":"https:\/\/greenkingdom.ch\/de\/wp-json\/wp\/v2\/comments?post=18615"}],"version-history":[{"count":0,"href":"https:\/\/greenkingdom.ch\/de\/wp-json\/wp\/v2\/product\/18615\/revisions"}],"wp:featuredmedia":[{"embeddable":true,"href":"https:\/\/greenkingdom.ch\/de\/wp-json\/wp\/v2\/media\/10620"}],"wp:attachment":[{"href":"https:\/\/greenkingdom.ch\/de\/wp-json\/wp\/v2\/media?parent=18615"}],"wp:term":[{"taxonomy":"product_brand","embeddable":true,"href":"https:\/\/greenkingdom.ch\/de\/wp-json\/wp\/v2\/product_brand?post=18615"},{"taxonomy":"product_cat","embeddable":true,"href":"https:\/\/greenkingdom.ch\/de\/wp-json\/wp\/v2\/product_cat?post=18615"},{"taxonomy":"product_tag","embeddable":true,"href":"https:\/\/greenkingdom.ch\/de\/wp-json\/wp\/v2\/product_tag?post=18615"}],"curies":[{"name":"wp","href":"https:\/\/api.w.org\/{rel}","templated":true}]}}