{"id":18676,"date":"2024-10-11T16:39:41","date_gmt":"2024-10-11T14:39:41","guid":{"rendered":"https:\/\/greenkingdom.ch\/product\/holzmuehle-hanf\/"},"modified":"2024-10-11T16:39:41","modified_gmt":"2024-10-11T14:39:41","slug":"holzmuehle-hanf","status":"publish","type":"product","link":"https:\/\/greenkingdom.ch\/de\/produkt\/holzmuehle-hanf\/","title":{"rendered":"Holzm\u00fchle Hanf"},"content":{"rendered":"<p>Kr\u00e4uterm\u00fchle aus Holz mit nagelartigen Z\u00e4hnen und eingeritztem Hanfblattmuster. Dieser kompakte und diskrete Aktenvernichter hat einen Durchmesser von 55 mm und eine H\u00f6he von 25 mm. Perfekt f\u00fcr den diskreten und praktischen Einsatz.  <\/p>\n","protected":false},"excerpt":{"rendered":"<p>Kr\u00e4uterm\u00fchle aus Holz mit nagelartigen Z\u00e4hnen und eingeritztem Hanfblattmuster. Dieser kompakte und diskrete Aktenvernichter hat einen Durchmesser von 55 mm und eine H\u00f6he von 25 mm. Perfekt f\u00fcr den diskreten und praktischen Einsatz.<\/p>\n","protected":false},"featured_media":9373,"comment_status":"open","ping_status":"closed","template":"","meta":{"_seopress_robots_primary_cat":"","_seopress_titles_title":"","_seopress_titles_desc":"","_seopress_robots_index":""},"product_brand":[],"product_cat":[661],"product_tag":[],"class_list":{"0":"post-18676","1":"product","2":"type-product","3":"status-publish","4":"has-post-thumbnail","6":"product_cat-grinder","9":"instock","10":"taxable","11":"shipping-taxable","12":"purchasable","13":"product-type-simple","14":"product-grid-view"},"_links":{"self":[{"href":"https:\/\/greenkingdom.ch\/de\/wp-json\/wp\/v2\/product\/18676","targetHints":{"allow":["GET"]}}],"collection":[{"href":"https:\/\/greenkingdom.ch\/de\/wp-json\/wp\/v2\/product"}],"about":[{"href":"https:\/\/greenkingdom.ch\/de\/wp-json\/wp\/v2\/types\/product"}],"replies":[{"embeddable":true,"href":"https:\/\/greenkingdom.ch\/de\/wp-json\/wp\/v2\/comments?post=18676"}],"version-history":[{"count":0,"href":"https:\/\/greenkingdom.ch\/de\/wp-json\/wp\/v2\/product\/18676\/revisions"}],"wp:featuredmedia":[{"embeddable":true,"href":"https:\/\/greenkingdom.ch\/de\/wp-json\/wp\/v2\/media\/9373"}],"wp:attachment":[{"href":"https:\/\/greenkingdom.ch\/de\/wp-json\/wp\/v2\/media?parent=18676"}],"wp:term":[{"taxonomy":"product_brand","embeddable":true,"href":"https:\/\/greenkingdom.ch\/de\/wp-json\/wp\/v2\/product_brand?post=18676"},{"taxonomy":"product_cat","embeddable":true,"href":"https:\/\/greenkingdom.ch\/de\/wp-json\/wp\/v2\/product_cat?post=18676"},{"taxonomy":"product_tag","embeddable":true,"href":"https:\/\/greenkingdom.ch\/de\/wp-json\/wp\/v2\/product_tag?post=18676"}],"curies":[{"name":"wp","href":"https:\/\/api.w.org\/{rel}","templated":true}]}}