{"id":18685,"date":"2024-10-11T16:39:42","date_gmt":"2024-10-11T14:39:42","guid":{"rendered":"https:\/\/greenkingdom.ch\/product\/elektronische-muehle-aluminium\/"},"modified":"2024-10-11T16:39:42","modified_gmt":"2024-10-11T14:39:42","slug":"elektronische-muehle-aluminium","status":"publish","type":"product","link":"https:\/\/greenkingdom.ch\/de\/produkt\/elektronische-muehle-aluminium\/","title":{"rendered":"Elektronische M\u00fchle Aluminium"},"content":{"rendered":"<p>Entdecken Sie diese Hochleistungs-Kr\u00e4uter- und Gew\u00fcrzm\u00fchle mit einem Aluminiumgeh\u00e4use, das fein mahlt, um eine gleichbleibende Qualit\u00e4t ohne Klumpen zu gew\u00e4hrleisten. AAA-Batterien sind nicht im Lieferumfang enthalten. Sowohl praktisch als auch \u00e4sthetisch ansprechend, machen ihn die passende Aluminiumfarbe und den neutralen Logodruck zu einer stilvollen Erg\u00e4nzung f\u00fcr Ihre K\u00fcche. Mit einer H\u00f6he von 145 mm und einem akkubetriebenen Schleifsystem erf\u00fcllt diese Schleifmaschine alle Ihre Schleifanforderungen. Profitieren Sie jetzt von diesem Qualit\u00e4tsprodukt f\u00fcr perfekt verfeinerte Aromen.    <\/p>\n","protected":false},"excerpt":{"rendered":"<p>Entdecken Sie diese Hochleistungs-Kr\u00e4uter- und Gew\u00fcrzm\u00fchle mit einem Aluminiumgeh\u00e4use, das fein mahlt, um eine gleichbleibende Qualit\u00e4t ohne Klumpen zu gew\u00e4hrleisten. AAA-Batterien sind nicht im Lieferumfang enthalten. Sowohl praktisch als auch \u00e4sthetisch ansprechend, machen ihn die passende Aluminiumfarbe und den neutralen Logodruck zu einer stilvollen Erg\u00e4nzung f\u00fcr Ihre K\u00fcche. Mit einer H\u00f6he von 145 mm und [&hellip;]<\/p>\n","protected":false},"featured_media":9406,"comment_status":"open","ping_status":"closed","template":"","meta":{"_seopress_robots_primary_cat":"","_seopress_titles_title":"","_seopress_titles_desc":"","_seopress_robots_index":""},"product_brand":[],"product_cat":[661],"product_tag":[],"class_list":{"0":"post-18685","1":"product","2":"type-product","3":"status-publish","4":"has-post-thumbnail","6":"product_cat-grinder","9":"instock","10":"taxable","11":"shipping-taxable","12":"purchasable","13":"product-type-simple","14":"product-grid-view"},"_links":{"self":[{"href":"https:\/\/greenkingdom.ch\/de\/wp-json\/wp\/v2\/product\/18685","targetHints":{"allow":["GET"]}}],"collection":[{"href":"https:\/\/greenkingdom.ch\/de\/wp-json\/wp\/v2\/product"}],"about":[{"href":"https:\/\/greenkingdom.ch\/de\/wp-json\/wp\/v2\/types\/product"}],"replies":[{"embeddable":true,"href":"https:\/\/greenkingdom.ch\/de\/wp-json\/wp\/v2\/comments?post=18685"}],"version-history":[{"count":0,"href":"https:\/\/greenkingdom.ch\/de\/wp-json\/wp\/v2\/product\/18685\/revisions"}],"wp:featuredmedia":[{"embeddable":true,"href":"https:\/\/greenkingdom.ch\/de\/wp-json\/wp\/v2\/media\/9406"}],"wp:attachment":[{"href":"https:\/\/greenkingdom.ch\/de\/wp-json\/wp\/v2\/media?parent=18685"}],"wp:term":[{"taxonomy":"product_brand","embeddable":true,"href":"https:\/\/greenkingdom.ch\/de\/wp-json\/wp\/v2\/product_brand?post=18685"},{"taxonomy":"product_cat","embeddable":true,"href":"https:\/\/greenkingdom.ch\/de\/wp-json\/wp\/v2\/product_cat?post=18685"},{"taxonomy":"product_tag","embeddable":true,"href":"https:\/\/greenkingdom.ch\/de\/wp-json\/wp\/v2\/product_tag?post=18685"}],"curies":[{"name":"wp","href":"https:\/\/api.w.org\/{rel}","templated":true}]}}