{"id":18693,"date":"2024-10-11T16:39:42","date_gmt":"2024-10-11T14:39:42","guid":{"rendered":"https:\/\/greenkingdom.ch\/product\/aluminium-grinder-pink-4-teile-50mm\/"},"modified":"2024-10-11T16:39:42","modified_gmt":"2024-10-11T14:39:42","slug":"aluminium-grinder-pink-4-teile-50mm","status":"publish","type":"product","link":"https:\/\/greenkingdom.ch\/de\/produkt\/aluminium-grinder-pink-4-teile-50mm\/","title":{"rendered":"Aluminium Grinder Pink 4 Teile 50mm"},"content":{"rendered":"<p>Entdecken Sie unseren hervorragenden 4-teiligen Aluminium-Aktenvernichter! Diese M\u00fchle ist mit einem starken Magneten ausgestattet, um den Deckel an Ort und Stelle zu halten, und ist mit 27 scharfen Rotorbl\u00e4ttern ausgestattet, die Ihr Gr\u00fcn im Handumdrehen zerkleinern. Dar\u00fcber hinaus verf\u00fcgt es \u00fcber ein feines Pollensieb, einen Schaber und einen Reiniger f\u00fcr eine bequeme Anwendung. Das abgerundete Bodenfach sammelt Pollen, ohne dass sie in den Ecken stecken bleiben. Um ihn in Topform zu halten, verwenden Sie Alkohol oder einen speziellen Reiniger f\u00fcr Aluminium-Grinder. Lassen Sie sich diesen elegant gestalteten Aktenvernichter nicht entgehen! Eigenschaften:<br \/>\n&#8211; Material: Aluminium<br \/>\n&#8211; Aufbau: 4 St\u00fcck<br \/>\n&#8211; Durchmesser: 50mm<br \/>\n&#8211; H\u00f6he: 40mm<br \/>\n&#8211; Mechanismus: Rotorbl\u00e4tter<br \/>\n&#8211; Zubeh\u00f6r: 2 Schaber EAN-Referenz: 0702639861341     <\/p>\n","protected":false},"excerpt":{"rendered":"<p>Entdecken Sie unseren hervorragenden 4-teiligen Aluminium-Aktenvernichter! Diese M\u00fchle ist mit einem starken Magneten ausgestattet, um den Deckel an Ort und Stelle zu halten, und ist mit 27 scharfen Rotorbl\u00e4ttern ausgestattet, die Ihr Gr\u00fcn im Handumdrehen zerkleinern. Dar\u00fcber hinaus verf\u00fcgt es \u00fcber ein feines Pollensieb, einen Schaber und einen Reiniger f\u00fcr eine bequeme Anwendung. Das abgerundete [&hellip;]<\/p>\n","protected":false},"featured_media":9391,"comment_status":"open","ping_status":"closed","template":"","meta":{"_seopress_robots_primary_cat":"","_seopress_titles_title":"","_seopress_titles_desc":"","_seopress_robots_index":""},"product_brand":[],"product_cat":[661],"product_tag":[],"class_list":{"0":"post-18693","1":"product","2":"type-product","3":"status-publish","4":"has-post-thumbnail","6":"product_cat-grinder","9":"instock","10":"taxable","11":"shipping-taxable","12":"purchasable","13":"product-type-simple","14":"product-grid-view"},"_links":{"self":[{"href":"https:\/\/greenkingdom.ch\/de\/wp-json\/wp\/v2\/product\/18693","targetHints":{"allow":["GET"]}}],"collection":[{"href":"https:\/\/greenkingdom.ch\/de\/wp-json\/wp\/v2\/product"}],"about":[{"href":"https:\/\/greenkingdom.ch\/de\/wp-json\/wp\/v2\/types\/product"}],"replies":[{"embeddable":true,"href":"https:\/\/greenkingdom.ch\/de\/wp-json\/wp\/v2\/comments?post=18693"}],"version-history":[{"count":0,"href":"https:\/\/greenkingdom.ch\/de\/wp-json\/wp\/v2\/product\/18693\/revisions"}],"wp:featuredmedia":[{"embeddable":true,"href":"https:\/\/greenkingdom.ch\/de\/wp-json\/wp\/v2\/media\/9391"}],"wp:attachment":[{"href":"https:\/\/greenkingdom.ch\/de\/wp-json\/wp\/v2\/media?parent=18693"}],"wp:term":[{"taxonomy":"product_brand","embeddable":true,"href":"https:\/\/greenkingdom.ch\/de\/wp-json\/wp\/v2\/product_brand?post=18693"},{"taxonomy":"product_cat","embeddable":true,"href":"https:\/\/greenkingdom.ch\/de\/wp-json\/wp\/v2\/product_cat?post=18693"},{"taxonomy":"product_tag","embeddable":true,"href":"https:\/\/greenkingdom.ch\/de\/wp-json\/wp\/v2\/product_tag?post=18693"}],"curies":[{"name":"wp","href":"https:\/\/api.w.org\/{rel}","templated":true}]}}