{"id":18701,"date":"2024-10-11T16:39:43","date_gmt":"2024-10-11T14:39:43","guid":{"rendered":"https:\/\/greenkingdom.ch\/product\/on-balance-tuff-balance-1000x0-1g-gruen\/"},"modified":"2024-10-11T16:39:43","modified_gmt":"2024-10-11T14:39:43","slug":"on-balance-tuff-balance-1000x0-1g-gruen","status":"publish","type":"product","link":"https:\/\/greenkingdom.ch\/de\/produkt\/on-balance-tuff-balance-1000x0-1g-gruen\/","title":{"rendered":"On Balance Tuff-Balance 1000&#215;0.1g Gr\u00fcn"},"content":{"rendered":"<p>Entdecken Sie die digitale Waage Tuff-Weigh On Balance, einen zuverl\u00e4ssigen und robusten Begleiter f\u00fcr all Ihre heiklen W\u00e4gungen. Mit einer sto\u00dfd\u00e4mpfenden Gummibeschichtung ist diese schlanke Waage so konzipiert, dass sie allt\u00e4glichen Unf\u00e4llen standh\u00e4lt, ohne die Genauigkeit zu beeintr\u00e4chtigen. Dank seines innovativen magnetischen Designs ist es gut gegen St\u00fcrze und Besch\u00e4digungen gesch\u00fctzt. Die Tuff-Waage kann bis zu 1000 g in Schritten von 0,1 g wiegen und ist dabei au\u00dfergew\u00f6hnlich zuverl\u00e4ssig. Seine kompakte Gr\u00f6\u00dfe und die gro\u00dfz\u00fcgige Wiegefl\u00e4che machen ihn zu einem praktischen Werkzeug f\u00fcr alle Ihre Messungen. Ausgestattet mit wesentlichen Funktionen wie \u00dcberlastschutz, Tara-Funktion und automatischer Abschaltung ist die Tuff-Waage ebenso komfortabel wie pr\u00e4zise. Sie werden die Vielseitigkeit dieser Waage zu sch\u00e4tzen wissen, mit der M\u00f6glichkeit, den Deckel als zus\u00e4tzliche Waagschale zu verwenden. Geliefert mit einer Bedienungsanleitung in 5 Sprachen und zwei AAA-Batterien, ist die Tuff-Waage bereit, Sie bei all Ihren W\u00e4geaufgaben zu begleiten. EAN-Referenz: 5060347971291.  <\/p>\n","protected":false},"excerpt":{"rendered":"<p>Entdecken Sie die digitale Waage Tuff-Weigh On Balance, einen zuverl\u00e4ssigen und robusten Begleiter f\u00fcr all Ihre heiklen W\u00e4gungen. Mit einer sto\u00dfd\u00e4mpfenden Gummibeschichtung ist diese schlanke Waage so konzipiert, dass sie allt\u00e4glichen Unf\u00e4llen standh\u00e4lt, ohne die Genauigkeit zu beeintr\u00e4chtigen. Dank seines innovativen magnetischen Designs ist es gut gegen St\u00fcrze und Besch\u00e4digungen gesch\u00fctzt. Die Tuff-Waage kann bis [&hellip;]<\/p>\n","protected":false},"featured_media":9433,"comment_status":"open","ping_status":"closed","template":"","meta":{"_seopress_robots_primary_cat":"","_seopress_titles_title":"","_seopress_titles_desc":"","_seopress_robots_index":""},"product_brand":[],"product_cat":[643],"product_tag":[],"class_list":{"0":"post-18701","1":"product","2":"type-product","3":"status-publish","4":"has-post-thumbnail","6":"product_cat-waagen","9":"instock","10":"taxable","11":"shipping-taxable","12":"purchasable","13":"product-type-simple","14":"product-grid-view"},"_links":{"self":[{"href":"https:\/\/greenkingdom.ch\/de\/wp-json\/wp\/v2\/product\/18701","targetHints":{"allow":["GET"]}}],"collection":[{"href":"https:\/\/greenkingdom.ch\/de\/wp-json\/wp\/v2\/product"}],"about":[{"href":"https:\/\/greenkingdom.ch\/de\/wp-json\/wp\/v2\/types\/product"}],"replies":[{"embeddable":true,"href":"https:\/\/greenkingdom.ch\/de\/wp-json\/wp\/v2\/comments?post=18701"}],"version-history":[{"count":0,"href":"https:\/\/greenkingdom.ch\/de\/wp-json\/wp\/v2\/product\/18701\/revisions"}],"wp:featuredmedia":[{"embeddable":true,"href":"https:\/\/greenkingdom.ch\/de\/wp-json\/wp\/v2\/media\/9433"}],"wp:attachment":[{"href":"https:\/\/greenkingdom.ch\/de\/wp-json\/wp\/v2\/media?parent=18701"}],"wp:term":[{"taxonomy":"product_brand","embeddable":true,"href":"https:\/\/greenkingdom.ch\/de\/wp-json\/wp\/v2\/product_brand?post=18701"},{"taxonomy":"product_cat","embeddable":true,"href":"https:\/\/greenkingdom.ch\/de\/wp-json\/wp\/v2\/product_cat?post=18701"},{"taxonomy":"product_tag","embeddable":true,"href":"https:\/\/greenkingdom.ch\/de\/wp-json\/wp\/v2\/product_tag?post=18701"}],"curies":[{"name":"wp","href":"https:\/\/api.w.org\/{rel}","templated":true}]}}