{"id":18707,"date":"2024-10-11T16:39:43","date_gmt":"2024-10-11T14:39:43","guid":{"rendered":"https:\/\/greenkingdom.ch\/product\/on-balance-tuff-balance-100x0-01g-orange\/"},"modified":"2024-10-11T16:39:43","modified_gmt":"2024-10-11T14:39:43","slug":"on-balance-tuff-balance-100x0-01g-orange","status":"publish","type":"product","link":"https:\/\/greenkingdom.ch\/de\/produkt\/on-balance-tuff-balance-100x0-01g-orange\/","title":{"rendered":"On Balance Tuff-Balance 100&#215;0.01g Orange"},"content":{"rendered":"<p>Entdecken Sie die digitale Waage Tuff-Weigh On Balance, einen zuverl\u00e4ssigen Begleiter f\u00fcr Ihre W\u00e4geanforderungen. Seine robuste Bauweise mit einem sto\u00dfd\u00e4mpfenden Hartgummi sorgt f\u00fcr genaue Messungen auch im Falle eines Sturzes. Ausgestattet mit einem Magneten f\u00fcr zus\u00e4tzlichen Schutz h\u00e4lt diese schlanke Waage kleinen Unf\u00e4llen im Alltag stand. Mit einem Gewicht von bis zu 100 g und einer Genauigkeit von 0,01 g liefert Ihnen die Tuff-Waage zuverl\u00e4ssige und genaue Messungen. Seine gro\u00dfz\u00fcgige Waagschale und die eingebauten Funktionen wie \u00dcberlastschutz und automatische Abschaltung machen ihn zu einem unverzichtbaren Werkzeug f\u00fcr Ihre W\u00e4geanforderungen. Dieses Produkt ist leicht und kompakt und wird mit einem 5-sprachigen Benutzerhandbuch und zwei AAA-Batterien geliefert. Lassen Sie sich diese praktische und vielseitige Waage nicht entgehen.  <\/p>\n","protected":false},"excerpt":{"rendered":"<p>Entdecken Sie die digitale Waage Tuff-Weigh On Balance, einen zuverl\u00e4ssigen Begleiter f\u00fcr Ihre W\u00e4geanforderungen. Seine robuste Bauweise mit einem sto\u00dfd\u00e4mpfenden Hartgummi sorgt f\u00fcr genaue Messungen auch im Falle eines Sturzes. Ausgestattet mit einem Magneten f\u00fcr zus\u00e4tzlichen Schutz h\u00e4lt diese schlanke Waage kleinen Unf\u00e4llen im Alltag stand. Mit einem Gewicht von bis zu 100 g und [&hellip;]<\/p>\n","protected":false},"featured_media":9424,"comment_status":"open","ping_status":"closed","template":"","meta":{"_seopress_robots_primary_cat":"","_seopress_titles_title":"","_seopress_titles_desc":"","_seopress_robots_index":""},"product_brand":[],"product_cat":[643],"product_tag":[],"class_list":{"0":"post-18707","1":"product","2":"type-product","3":"status-publish","4":"has-post-thumbnail","6":"product_cat-waagen","9":"instock","10":"taxable","11":"shipping-taxable","12":"purchasable","13":"product-type-simple","14":"product-grid-view"},"_links":{"self":[{"href":"https:\/\/greenkingdom.ch\/de\/wp-json\/wp\/v2\/product\/18707","targetHints":{"allow":["GET"]}}],"collection":[{"href":"https:\/\/greenkingdom.ch\/de\/wp-json\/wp\/v2\/product"}],"about":[{"href":"https:\/\/greenkingdom.ch\/de\/wp-json\/wp\/v2\/types\/product"}],"replies":[{"embeddable":true,"href":"https:\/\/greenkingdom.ch\/de\/wp-json\/wp\/v2\/comments?post=18707"}],"version-history":[{"count":0,"href":"https:\/\/greenkingdom.ch\/de\/wp-json\/wp\/v2\/product\/18707\/revisions"}],"wp:featuredmedia":[{"embeddable":true,"href":"https:\/\/greenkingdom.ch\/de\/wp-json\/wp\/v2\/media\/9424"}],"wp:attachment":[{"href":"https:\/\/greenkingdom.ch\/de\/wp-json\/wp\/v2\/media?parent=18707"}],"wp:term":[{"taxonomy":"product_brand","embeddable":true,"href":"https:\/\/greenkingdom.ch\/de\/wp-json\/wp\/v2\/product_brand?post=18707"},{"taxonomy":"product_cat","embeddable":true,"href":"https:\/\/greenkingdom.ch\/de\/wp-json\/wp\/v2\/product_cat?post=18707"},{"taxonomy":"product_tag","embeddable":true,"href":"https:\/\/greenkingdom.ch\/de\/wp-json\/wp\/v2\/product_tag?post=18707"}],"curies":[{"name":"wp","href":"https:\/\/api.w.org\/{rel}","templated":true}]}}