{"id":18714,"date":"2024-10-11T16:39:44","date_gmt":"2024-10-11T14:39:44","guid":{"rendered":"https:\/\/greenkingdom.ch\/product\/kenex-magno-500\/"},"modified":"2024-10-11T16:39:44","modified_gmt":"2024-10-11T14:39:44","slug":"kenex-magno-500","status":"publish","type":"product","link":"https:\/\/greenkingdom.ch\/de\/produkt\/kenex-magno-500\/","title":{"rendered":"Kenex Magno 500"},"content":{"rendered":"<p>Kenex Magno Die elektronische Waage Kenex Magno bietet Ihnen erweiterte Funktionen f\u00fcr eine optimale W\u00e4gegenauigkeit: &#8211; W\u00e4gekapazit\u00e4t: 500 g<br \/>\n&#8211; Genauigkeit: +\/- 0,01 g<br \/>\n&#8211; W\u00e4geeinheiten: g, oz, ozt, dwt<br \/>\n&#8211; Tara-Funktion f\u00fcr genauere<br \/>\n Messung- Automatische Abschaltung nach 60 Sekunden Inaktivit\u00e4t<br \/>\n&#8211; Hintergrundbeleuchtetes LCD-Display f\u00fcr einfaches<br \/>\n Ablesen- Angetrieben von 2 x AAA-Batterien Pflegen Sie Ihre elektronische Waage, um ihre Langlebigkeit und Genauigkeit zu gew\u00e4hrleisten. Vermeiden Sie \u00dcberlastungen, extreme Temperaturen und ungeeignete Betriebsbedingungen. Gehen Sie vorsichtig damit um, um den internen Sensor zu schonen. Diese Waage ist einfach zu bedienen und das ideale Werkzeug f\u00fcr Ihre t\u00e4glichen Anforderungen an genaues Wiegen. Profitieren Sie von der Kenex Magno-Qualit\u00e4t f\u00fcr zuverl\u00e4ssige und genaue Messungen. EAN-Code: 5060240030538<\/p>\n","protected":false},"excerpt":{"rendered":"<p>Kenex Magno Die elektronische Waage Kenex Magno bietet Ihnen erweiterte Funktionen f\u00fcr eine optimale W\u00e4gegenauigkeit: &#8211; W\u00e4gekapazit\u00e4t: 500 g &#8211; Genauigkeit: +\/- 0,01 g &#8211; W\u00e4geeinheiten: g, oz, ozt, dwt &#8211; Tara-Funktion f\u00fcr genauere Messung- Automatische Abschaltung nach 60 Sekunden Inaktivit\u00e4t &#8211; Hintergrundbeleuchtetes LCD-Display f\u00fcr einfaches Ablesen- Angetrieben von 2 x AAA-Batterien Pflegen Sie Ihre [&hellip;]<\/p>\n","protected":false},"featured_media":9454,"comment_status":"open","ping_status":"closed","template":"","meta":{"_seopress_robots_primary_cat":"","_seopress_titles_title":"","_seopress_titles_desc":"","_seopress_robots_index":""},"product_brand":[],"product_cat":[643],"product_tag":[],"class_list":{"0":"post-18714","1":"product","2":"type-product","3":"status-publish","4":"has-post-thumbnail","6":"product_cat-waagen","9":"instock","10":"taxable","11":"shipping-taxable","12":"purchasable","13":"product-type-simple","14":"product-grid-view"},"_links":{"self":[{"href":"https:\/\/greenkingdom.ch\/de\/wp-json\/wp\/v2\/product\/18714","targetHints":{"allow":["GET"]}}],"collection":[{"href":"https:\/\/greenkingdom.ch\/de\/wp-json\/wp\/v2\/product"}],"about":[{"href":"https:\/\/greenkingdom.ch\/de\/wp-json\/wp\/v2\/types\/product"}],"replies":[{"embeddable":true,"href":"https:\/\/greenkingdom.ch\/de\/wp-json\/wp\/v2\/comments?post=18714"}],"version-history":[{"count":0,"href":"https:\/\/greenkingdom.ch\/de\/wp-json\/wp\/v2\/product\/18714\/revisions"}],"wp:featuredmedia":[{"embeddable":true,"href":"https:\/\/greenkingdom.ch\/de\/wp-json\/wp\/v2\/media\/9454"}],"wp:attachment":[{"href":"https:\/\/greenkingdom.ch\/de\/wp-json\/wp\/v2\/media?parent=18714"}],"wp:term":[{"taxonomy":"product_brand","embeddable":true,"href":"https:\/\/greenkingdom.ch\/de\/wp-json\/wp\/v2\/product_brand?post=18714"},{"taxonomy":"product_cat","embeddable":true,"href":"https:\/\/greenkingdom.ch\/de\/wp-json\/wp\/v2\/product_cat?post=18714"},{"taxonomy":"product_tag","embeddable":true,"href":"https:\/\/greenkingdom.ch\/de\/wp-json\/wp\/v2\/product_tag?post=18714"}],"curies":[{"name":"wp","href":"https:\/\/api.w.org\/{rel}","templated":true}]}}