{"id":18719,"date":"2024-10-11T16:39:44","date_gmt":"2024-10-11T14:39:44","guid":{"rendered":"https:\/\/greenkingdom.ch\/product\/js-150v-150g-x-0-1g\/"},"modified":"2024-10-11T16:39:44","modified_gmt":"2024-10-11T14:39:44","slug":"js-150v-150g-x-0-1g","status":"publish","type":"product","link":"https:\/\/greenkingdom.ch\/de\/produkt\/js-150v-150g-x-0-1g\/","title":{"rendered":"JS-150V 150g x 0.1g"},"content":{"rendered":"<p>Entdecken Sie unsere hochwertige Waage zu einem g\u00fcnstigen Preis! Batterien (3x AAA) f\u00fcr den sofortigen Einsatz sind im Lieferumfang enthalten. Durch sein schickes und kompaktes Design passt er problemlos in Ihre Tasche. Das rot hinterleuchtete Display erm\u00f6glicht es Ihnen, auch im Dunkeln genau zu wiegen. Ausgestattet mit Tara- und Nullfunktionen, automatischer Abschaltung und einem \u00fcbersichtlichen, gut ablesbaren 6-stelligen LCD-Display. W\u00e4hlen Sie aus 3 verschiedenen W\u00e4geeinheiten: Gramm, Unzen, Pennyweight. Diese Waage ist einfach zu bedienen und verf\u00fcgt \u00fcber eine Z\u00e4hlfunktion. Er kann bis zu 150 Gramm wiegen und eine Genauigkeit von 0,1 g haben. Genie\u00dfen Sie Qualit\u00e4t zu einem erschwinglichen Preis! Ungef\u00e4hre Ma\u00dfe: 13 x 8 cm. 20 Jahre Werksgarantie. EAN-Code: 016165123904.           <\/p>\n","protected":false},"excerpt":{"rendered":"<p>Entdecken Sie unsere hochwertige Waage zu einem g\u00fcnstigen Preis! Batterien (3x AAA) f\u00fcr den sofortigen Einsatz sind im Lieferumfang enthalten. Durch sein schickes und kompaktes Design passt er problemlos in Ihre Tasche. Das rot hinterleuchtete Display erm\u00f6glicht es Ihnen, auch im Dunkeln genau zu wiegen. Ausgestattet mit Tara- und Nullfunktionen, automatischer Abschaltung und einem \u00fcbersichtlichen, [&hellip;]<\/p>\n","protected":false},"featured_media":9460,"comment_status":"open","ping_status":"closed","template":"","meta":{"_seopress_robots_primary_cat":"","_seopress_titles_title":"","_seopress_titles_desc":"","_seopress_robots_index":""},"product_brand":[],"product_cat":[643],"product_tag":[],"class_list":{"0":"post-18719","1":"product","2":"type-product","3":"status-publish","4":"has-post-thumbnail","6":"product_cat-waagen","9":"instock","10":"taxable","11":"shipping-taxable","12":"purchasable","13":"product-type-simple","14":"product-grid-view"},"_links":{"self":[{"href":"https:\/\/greenkingdom.ch\/de\/wp-json\/wp\/v2\/product\/18719","targetHints":{"allow":["GET"]}}],"collection":[{"href":"https:\/\/greenkingdom.ch\/de\/wp-json\/wp\/v2\/product"}],"about":[{"href":"https:\/\/greenkingdom.ch\/de\/wp-json\/wp\/v2\/types\/product"}],"replies":[{"embeddable":true,"href":"https:\/\/greenkingdom.ch\/de\/wp-json\/wp\/v2\/comments?post=18719"}],"version-history":[{"count":0,"href":"https:\/\/greenkingdom.ch\/de\/wp-json\/wp\/v2\/product\/18719\/revisions"}],"wp:featuredmedia":[{"embeddable":true,"href":"https:\/\/greenkingdom.ch\/de\/wp-json\/wp\/v2\/media\/9460"}],"wp:attachment":[{"href":"https:\/\/greenkingdom.ch\/de\/wp-json\/wp\/v2\/media?parent=18719"}],"wp:term":[{"taxonomy":"product_brand","embeddable":true,"href":"https:\/\/greenkingdom.ch\/de\/wp-json\/wp\/v2\/product_brand?post=18719"},{"taxonomy":"product_cat","embeddable":true,"href":"https:\/\/greenkingdom.ch\/de\/wp-json\/wp\/v2\/product_cat?post=18719"},{"taxonomy":"product_tag","embeddable":true,"href":"https:\/\/greenkingdom.ch\/de\/wp-json\/wp\/v2\/product_tag?post=18719"}],"curies":[{"name":"wp","href":"https:\/\/api.w.org\/{rel}","templated":true}]}}