{"id":18723,"date":"2024-10-11T16:40:06","date_gmt":"2024-10-11T14:40:06","guid":{"rendered":"https:\/\/greenkingdom.ch\/product\/kenex-simplex-600-x-01g\/"},"modified":"2024-10-11T16:40:06","modified_gmt":"2024-10-11T14:40:06","slug":"kenex-simplex-600-x-01g","status":"publish","type":"product","link":"https:\/\/greenkingdom.ch\/de\/produkt\/kenex-simplex-600-x-01g\/","title":{"rendered":"Kenex Simplex 600 x 0,1g"},"content":{"rendered":"<p>Entdecken Sie die Kenex Simplex 600 x 0,1 g Buchstabenwaage, ein pr\u00e4zises und vielseitiges Werkzeug f\u00fcr Ihre W\u00e4geanforderungen. Mit einer maximalen Kapazit\u00e4t von 600 g und einer Lesegenauigkeit von 0,1 g ist diese Buchstabenwaage ideal f\u00fcr das Wiegen in Gramm, Unzen, Karat, Pennyweights und Denier. Das hintergrundbeleuchtete LCD-Display macht es unter allen Bedingungen gut ablesbar. Au\u00dferdem sind zwei AAA-Batterien f\u00fcr den sofortigen Einsatz im Lieferumfang enthalten. Nutzen Sie auch die Vorteile des \u00dcberlastschutzes f\u00fcr zuverl\u00e4ssige Messungen jedes Mal. Kommt mit einer Waagschale und einer Plattformabdeckung f\u00fcr eine bequeme und hygienische Verwendung. Verpassen Sie nicht die Gelegenheit, dieses hochwertige Ger\u00e4t zu erwerben! EAN: 5060240030187      <\/p>\n","protected":false},"excerpt":{"rendered":"<p>Entdecken Sie die Kenex Simplex 600 x 0,1 g Buchstabenwaage, ein pr\u00e4zises und vielseitiges Werkzeug f\u00fcr Ihre W\u00e4geanforderungen. Mit einer maximalen Kapazit\u00e4t von 600 g und einer Lesegenauigkeit von 0,1 g ist diese Buchstabenwaage ideal f\u00fcr das Wiegen in Gramm, Unzen, Karat, Pennyweights und Denier. Das hintergrundbeleuchtete LCD-Display macht es unter allen Bedingungen gut ablesbar. [&hellip;]<\/p>\n","protected":false},"featured_media":9472,"comment_status":"open","ping_status":"closed","template":"","meta":{"_seopress_robots_primary_cat":"","_seopress_titles_title":"","_seopress_titles_desc":"","_seopress_robots_index":""},"product_brand":[],"product_cat":[643],"product_tag":[],"class_list":{"0":"post-18723","1":"product","2":"type-product","3":"status-publish","4":"has-post-thumbnail","6":"product_cat-waagen","9":"instock","10":"taxable","11":"shipping-taxable","12":"purchasable","13":"product-type-simple","14":"product-grid-view"},"_links":{"self":[{"href":"https:\/\/greenkingdom.ch\/de\/wp-json\/wp\/v2\/product\/18723","targetHints":{"allow":["GET"]}}],"collection":[{"href":"https:\/\/greenkingdom.ch\/de\/wp-json\/wp\/v2\/product"}],"about":[{"href":"https:\/\/greenkingdom.ch\/de\/wp-json\/wp\/v2\/types\/product"}],"replies":[{"embeddable":true,"href":"https:\/\/greenkingdom.ch\/de\/wp-json\/wp\/v2\/comments?post=18723"}],"version-history":[{"count":0,"href":"https:\/\/greenkingdom.ch\/de\/wp-json\/wp\/v2\/product\/18723\/revisions"}],"wp:featuredmedia":[{"embeddable":true,"href":"https:\/\/greenkingdom.ch\/de\/wp-json\/wp\/v2\/media\/9472"}],"wp:attachment":[{"href":"https:\/\/greenkingdom.ch\/de\/wp-json\/wp\/v2\/media?parent=18723"}],"wp:term":[{"taxonomy":"product_brand","embeddable":true,"href":"https:\/\/greenkingdom.ch\/de\/wp-json\/wp\/v2\/product_brand?post=18723"},{"taxonomy":"product_cat","embeddable":true,"href":"https:\/\/greenkingdom.ch\/de\/wp-json\/wp\/v2\/product_cat?post=18723"},{"taxonomy":"product_tag","embeddable":true,"href":"https:\/\/greenkingdom.ch\/de\/wp-json\/wp\/v2\/product_tag?post=18723"}],"curies":[{"name":"wp","href":"https:\/\/api.w.org\/{rel}","templated":true}]}}