{"id":18731,"date":"2024-10-11T16:40:07","date_gmt":"2024-10-11T14:40:07","guid":{"rendered":"https:\/\/greenkingdom.ch\/product\/clipper-4er-laechelnde-tiere-900-903\/"},"modified":"2024-10-11T16:40:07","modified_gmt":"2024-10-11T14:40:07","slug":"clipper-4er-laechelnde-tiere-900-903","status":"publish","type":"product","link":"https:\/\/greenkingdom.ch\/de\/produkt\/clipper-4er-laechelnde-tiere-900-903\/","title":{"rendered":"Clipper 4er L\u00e4chelnde Tiere 900-903"},"content":{"rendered":"<p>Entdecken Sie das Clipper Feuerzeug &#8211; viel mehr als nur ein Feuerzeug! CLIPPER-Feuerzeuge\u00ae geh\u00f6ren zu den beliebtesten der Welt, und das aus gutem Grund! Mit einem abnehmbaren Z\u00fcndstift und einer kippbaren Flamme sind sie das Kultwerkzeug der Raucher. Dieses Feuerzeug ist nach internationalen Standards zertifiziert und verf\u00fcgt \u00fcber einen bruchsicheren und schwer entflammbaren Nylonk\u00f6rper. Seine selbstregulierende Flamme bietet Ihnen bis zu 3.000 Z\u00fcndungen, nachf\u00fcllbar mit Gas und Feuerstein. G\u00f6nnen Sie sich ein Clipper-Feuerzeug in einem einzigartigen Design, das zu Ihrem Stil passt!<\/p>\n","protected":false},"excerpt":{"rendered":"<p>Entdecken Sie das Clipper Feuerzeug &#8211; viel mehr als nur ein Feuerzeug! CLIPPER-Feuerzeuge\u00ae geh\u00f6ren zu den beliebtesten der Welt, und das aus gutem Grund! Mit einem abnehmbaren Z\u00fcndstift und einer kippbaren Flamme sind sie das Kultwerkzeug der Raucher. Dieses Feuerzeug ist nach internationalen Standards zertifiziert und verf\u00fcgt \u00fcber einen bruchsicheren und schwer entflammbaren Nylonk\u00f6rper. Seine [&hellip;]<\/p>\n","protected":false},"featured_media":9508,"comment_status":"open","ping_status":"closed","template":"","meta":{"_seopress_robots_primary_cat":"","_seopress_titles_title":"","_seopress_titles_desc":"","_seopress_robots_index":""},"product_brand":[],"product_cat":[646],"product_tag":[],"class_list":{"0":"post-18731","1":"product","2":"type-product","3":"status-publish","4":"has-post-thumbnail","6":"product_cat-feuerzeuge","9":"instock","10":"taxable","11":"shipping-taxable","12":"purchasable","13":"product-type-simple","14":"product-grid-view"},"_links":{"self":[{"href":"https:\/\/greenkingdom.ch\/de\/wp-json\/wp\/v2\/product\/18731","targetHints":{"allow":["GET"]}}],"collection":[{"href":"https:\/\/greenkingdom.ch\/de\/wp-json\/wp\/v2\/product"}],"about":[{"href":"https:\/\/greenkingdom.ch\/de\/wp-json\/wp\/v2\/types\/product"}],"replies":[{"embeddable":true,"href":"https:\/\/greenkingdom.ch\/de\/wp-json\/wp\/v2\/comments?post=18731"}],"version-history":[{"count":0,"href":"https:\/\/greenkingdom.ch\/de\/wp-json\/wp\/v2\/product\/18731\/revisions"}],"wp:featuredmedia":[{"embeddable":true,"href":"https:\/\/greenkingdom.ch\/de\/wp-json\/wp\/v2\/media\/9508"}],"wp:attachment":[{"href":"https:\/\/greenkingdom.ch\/de\/wp-json\/wp\/v2\/media?parent=18731"}],"wp:term":[{"taxonomy":"product_brand","embeddable":true,"href":"https:\/\/greenkingdom.ch\/de\/wp-json\/wp\/v2\/product_brand?post=18731"},{"taxonomy":"product_cat","embeddable":true,"href":"https:\/\/greenkingdom.ch\/de\/wp-json\/wp\/v2\/product_cat?post=18731"},{"taxonomy":"product_tag","embeddable":true,"href":"https:\/\/greenkingdom.ch\/de\/wp-json\/wp\/v2\/product_tag?post=18731"}],"curies":[{"name":"wp","href":"https:\/\/api.w.org\/{rel}","templated":true}]}}