{"id":18736,"date":"2024-10-11T16:40:07","date_gmt":"2024-10-11T14:40:07","guid":{"rendered":"https:\/\/greenkingdom.ch\/product\/clipper-icy-blau-silber-glaenzend-icy\/"},"modified":"2024-10-11T16:40:07","modified_gmt":"2024-10-11T14:40:07","slug":"clipper-icy-blau-silber-glaenzend-icy","status":"publish","type":"product","link":"https:\/\/greenkingdom.ch\/de\/produkt\/clipper-icy-blau-silber-glaenzend-icy\/","title":{"rendered":"Clipper Icy &#8211; Blau\/Silber Gl\u00e4nzend Icy"},"content":{"rendered":"<p>Lernen Sie das neue Icy Clipper Feuerzeug kennen, ein robustes Metallzubeh\u00f6r mit Reibradz\u00fcndung f\u00fcr eine lange Lebensdauer! Nachf\u00fcllbar mit Gas f\u00fcr Standard-Feuerzeuge, ist dieses edle und schwere Feuerzeug ein Must-Have der Marke Clipper. Es wird mit einer stilvollen Aufbewahrungsbox aus goldenem Aluminium geliefert, um es sicher aufzubewahren. Clipper-Feuerzeuge\u00ae sind viel mehr als nur ein Feuerzeug, sie sind Kultobjekte, die auf der ganzen Welt gesch\u00e4tzt werden. Zertifiziert nach ISO 9994 und mit einem Kindersicherungssystem nach EN 13869 ist dieses Feuerzeug in vielen verschiedenen Ausf\u00fchrungen erh\u00e4ltlich. Lassen Sie sich von seinem innovativen Design und seiner Alltagstauglichkeit verf\u00fchren! EAN-Code: 8412765700545     <\/p>\n","protected":false},"excerpt":{"rendered":"<p>Lernen Sie das neue Icy Clipper Feuerzeug kennen, ein robustes Metallzubeh\u00f6r mit Reibradz\u00fcndung f\u00fcr eine lange Lebensdauer! Nachf\u00fcllbar mit Gas f\u00fcr Standard-Feuerzeuge, ist dieses edle und schwere Feuerzeug ein Must-Have der Marke Clipper. Es wird mit einer stilvollen Aufbewahrungsbox aus goldenem Aluminium geliefert, um es sicher aufzubewahren. Clipper-Feuerzeuge\u00ae sind viel mehr als nur ein Feuerzeug, [&hellip;]<\/p>\n","protected":false},"featured_media":9498,"comment_status":"open","ping_status":"closed","template":"","meta":{"_seopress_robots_primary_cat":"","_seopress_titles_title":"","_seopress_titles_desc":"","_seopress_robots_index":""},"product_brand":[],"product_cat":[646],"product_tag":[],"class_list":{"0":"post-18736","1":"product","2":"type-product","3":"status-publish","4":"has-post-thumbnail","6":"product_cat-feuerzeuge","9":"instock","10":"taxable","11":"shipping-taxable","12":"purchasable","13":"product-type-simple","14":"product-grid-view"},"_links":{"self":[{"href":"https:\/\/greenkingdom.ch\/de\/wp-json\/wp\/v2\/product\/18736","targetHints":{"allow":["GET"]}}],"collection":[{"href":"https:\/\/greenkingdom.ch\/de\/wp-json\/wp\/v2\/product"}],"about":[{"href":"https:\/\/greenkingdom.ch\/de\/wp-json\/wp\/v2\/types\/product"}],"replies":[{"embeddable":true,"href":"https:\/\/greenkingdom.ch\/de\/wp-json\/wp\/v2\/comments?post=18736"}],"version-history":[{"count":0,"href":"https:\/\/greenkingdom.ch\/de\/wp-json\/wp\/v2\/product\/18736\/revisions"}],"wp:featuredmedia":[{"embeddable":true,"href":"https:\/\/greenkingdom.ch\/de\/wp-json\/wp\/v2\/media\/9498"}],"wp:attachment":[{"href":"https:\/\/greenkingdom.ch\/de\/wp-json\/wp\/v2\/media?parent=18736"}],"wp:term":[{"taxonomy":"product_brand","embeddable":true,"href":"https:\/\/greenkingdom.ch\/de\/wp-json\/wp\/v2\/product_brand?post=18736"},{"taxonomy":"product_cat","embeddable":true,"href":"https:\/\/greenkingdom.ch\/de\/wp-json\/wp\/v2\/product_cat?post=18736"},{"taxonomy":"product_tag","embeddable":true,"href":"https:\/\/greenkingdom.ch\/de\/wp-json\/wp\/v2\/product_tag?post=18736"}],"curies":[{"name":"wp","href":"https:\/\/api.w.org\/{rel}","templated":true}]}}