{"id":18743,"date":"2024-10-11T16:40:07","date_gmt":"2024-10-11T14:40:07","guid":{"rendered":"https:\/\/greenkingdom.ch\/product\/clipper-metall-blattgold\/"},"modified":"2024-10-11T16:40:07","modified_gmt":"2024-10-11T14:40:07","slug":"clipper-metall-blattgold","status":"publish","type":"product","link":"https:\/\/greenkingdom.ch\/de\/produkt\/clipper-metall-blattgold\/","title":{"rendered":"Clipper Metall Blattgold"},"content":{"rendered":"<p>Entdecken Sie die Premium-Feuerzeuge aus der Metallkollektion von Clipper, die \u00fcber ein verstellbares Drehrad verf\u00fcgen, mit dem Sie die Flamme an Ihre Bed\u00fcrfnisse anpassen k\u00f6nnen. Sie eignen sich perfekt zum Anz\u00fcnden einer Vielzahl von Bongs und Pfeifen, sind dank ihres austauschbaren leichteren Steins und Stiels langlebig und k\u00f6nnen nachgef\u00fcllt werden. Das abnehmbare Multitool macht es zu einem idealen Zubeh\u00f6r f\u00fcr Ihre Rohre und Verbindungen. Mit ihrer sauberen Verarbeitung liegen diese Feuerzeuge aus Metall angenehm in der Hand. Verpackt in einer eleganten Geschenkbox aus Metall, werden diese Feuerzeuge in einem Thekendisplay mit 12 St\u00fcck pr\u00e4sentiert. Dar\u00fcber hinaus sind sie nach der Norm ISO 9994 zertifiziert, damit Sie sich keine Sorgen machen m\u00fcssen, und verf\u00fcgen \u00fcber eine Kindersicherung gem\u00e4\u00df der Norm EN 13869. Genie\u00dfen Sie die Qualit\u00e4t und den Stil, die dieses Clipper-Feuerzeugset aus Metall zu bieten hat. EAN: 8412765935725.       <\/p>\n","protected":false},"excerpt":{"rendered":"<p>Entdecken Sie die Premium-Feuerzeuge aus der Metallkollektion von Clipper, die \u00fcber ein verstellbares Drehrad verf\u00fcgen, mit dem Sie die Flamme an Ihre Bed\u00fcrfnisse anpassen k\u00f6nnen. Sie eignen sich perfekt zum Anz\u00fcnden einer Vielzahl von Bongs und Pfeifen, sind dank ihres austauschbaren leichteren Steins und Stiels langlebig und k\u00f6nnen nachgef\u00fcllt werden. Das abnehmbare Multitool macht es [&hellip;]<\/p>\n","protected":false},"featured_media":9490,"comment_status":"open","ping_status":"closed","template":"","meta":{"_seopress_robots_primary_cat":"","_seopress_titles_title":"","_seopress_titles_desc":"","_seopress_robots_index":""},"product_brand":[],"product_cat":[646],"product_tag":[],"class_list":{"0":"post-18743","1":"product","2":"type-product","3":"status-publish","4":"has-post-thumbnail","6":"product_cat-feuerzeuge","9":"instock","10":"taxable","11":"shipping-taxable","12":"purchasable","13":"product-type-simple","14":"product-grid-view"},"_links":{"self":[{"href":"https:\/\/greenkingdom.ch\/de\/wp-json\/wp\/v2\/product\/18743","targetHints":{"allow":["GET"]}}],"collection":[{"href":"https:\/\/greenkingdom.ch\/de\/wp-json\/wp\/v2\/product"}],"about":[{"href":"https:\/\/greenkingdom.ch\/de\/wp-json\/wp\/v2\/types\/product"}],"replies":[{"embeddable":true,"href":"https:\/\/greenkingdom.ch\/de\/wp-json\/wp\/v2\/comments?post=18743"}],"version-history":[{"count":0,"href":"https:\/\/greenkingdom.ch\/de\/wp-json\/wp\/v2\/product\/18743\/revisions"}],"wp:featuredmedia":[{"embeddable":true,"href":"https:\/\/greenkingdom.ch\/de\/wp-json\/wp\/v2\/media\/9490"}],"wp:attachment":[{"href":"https:\/\/greenkingdom.ch\/de\/wp-json\/wp\/v2\/media?parent=18743"}],"wp:term":[{"taxonomy":"product_brand","embeddable":true,"href":"https:\/\/greenkingdom.ch\/de\/wp-json\/wp\/v2\/product_brand?post=18743"},{"taxonomy":"product_cat","embeddable":true,"href":"https:\/\/greenkingdom.ch\/de\/wp-json\/wp\/v2\/product_cat?post=18743"},{"taxonomy":"product_tag","embeddable":true,"href":"https:\/\/greenkingdom.ch\/de\/wp-json\/wp\/v2\/product_tag?post=18743"}],"curies":[{"name":"wp","href":"https:\/\/api.w.org\/{rel}","templated":true}]}}