{"id":18765,"date":"2024-10-11T16:40:09","date_gmt":"2024-10-11T14:40:09","guid":{"rendered":"https:\/\/greenkingdom.ch\/product\/aschenbecher-alien-gruen-125cm\/"},"modified":"2024-10-11T16:40:09","modified_gmt":"2024-10-11T14:40:09","slug":"aschenbecher-alien-gruen-125cm","status":"publish","type":"product","link":"https:\/\/greenkingdom.ch\/de\/produkt\/aschenbecher-alien-gruen-125cm\/","title":{"rendered":"Aschenbecher Alien Gr\u00fcn 12,5cm"},"content":{"rendered":"<p>Lernen Sie den coolen Alien-Aschenbecher kennen &#8211; ein Must-Have f\u00fcr stilvolle Raucher! Hallo trendiger Raucher! Sind Sie es leid, nach einem Aschenbecher zu suchen, der einen Hauch von W\u00e4rme in Ihr Zuhause bringt? Suchen Sie nicht weiter &#8211; adoptieren Sie den Aschenbecher im Alien-Stil! Warum den Alien-Aschenbecher w\u00e4hlen? Es ist nicht nur ein Beh\u00e4lter f\u00fcr Ihre Zigaretten, es ist ein Stilstatement, ein Gespr\u00e4chsstarter, ein echtes Objekt der Neugierde. Sein Alien-Design macht es zu einem einzigartigen Accessoire, das perfekt ist, um Ihr Zuhause zu versch\u00f6nern und Ihre Freunde zu beeindrucken. Kompakt (12,5\u00d711,5\u00d78,5 cm) findet dieser Aschenbecher problemlos seinen Platz auf Ihrem Tisch oder Schreibtisch und bietet all den Platz, den Sie f\u00fcr Ihre Zigaretten und Asche ben\u00f6tigen, und bleibt dabei diskret. Dieser Aschenbecher wurde aus hochwertigen Materialien gefertigt und ist robust und langlebig. Sein Alien-Design ist in das Material integriert und sorgt so auch nach langem Gebrauch f\u00fcr eine lebendige Optik. Eigenschaften:<br \/>\n&#8211; Abmessungen: 12,5\u00d711,5\u00d78,5 cm<br \/>\n&#8211; Material: hochwertig und langlebig<br \/>\n&#8211; Au\u00dferirdisches Design: einzigartig und stilvoll Verpassen Sie nicht die Gelegenheit, diesen au\u00dfergew\u00f6hnlichen Aschenbecher zu besitzen!<\/p>\n","protected":false},"excerpt":{"rendered":"<p>Lernen Sie den coolen Alien-Aschenbecher kennen &#8211; ein Must-Have f\u00fcr stilvolle Raucher! Hallo trendiger Raucher! Sind Sie es leid, nach einem Aschenbecher zu suchen, der einen Hauch von W\u00e4rme in Ihr Zuhause bringt? Suchen Sie nicht weiter &#8211; adoptieren Sie den Aschenbecher im Alien-Stil! Warum den Alien-Aschenbecher w\u00e4hlen? Es ist nicht nur ein Beh\u00e4lter f\u00fcr [&hellip;]<\/p>\n","protected":false},"featured_media":9570,"comment_status":"open","ping_status":"closed","template":"","meta":{"_seopress_robots_primary_cat":"","_seopress_titles_title":"","_seopress_titles_desc":"","_seopress_robots_index":""},"product_brand":[],"product_cat":[649],"product_tag":[],"class_list":{"0":"post-18765","1":"product","2":"type-product","3":"status-publish","4":"has-post-thumbnail","6":"product_cat-aschenbecher","9":"instock","10":"taxable","11":"shipping-taxable","12":"purchasable","13":"product-type-simple","14":"product-grid-view"},"_links":{"self":[{"href":"https:\/\/greenkingdom.ch\/de\/wp-json\/wp\/v2\/product\/18765","targetHints":{"allow":["GET"]}}],"collection":[{"href":"https:\/\/greenkingdom.ch\/de\/wp-json\/wp\/v2\/product"}],"about":[{"href":"https:\/\/greenkingdom.ch\/de\/wp-json\/wp\/v2\/types\/product"}],"replies":[{"embeddable":true,"href":"https:\/\/greenkingdom.ch\/de\/wp-json\/wp\/v2\/comments?post=18765"}],"version-history":[{"count":0,"href":"https:\/\/greenkingdom.ch\/de\/wp-json\/wp\/v2\/product\/18765\/revisions"}],"wp:featuredmedia":[{"embeddable":true,"href":"https:\/\/greenkingdom.ch\/de\/wp-json\/wp\/v2\/media\/9570"}],"wp:attachment":[{"href":"https:\/\/greenkingdom.ch\/de\/wp-json\/wp\/v2\/media?parent=18765"}],"wp:term":[{"taxonomy":"product_brand","embeddable":true,"href":"https:\/\/greenkingdom.ch\/de\/wp-json\/wp\/v2\/product_brand?post=18765"},{"taxonomy":"product_cat","embeddable":true,"href":"https:\/\/greenkingdom.ch\/de\/wp-json\/wp\/v2\/product_cat?post=18765"},{"taxonomy":"product_tag","embeddable":true,"href":"https:\/\/greenkingdom.ch\/de\/wp-json\/wp\/v2\/product_tag?post=18765"}],"curies":[{"name":"wp","href":"https:\/\/api.w.org\/{rel}","templated":true}]}}