{"id":18775,"date":"2024-10-11T16:40:31","date_gmt":"2024-10-11T14:40:31","guid":{"rendered":"https:\/\/greenkingdom.ch\/product\/aschenbecher-aus-harz-alien-13cm\/"},"modified":"2024-10-11T16:40:31","modified_gmt":"2024-10-11T14:40:31","slug":"aschenbecher-aus-harz-alien-13cm","status":"publish","type":"product","link":"https:\/\/greenkingdom.ch\/de\/produkt\/aschenbecher-aus-harz-alien-13cm\/","title":{"rendered":"Aschenbecher aus Harz Alien 13cm"},"content":{"rendered":"<p>Entdecken Sie den Glamour des exklusiven 13 cm gro\u00dfen Aschenbechers aus Kunstharz! Jeder Aschenbecher ist ein einzigartiges Kunstwerk, das aus hochwertigem Harz gefertigt ist und f\u00fcr ein luxuri\u00f6ses Gef\u00fchl sorgt. Mit seinem eleganten Design und seiner Farbvielfalt wird es zum Mittelpunkt jedes Raumes. Mit seiner gro\u00dfz\u00fcgigen Gr\u00f6\u00dfe bietet dieser Aschenbecher ausreichend Platz f\u00fcr Ihre Zigaretten und Zigarren, egal ob zu Hause, im B\u00fcro oder bei geselligen Zusammenk\u00fcnften. Zeigen Sie Ihre Raffinesse, indem Sie sich noch heute diesen einzigartigen Aschenbecher aus Harz holen!<\/p>\n","protected":false},"excerpt":{"rendered":"<p>Entdecken Sie den Glamour des exklusiven 13 cm gro\u00dfen Aschenbechers aus Kunstharz! Jeder Aschenbecher ist ein einzigartiges Kunstwerk, das aus hochwertigem Harz gefertigt ist und f\u00fcr ein luxuri\u00f6ses Gef\u00fchl sorgt. Mit seinem eleganten Design und seiner Farbvielfalt wird es zum Mittelpunkt jedes Raumes. Mit seiner gro\u00dfz\u00fcgigen Gr\u00f6\u00dfe bietet dieser Aschenbecher ausreichend Platz f\u00fcr Ihre Zigaretten [&hellip;]<\/p>\n","protected":false},"featured_media":9613,"comment_status":"open","ping_status":"closed","template":"","meta":{"_seopress_robots_primary_cat":"","_seopress_titles_title":"","_seopress_titles_desc":"","_seopress_robots_index":""},"product_brand":[],"product_cat":[649],"product_tag":[],"class_list":{"0":"post-18775","1":"product","2":"type-product","3":"status-publish","4":"has-post-thumbnail","6":"product_cat-aschenbecher","9":"instock","10":"taxable","11":"shipping-taxable","12":"purchasable","13":"product-type-simple","14":"product-grid-view"},"_links":{"self":[{"href":"https:\/\/greenkingdom.ch\/de\/wp-json\/wp\/v2\/product\/18775","targetHints":{"allow":["GET"]}}],"collection":[{"href":"https:\/\/greenkingdom.ch\/de\/wp-json\/wp\/v2\/product"}],"about":[{"href":"https:\/\/greenkingdom.ch\/de\/wp-json\/wp\/v2\/types\/product"}],"replies":[{"embeddable":true,"href":"https:\/\/greenkingdom.ch\/de\/wp-json\/wp\/v2\/comments?post=18775"}],"version-history":[{"count":0,"href":"https:\/\/greenkingdom.ch\/de\/wp-json\/wp\/v2\/product\/18775\/revisions"}],"wp:featuredmedia":[{"embeddable":true,"href":"https:\/\/greenkingdom.ch\/de\/wp-json\/wp\/v2\/media\/9613"}],"wp:attachment":[{"href":"https:\/\/greenkingdom.ch\/de\/wp-json\/wp\/v2\/media?parent=18775"}],"wp:term":[{"taxonomy":"product_brand","embeddable":true,"href":"https:\/\/greenkingdom.ch\/de\/wp-json\/wp\/v2\/product_brand?post=18775"},{"taxonomy":"product_cat","embeddable":true,"href":"https:\/\/greenkingdom.ch\/de\/wp-json\/wp\/v2\/product_cat?post=18775"},{"taxonomy":"product_tag","embeddable":true,"href":"https:\/\/greenkingdom.ch\/de\/wp-json\/wp\/v2\/product_tag?post=18775"}],"curies":[{"name":"wp","href":"https:\/\/api.w.org\/{rel}","templated":true}]}}