{"id":18789,"date":"2024-10-11T16:40:31","date_gmt":"2024-10-11T14:40:31","guid":{"rendered":"https:\/\/greenkingdom.ch\/product\/drehaschenbecher-neon-gelb-13cm\/"},"modified":"2024-10-11T16:40:31","modified_gmt":"2024-10-11T14:40:31","slug":"drehaschenbecher-neon-gelb-13cm","status":"publish","type":"product","link":"https:\/\/greenkingdom.ch\/de\/produkt\/drehaschenbecher-neon-gelb-13cm\/","title":{"rendered":"Drehaschenbecher Neon Gelb 13cm"},"content":{"rendered":"<div class=\"value\">\n<h2>  Neon Drehaschenbecher 13cm &#8211; Das stylische Accessoire, um jeden Zug in vollen Z\u00fcgen zu genie\u00dfen!<\/h2>\n<p><\/p>\n<h3>  Hey Sie, suchen Sie einen zuverl\u00e4ssigen und eleganten Begleiter, um Ihren Moment der Entspannung zu verbessern?  <\/h3>\n<p><\/p>\n<p>  Der 13 cm neonfarbene drehbare Aschenbecher ist das Accessoire f\u00fcr Sie!<\/p>\n<p><\/p>\n<p><strong>Ein unvergleichlicher Hauch von Stil:<\/strong><\/p>\n<p><\/p>\n<p>  Dieser drehbare Aschenbecher mit hellem Neon-Design sieht nicht nur praktisch aus, sondern verleiht ihm auch einen unverwechselbaren Hauch von Stil. Mit einem Durchmesser von 130 mm bietet er viel Platz f\u00fcr Ihre Zigaretten oder Mixturen. Seine Metallkonstruktion garantiert seine Robustheit und macht ihn zu einem perfekten Verb\u00fcndeten auf Reisen.  <\/p>\n<p><\/p>\n<p><strong>Praktisch und kompakt:<\/strong><\/p>\n<p><\/p>\n<p>  Mit einer L\u00e4nge von 13 cm passt dieser drehbare Aschenbecher problemlos in Ihre Tasche oder in jedes Handschuhfach. Ob f\u00fcr Zigaretten, Kr\u00e4uter oder andere Rauchprodukte, er erf\u00fcllt seine Aufgabe mit Eleganz. <\/p>\n<p><\/p>\n<h3>  Charaktereigenschaften:<\/h3>\n<p><\/p>\n<ul>\n<li>Material: Metall<\/li>\n<li>Durchmesser: 130 mm<\/li>\n<\/ul>\n<p>  Hol dir jetzt den 13cm Neon drehbaren Aschenbecher und versch\u00f6nere deinen Rauchmoment mit Stil!<\/p>\n<p><\/p>\n<p><\/p>\n<p><\/p>\n<p><\/p>\n<p><\/p>\n<\/div>\n<div class=\"product attribute ean\"><strong class=\"type\"> <span class=\"value ean\">EAN-9010210023929<\/span><\/strong><\/div>\n","protected":false},"excerpt":{"rendered":"<p>Neon Drehaschenbecher 13cm &#8211; Das stylische Accessoire, um jeden Zug in vollen Z\u00fcgen zu genie\u00dfen! Hey Sie, suchen Sie einen zuverl\u00e4ssigen und eleganten Begleiter, um Ihren Moment der Entspannung zu verbessern? Der 13 cm neonfarbene drehbare Aschenbecher ist das Accessoire f\u00fcr Sie! Ein unvergleichlicher Hauch von Stil: Dieser drehbare Aschenbecher mit hellem Neon-Design sieht nicht [&hellip;]<\/p>\n","protected":false},"featured_media":9586,"comment_status":"open","ping_status":"closed","template":"","meta":{"_seopress_robots_primary_cat":"","_seopress_titles_title":"","_seopress_titles_desc":"","_seopress_robots_index":""},"product_brand":[],"product_cat":[649],"product_tag":[],"class_list":{"0":"post-18789","1":"product","2":"type-product","3":"status-publish","4":"has-post-thumbnail","6":"product_cat-aschenbecher","9":"instock","10":"taxable","11":"shipping-taxable","12":"purchasable","13":"product-type-simple","14":"product-grid-view"},"_links":{"self":[{"href":"https:\/\/greenkingdom.ch\/de\/wp-json\/wp\/v2\/product\/18789","targetHints":{"allow":["GET"]}}],"collection":[{"href":"https:\/\/greenkingdom.ch\/de\/wp-json\/wp\/v2\/product"}],"about":[{"href":"https:\/\/greenkingdom.ch\/de\/wp-json\/wp\/v2\/types\/product"}],"replies":[{"embeddable":true,"href":"https:\/\/greenkingdom.ch\/de\/wp-json\/wp\/v2\/comments?post=18789"}],"version-history":[{"count":0,"href":"https:\/\/greenkingdom.ch\/de\/wp-json\/wp\/v2\/product\/18789\/revisions"}],"wp:featuredmedia":[{"embeddable":true,"href":"https:\/\/greenkingdom.ch\/de\/wp-json\/wp\/v2\/media\/9586"}],"wp:attachment":[{"href":"https:\/\/greenkingdom.ch\/de\/wp-json\/wp\/v2\/media?parent=18789"}],"wp:term":[{"taxonomy":"product_brand","embeddable":true,"href":"https:\/\/greenkingdom.ch\/de\/wp-json\/wp\/v2\/product_brand?post=18789"},{"taxonomy":"product_cat","embeddable":true,"href":"https:\/\/greenkingdom.ch\/de\/wp-json\/wp\/v2\/product_cat?post=18789"},{"taxonomy":"product_tag","embeddable":true,"href":"https:\/\/greenkingdom.ch\/de\/wp-json\/wp\/v2\/product_tag?post=18789"}],"curies":[{"name":"wp","href":"https:\/\/api.w.org\/{rel}","templated":true}]}}