{"id":18795,"date":"2024-10-11T16:40:32","date_gmt":"2024-10-11T14:40:32","guid":{"rendered":"https:\/\/greenkingdom.ch\/product\/dosentresor-sanpellegrino-limonata\/"},"modified":"2024-10-11T16:40:32","modified_gmt":"2024-10-11T14:40:32","slug":"dosentresor-sanpellegrino-limonata","status":"publish","type":"product","link":"https:\/\/greenkingdom.ch\/de\/produkt\/dosentresor-sanpellegrino-limonata\/","title":{"rendered":"Dosentresor Sanpellegrino Limonata"},"content":{"rendered":"<p>Auf der Suche nach dem perfekten Hideaway, egal ob zu Hause oder auf Reisen? Entdecken Sie unseren idealen Tresor f\u00fcr Sie. Diese Box ist v\u00f6llig unsichtbar, \u00fcberall erh\u00e4ltlich und leicht zu transportieren. Perfekt zum Aufbewahren von Geld, Schmuck und anderen wertvollen Gegenst\u00e4nden, die Sie diskret aufbewahren m\u00f6chten. Dieser Tresor schreckt jeden Dieb ab, man m\u00fcsste schon gut motiviert sein, ihn zu \u00f6ffnen \ud83d\ude09 Spezifikationen:<br \/>\n&#8211; Gr\u00f6\u00dfe: 145mm<br \/>\n&#8211; Gewicht: 310gr<br \/>\n&#8211; Au\u00dfendurchmesser: 157mm<br \/>\n&#8211; Innendurchmesser: 420mm<br \/>\n&#8211; Sichere Gr\u00f6\u00dfe: 80mm EAN: 8002270406799<\/p>\n","protected":false},"excerpt":{"rendered":"<p>Auf der Suche nach dem perfekten Hideaway, egal ob zu Hause oder auf Reisen? Entdecken Sie unseren idealen Tresor f\u00fcr Sie. Diese Box ist v\u00f6llig unsichtbar, \u00fcberall erh\u00e4ltlich und leicht zu transportieren. Perfekt zum Aufbewahren von Geld, Schmuck und anderen wertvollen Gegenst\u00e4nden, die Sie diskret aufbewahren m\u00f6chten. Dieser Tresor schreckt jeden Dieb ab, man m\u00fcsste [&hellip;]<\/p>\n","protected":false},"featured_media":9643,"comment_status":"open","ping_status":"closed","template":"","meta":{"_seopress_robots_primary_cat":"","_seopress_titles_title":"","_seopress_titles_desc":"","_seopress_robots_index":""},"product_brand":[],"product_cat":[664],"product_tag":[],"class_list":{"0":"post-18795","1":"product","2":"type-product","3":"status-publish","4":"has-post-thumbnail","6":"product_cat-lagerung","9":"instock","10":"taxable","11":"shipping-taxable","12":"purchasable","13":"product-type-simple","14":"product-grid-view"},"_links":{"self":[{"href":"https:\/\/greenkingdom.ch\/de\/wp-json\/wp\/v2\/product\/18795","targetHints":{"allow":["GET"]}}],"collection":[{"href":"https:\/\/greenkingdom.ch\/de\/wp-json\/wp\/v2\/product"}],"about":[{"href":"https:\/\/greenkingdom.ch\/de\/wp-json\/wp\/v2\/types\/product"}],"replies":[{"embeddable":true,"href":"https:\/\/greenkingdom.ch\/de\/wp-json\/wp\/v2\/comments?post=18795"}],"version-history":[{"count":0,"href":"https:\/\/greenkingdom.ch\/de\/wp-json\/wp\/v2\/product\/18795\/revisions"}],"wp:featuredmedia":[{"embeddable":true,"href":"https:\/\/greenkingdom.ch\/de\/wp-json\/wp\/v2\/media\/9643"}],"wp:attachment":[{"href":"https:\/\/greenkingdom.ch\/de\/wp-json\/wp\/v2\/media?parent=18795"}],"wp:term":[{"taxonomy":"product_brand","embeddable":true,"href":"https:\/\/greenkingdom.ch\/de\/wp-json\/wp\/v2\/product_brand?post=18795"},{"taxonomy":"product_cat","embeddable":true,"href":"https:\/\/greenkingdom.ch\/de\/wp-json\/wp\/v2\/product_cat?post=18795"},{"taxonomy":"product_tag","embeddable":true,"href":"https:\/\/greenkingdom.ch\/de\/wp-json\/wp\/v2\/product_tag?post=18795"}],"curies":[{"name":"wp","href":"https:\/\/api.w.org\/{rel}","templated":true}]}}