{"id":18808,"date":"2024-10-11T16:40:33","date_gmt":"2024-10-11T14:40:33","guid":{"rendered":"https:\/\/greenkingdom.ch\/product\/geheimer-versteck-stift\/"},"modified":"2024-10-11T16:40:33","modified_gmt":"2024-10-11T14:40:33","slug":"geheimer-versteck-stift","status":"publish","type":"product","link":"https:\/\/greenkingdom.ch\/de\/produkt\/geheimer-versteck-stift\/","title":{"rendered":"Geheimer Versteck Stift"},"content":{"rendered":"<p>Entdecken Sie den Camouflage-Stift, der mit einer cleveren Abrollfunktion und einem kleinen Vorratstopf ausgestattet ist. Dieser Permanentmarker verf\u00fcgt \u00fcber ein Zugrohr und einen Schraubbeh\u00e4lter f\u00fcr den diskreten Transport. Sie k\u00f6nnen es auch leer als perfektes Versteck f\u00fcr Ihr Geld verwenden. Seine L\u00e4nge betr\u00e4gt 130 mm. Warten Sie nicht l\u00e4nger, um dieses clevere Produkt zu erhalten! EAN: 4250153610915.     <\/p>\n","protected":false},"excerpt":{"rendered":"<p>Entdecken Sie den Camouflage-Stift, der mit einer cleveren Abrollfunktion und einem kleinen Vorratstopf ausgestattet ist. Dieser Permanentmarker verf\u00fcgt \u00fcber ein Zugrohr und einen Schraubbeh\u00e4lter f\u00fcr den diskreten Transport. Sie k\u00f6nnen es auch leer als perfektes Versteck f\u00fcr Ihr Geld verwenden. Seine L\u00e4nge betr\u00e4gt 130 mm. Warten Sie nicht l\u00e4nger, um dieses clevere Produkt zu erhalten! [&hellip;]<\/p>\n","protected":false},"featured_media":9664,"comment_status":"open","ping_status":"closed","template":"","meta":{"_seopress_robots_primary_cat":"","_seopress_titles_title":"","_seopress_titles_desc":"","_seopress_robots_index":""},"product_brand":[],"product_cat":[664],"product_tag":[],"class_list":{"0":"post-18808","1":"product","2":"type-product","3":"status-publish","4":"has-post-thumbnail","6":"product_cat-lagerung","9":"instock","10":"taxable","11":"shipping-taxable","12":"purchasable","13":"product-type-simple","14":"product-grid-view"},"_links":{"self":[{"href":"https:\/\/greenkingdom.ch\/de\/wp-json\/wp\/v2\/product\/18808","targetHints":{"allow":["GET"]}}],"collection":[{"href":"https:\/\/greenkingdom.ch\/de\/wp-json\/wp\/v2\/product"}],"about":[{"href":"https:\/\/greenkingdom.ch\/de\/wp-json\/wp\/v2\/types\/product"}],"replies":[{"embeddable":true,"href":"https:\/\/greenkingdom.ch\/de\/wp-json\/wp\/v2\/comments?post=18808"}],"version-history":[{"count":0,"href":"https:\/\/greenkingdom.ch\/de\/wp-json\/wp\/v2\/product\/18808\/revisions"}],"wp:featuredmedia":[{"embeddable":true,"href":"https:\/\/greenkingdom.ch\/de\/wp-json\/wp\/v2\/media\/9664"}],"wp:attachment":[{"href":"https:\/\/greenkingdom.ch\/de\/wp-json\/wp\/v2\/media?parent=18808"}],"wp:term":[{"taxonomy":"product_brand","embeddable":true,"href":"https:\/\/greenkingdom.ch\/de\/wp-json\/wp\/v2\/product_brand?post=18808"},{"taxonomy":"product_cat","embeddable":true,"href":"https:\/\/greenkingdom.ch\/de\/wp-json\/wp\/v2\/product_cat?post=18808"},{"taxonomy":"product_tag","embeddable":true,"href":"https:\/\/greenkingdom.ch\/de\/wp-json\/wp\/v2\/product_tag?post=18808"}],"curies":[{"name":"wp","href":"https:\/\/api.w.org\/{rel}","templated":true}]}}