{"id":18811,"date":"2024-10-11T16:40:33","date_gmt":"2024-10-11T14:40:33","guid":{"rendered":"https:\/\/greenkingdom.ch\/product\/dosentresor-berliner-kindl-bier\/"},"modified":"2024-10-11T16:40:33","modified_gmt":"2024-10-11T14:40:33","slug":"dosentresor-berliner-kindl-bier","status":"publish","type":"product","link":"https:\/\/greenkingdom.ch\/de\/produkt\/dosentresor-berliner-kindl-bier\/","title":{"rendered":"Dosentresor Berliner Kindl Bier"},"content":{"rendered":"<p>Suchen Sie nach einem perfekten Ort, um Ihre Wertsachen zu Hause oder auf Reisen zu verstecken? Entdecken Sie den perfekten Tresor f\u00fcr Sie. Diese Box ist v\u00f6llig unsichtbar, leicht zu finden und \u00fcberall hin zu transportieren. Perfekt, um Ihr Geld, Ihren Schmuck und andere wertvolle Gegenst\u00e4nde vor neugierigen Blicken zu sch\u00fctzen. Dieser Tresor ist so diskret, dass selbst ein Dieb ihn nur schwer entdecken w\u00fcrde \ud83d\ude09 Details zur Box: Gr\u00f6\u00dfe: 170 mm, Gewicht: 466 g, Au\u00dfendurchmesser: 660 mm, Innendurchmesser: 420 mm, sichere Gr\u00f6\u00dfe: 80 mm. EAN: 6097222531591.     <\/p>\n","protected":false},"excerpt":{"rendered":"<p>Suchen Sie nach einem perfekten Ort, um Ihre Wertsachen zu Hause oder auf Reisen zu verstecken? Entdecken Sie den perfekten Tresor f\u00fcr Sie. Diese Box ist v\u00f6llig unsichtbar, leicht zu finden und \u00fcberall hin zu transportieren. Perfekt, um Ihr Geld, Ihren Schmuck und andere wertvolle Gegenst\u00e4nde vor neugierigen Blicken zu sch\u00fctzen. Dieser Tresor ist so [&hellip;]<\/p>\n","protected":false},"featured_media":9655,"comment_status":"open","ping_status":"closed","template":"","meta":{"_seopress_robots_primary_cat":"","_seopress_titles_title":"","_seopress_titles_desc":"","_seopress_robots_index":""},"product_brand":[],"product_cat":[664],"product_tag":[],"class_list":{"0":"post-18811","1":"product","2":"type-product","3":"status-publish","4":"has-post-thumbnail","6":"product_cat-lagerung","9":"instock","10":"taxable","11":"shipping-taxable","12":"purchasable","13":"product-type-simple","14":"product-grid-view"},"_links":{"self":[{"href":"https:\/\/greenkingdom.ch\/de\/wp-json\/wp\/v2\/product\/18811","targetHints":{"allow":["GET"]}}],"collection":[{"href":"https:\/\/greenkingdom.ch\/de\/wp-json\/wp\/v2\/product"}],"about":[{"href":"https:\/\/greenkingdom.ch\/de\/wp-json\/wp\/v2\/types\/product"}],"replies":[{"embeddable":true,"href":"https:\/\/greenkingdom.ch\/de\/wp-json\/wp\/v2\/comments?post=18811"}],"version-history":[{"count":0,"href":"https:\/\/greenkingdom.ch\/de\/wp-json\/wp\/v2\/product\/18811\/revisions"}],"wp:featuredmedia":[{"embeddable":true,"href":"https:\/\/greenkingdom.ch\/de\/wp-json\/wp\/v2\/media\/9655"}],"wp:attachment":[{"href":"https:\/\/greenkingdom.ch\/de\/wp-json\/wp\/v2\/media?parent=18811"}],"wp:term":[{"taxonomy":"product_brand","embeddable":true,"href":"https:\/\/greenkingdom.ch\/de\/wp-json\/wp\/v2\/product_brand?post=18811"},{"taxonomy":"product_cat","embeddable":true,"href":"https:\/\/greenkingdom.ch\/de\/wp-json\/wp\/v2\/product_cat?post=18811"},{"taxonomy":"product_tag","embeddable":true,"href":"https:\/\/greenkingdom.ch\/de\/wp-json\/wp\/v2\/product_tag?post=18811"}],"curies":[{"name":"wp","href":"https:\/\/api.w.org\/{rel}","templated":true}]}}