{"id":18817,"date":"2024-10-11T16:40:33","date_gmt":"2024-10-11T14:40:33","guid":{"rendered":"https:\/\/greenkingdom.ch\/product\/dosentresor-jever-pilsner\/"},"modified":"2024-10-11T16:40:33","modified_gmt":"2024-10-11T14:40:33","slug":"dosentresor-jever-pilsner","status":"publish","type":"product","link":"https:\/\/greenkingdom.ch\/de\/produkt\/dosentresor-jever-pilsner\/","title":{"rendered":"Dosentresor Jever Pilsner"},"content":{"rendered":"<p>Auf der Suche nach dem perfekten Refugium zu Hause oder auf Reisen? Entdecken Sie den perfekten Tresor f\u00fcr Sie! Diese v\u00f6llig unsichtbare Box kann \u00fcberall gekauft und \u00fcberall hin mitgenommen werden. Perfekt, um Geld, Schmuck und andere Wertsachen sicher aufzubewahren, die Sie um jeden Preis sch\u00fctzen m\u00f6chten. Dieser Tresor ist so diskret, dass es selbst einem Dieb schwer fallen w\u00fcrde, ihn zu finden \ud83d\ude09 Box-Eigenschaften:<br \/>\n&#8211; Gr\u00f6\u00dfe: 170 mm<br \/>\n &#8211; Gewicht: 466 g<br \/>\n &#8211; Au\u00dfen-\u00f8: 660 mm<br \/>\n &#8211; Innen-\u00f8: 420 mm<br \/>\n &#8211; Sichere Gr\u00f6\u00dfe: 80 mm EAN: 6097232541511<\/p>\n","protected":false},"excerpt":{"rendered":"<p>Auf der Suche nach dem perfekten Refugium zu Hause oder auf Reisen? Entdecken Sie den perfekten Tresor f\u00fcr Sie! Diese v\u00f6llig unsichtbare Box kann \u00fcberall gekauft und \u00fcberall hin mitgenommen werden. Perfekt, um Geld, Schmuck und andere Wertsachen sicher aufzubewahren, die Sie um jeden Preis sch\u00fctzen m\u00f6chten. Dieser Tresor ist so diskret, dass es selbst [&hellip;]<\/p>\n","protected":false},"featured_media":9649,"comment_status":"open","ping_status":"closed","template":"","meta":{"_seopress_robots_primary_cat":"","_seopress_titles_title":"","_seopress_titles_desc":"","_seopress_robots_index":""},"product_brand":[],"product_cat":[664],"product_tag":[],"class_list":{"0":"post-18817","1":"product","2":"type-product","3":"status-publish","4":"has-post-thumbnail","6":"product_cat-lagerung","9":"instock","10":"taxable","11":"shipping-taxable","12":"purchasable","13":"product-type-simple","14":"product-grid-view"},"_links":{"self":[{"href":"https:\/\/greenkingdom.ch\/de\/wp-json\/wp\/v2\/product\/18817","targetHints":{"allow":["GET"]}}],"collection":[{"href":"https:\/\/greenkingdom.ch\/de\/wp-json\/wp\/v2\/product"}],"about":[{"href":"https:\/\/greenkingdom.ch\/de\/wp-json\/wp\/v2\/types\/product"}],"replies":[{"embeddable":true,"href":"https:\/\/greenkingdom.ch\/de\/wp-json\/wp\/v2\/comments?post=18817"}],"version-history":[{"count":0,"href":"https:\/\/greenkingdom.ch\/de\/wp-json\/wp\/v2\/product\/18817\/revisions"}],"wp:featuredmedia":[{"embeddable":true,"href":"https:\/\/greenkingdom.ch\/de\/wp-json\/wp\/v2\/media\/9649"}],"wp:attachment":[{"href":"https:\/\/greenkingdom.ch\/de\/wp-json\/wp\/v2\/media?parent=18817"}],"wp:term":[{"taxonomy":"product_brand","embeddable":true,"href":"https:\/\/greenkingdom.ch\/de\/wp-json\/wp\/v2\/product_brand?post=18817"},{"taxonomy":"product_cat","embeddable":true,"href":"https:\/\/greenkingdom.ch\/de\/wp-json\/wp\/v2\/product_cat?post=18817"},{"taxonomy":"product_tag","embeddable":true,"href":"https:\/\/greenkingdom.ch\/de\/wp-json\/wp\/v2\/product_tag?post=18817"}],"curies":[{"name":"wp","href":"https:\/\/api.w.org\/{rel}","templated":true}]}}