{"id":18840,"date":"2024-10-11T16:40:58","date_gmt":"2024-10-11T14:40:58","guid":{"rendered":"https:\/\/greenkingdom.ch\/product\/osram-vialox-400-watt\/"},"modified":"2024-10-11T16:40:58","modified_gmt":"2024-10-11T14:40:58","slug":"osram-vialox-400-watt","status":"publish","type":"product","link":"https:\/\/greenkingdom.ch\/de\/produkt\/osram-vialox-400-watt\/","title":{"rendered":"Osram Vialox 400 Watt"},"content":{"rendered":"<p>Entdecken Sie die Vialox Nav-T 400 Watt Natriumdampflampe, die ein 90% rotes Licht bietet, perfekt f\u00fcr die Bl\u00fctephase Ihrer Pflanzen. Mit einem idealen Spektrum sorgt diese Zwiebel f\u00fcr optimalen Glanz, um das Wachstum zu f\u00f6rdern. Produktdetails:<br \/>\n\u2022 Nennlichtleistung (Serienzustand): 141 lm\/W<br \/>\n&#8211; Nennlichtstrom: 56500 lm\u2022<br \/>\n Farbwiedergabeindex Ra: \u226425<br \/>\n\u2022 Farbtemperatur: 2000 K<br \/>\n\u2022 Lichtstrom-Retentionsverh\u00e4ltnis (LLMF) bei unterschiedlichen Betriebszeiten Abmessungen und Gewicht:<br \/>\n\u2022 Durchmesser: 47,0 mm\u2022<br \/>\n L\u00e4nge: 285,0 mm\u2022<br \/>\n Abstand zum Lichtmittelpunkt: 175,0 mm\u2022<br \/>\n Produktgewicht:  171,00 g<\/p>\n<p>Tun Sie etwas f\u00fcr die Umwelt: Die Recyclinggeb\u00fchr (VRG) ist inbegriffen und erm\u00f6glicht die kostenlose Entsorgung gebrauchter Gl\u00fchbirnen! Geben Sie Ihren Pflanzen mit dieser hochwertigen Gl\u00fchbirne das Licht, das sie brauchen. EAN: 4050300281179.  <\/p>\n","protected":false},"excerpt":{"rendered":"<p>Entdecken Sie die Vialox Nav-T 400 Watt Natriumdampflampe, die ein 90% rotes Licht bietet, perfekt f\u00fcr die Bl\u00fctephase Ihrer Pflanzen. Mit einem idealen Spektrum sorgt diese Zwiebel f\u00fcr optimalen Glanz, um das Wachstum zu f\u00f6rdern. Produktdetails: \u2022 Nennlichtleistung (Serienzustand): 141 lm\/W &#8211; Nennlichtstrom: 56500 lm\u2022 Farbwiedergabeindex Ra: \u226425 \u2022 Farbtemperatur: 2000 K \u2022 Lichtstrom-Retentionsverh\u00e4ltnis (LLMF) [&hellip;]<\/p>\n","protected":false},"featured_media":9803,"comment_status":"open","ping_status":"closed","template":"","meta":{"_seopress_robots_primary_cat":"","_seopress_titles_title":"","_seopress_titles_desc":"","_seopress_robots_index":""},"product_brand":[],"product_cat":[562],"product_tag":[],"class_list":{"0":"post-18840","1":"product","2":"type-product","3":"status-publish","4":"has-post-thumbnail","6":"product_cat-natrium","9":"instock","10":"taxable","11":"shipping-taxable","12":"purchasable","13":"product-type-simple","14":"product-grid-view"},"_links":{"self":[{"href":"https:\/\/greenkingdom.ch\/de\/wp-json\/wp\/v2\/product\/18840","targetHints":{"allow":["GET"]}}],"collection":[{"href":"https:\/\/greenkingdom.ch\/de\/wp-json\/wp\/v2\/product"}],"about":[{"href":"https:\/\/greenkingdom.ch\/de\/wp-json\/wp\/v2\/types\/product"}],"replies":[{"embeddable":true,"href":"https:\/\/greenkingdom.ch\/de\/wp-json\/wp\/v2\/comments?post=18840"}],"version-history":[{"count":0,"href":"https:\/\/greenkingdom.ch\/de\/wp-json\/wp\/v2\/product\/18840\/revisions"}],"wp:featuredmedia":[{"embeddable":true,"href":"https:\/\/greenkingdom.ch\/de\/wp-json\/wp\/v2\/media\/9803"}],"wp:attachment":[{"href":"https:\/\/greenkingdom.ch\/de\/wp-json\/wp\/v2\/media?parent=18840"}],"wp:term":[{"taxonomy":"product_brand","embeddable":true,"href":"https:\/\/greenkingdom.ch\/de\/wp-json\/wp\/v2\/product_brand?post=18840"},{"taxonomy":"product_cat","embeddable":true,"href":"https:\/\/greenkingdom.ch\/de\/wp-json\/wp\/v2\/product_cat?post=18840"},{"taxonomy":"product_tag","embeddable":true,"href":"https:\/\/greenkingdom.ch\/de\/wp-json\/wp\/v2\/product_tag?post=18840"}],"curies":[{"name":"wp","href":"https:\/\/api.w.org\/{rel}","templated":true}]}}