{"id":18843,"date":"2024-10-11T16:40:58","date_gmt":"2024-10-11T14:40:58","guid":{"rendered":"https:\/\/greenkingdom.ch\/product\/adjust-a-wing-hellion-leuchtmittel-doppelseitig-600-750w\/"},"modified":"2024-10-11T16:40:58","modified_gmt":"2024-10-11T14:40:58","slug":"adjust-a-wing-hellion-leuchtmittel-doppelseitig-600-750w","status":"publish","type":"product","link":"https:\/\/greenkingdom.ch\/de\/produkt\/adjust-a-wing-hellion-leuchtmittel-doppelseitig-600-750w\/","title":{"rendered":"Adjust-A-Wing Hellion Leuchtmittel Doppelseitig 600-750W"},"content":{"rendered":"<p>Entdecken Sie die neue doppelseitige Lampe Adjust-a-Wing 600 &#8211; 750W, die ausschlie\u00dflich f\u00fcr die Verwendung mit einem digitalen Vorschaltger\u00e4t Hellion 600 &#8211; 750W 230 Volt entwickelt wurde! Diese Gl\u00fchbirne bietet eine optimale Lichtreduzierung. Nach 10.000 Betriebsstunden erzeugt sie 7 % mehr Licht als SON PIA PLUS-Lampen, verl\u00e4ngert die Wartungsintervalle und senkt die Energiekosten. Ihre Pflanzen werden von dieser neuen Technologie begeistert sein! Die Vorteile der doppelseitigen Gl\u00fchbirne von Adjust-a-Wing sind ihre hohe Zuverl\u00e4ssigkeit, Schlagfestigkeit und die M\u00f6glichkeit, die Wartungsintervalle zu verl\u00e4ngern, um erhebliche Kosteneinsparungen zu erzielen. Dar\u00fcber hinaus liegt die Ausfallrate nach 18.000 Stunden bei nur 5 % und bietet nach 10.000 Betriebsstunden 7 % mehr Licht. Eigenschaften:<br \/>\n&#8211; Leistung: 600W &#8211; 750W<br \/>\n&#8211; Anschlussspannung: 230V<br \/>\n&#8211; Sockel: K12x30s<br \/>\n&#8211; Farbtemperatur: 2000K<br \/>\n&#8211; Lichtausbeute: 147-148 lm\/W<br \/>\n&#8211; Lichtstrom: 88.000 &#8211; 111.000 lm Die Recyclinggeb\u00fchr (VRG) ist inbegriffen, und Sie k\u00f6nnen gebrauchte Leuchtmittel kostenlos entsorgen! Warten Sie nicht l\u00e4nger, um die Vorteile dieser Spitzentechnologie zu nutzen. EAN-Code: 9350223000594   <\/p>\n","protected":false},"excerpt":{"rendered":"<p>Entdecken Sie die neue doppelseitige Lampe Adjust-a-Wing 600 &#8211; 750W, die ausschlie\u00dflich f\u00fcr die Verwendung mit einem digitalen Vorschaltger\u00e4t Hellion 600 &#8211; 750W 230 Volt entwickelt wurde! Diese Gl\u00fchbirne bietet eine optimale Lichtreduzierung. Nach 10.000 Betriebsstunden erzeugt sie 7 % mehr Licht als SON PIA PLUS-Lampen, verl\u00e4ngert die Wartungsintervalle und senkt die Energiekosten. Ihre Pflanzen [&hellip;]<\/p>\n","protected":false},"featured_media":9794,"comment_status":"open","ping_status":"closed","template":"","meta":{"_seopress_robots_primary_cat":"","_seopress_titles_title":"","_seopress_titles_desc":"","_seopress_robots_index":""},"product_brand":[],"product_cat":[562],"product_tag":[],"class_list":{"0":"post-18843","1":"product","2":"type-product","3":"status-publish","4":"has-post-thumbnail","6":"product_cat-natrium","9":"instock","10":"taxable","11":"shipping-taxable","12":"purchasable","13":"product-type-simple","14":"product-grid-view"},"_links":{"self":[{"href":"https:\/\/greenkingdom.ch\/de\/wp-json\/wp\/v2\/product\/18843","targetHints":{"allow":["GET"]}}],"collection":[{"href":"https:\/\/greenkingdom.ch\/de\/wp-json\/wp\/v2\/product"}],"about":[{"href":"https:\/\/greenkingdom.ch\/de\/wp-json\/wp\/v2\/types\/product"}],"replies":[{"embeddable":true,"href":"https:\/\/greenkingdom.ch\/de\/wp-json\/wp\/v2\/comments?post=18843"}],"version-history":[{"count":0,"href":"https:\/\/greenkingdom.ch\/de\/wp-json\/wp\/v2\/product\/18843\/revisions"}],"wp:featuredmedia":[{"embeddable":true,"href":"https:\/\/greenkingdom.ch\/de\/wp-json\/wp\/v2\/media\/9794"}],"wp:attachment":[{"href":"https:\/\/greenkingdom.ch\/de\/wp-json\/wp\/v2\/media?parent=18843"}],"wp:term":[{"taxonomy":"product_brand","embeddable":true,"href":"https:\/\/greenkingdom.ch\/de\/wp-json\/wp\/v2\/product_brand?post=18843"},{"taxonomy":"product_cat","embeddable":true,"href":"https:\/\/greenkingdom.ch\/de\/wp-json\/wp\/v2\/product_cat?post=18843"},{"taxonomy":"product_tag","embeddable":true,"href":"https:\/\/greenkingdom.ch\/de\/wp-json\/wp\/v2\/product_tag?post=18843"}],"curies":[{"name":"wp","href":"https:\/\/api.w.org\/{rel}","templated":true}]}}