{"id":18847,"date":"2024-10-11T16:40:58","date_gmt":"2024-10-11T14:40:58","guid":{"rendered":"https:\/\/greenkingdom.ch\/product\/osram-plantastar-250w\/"},"modified":"2024-10-11T16:40:58","modified_gmt":"2024-10-11T14:40:58","slug":"osram-plantastar-250w","status":"publish","type":"product","link":"https:\/\/greenkingdom.ch\/de\/produkt\/osram-plantastar-250w\/","title":{"rendered":"Osram Plantastar 250W"},"content":{"rendered":"<p>Lernen Sie die Plantastar 250 Watt kennen, eine Natriumdampflampe, die die perfekte Balance zwischen Anbau und Bl\u00fcte Ihrer Pflanzen bietet. Dank ihres intensiven blauen Lichts ist diese Gl\u00fchbirne als die langlebigste auf dem Markt bekannt. Sein blauer Anteil f\u00f6rdert und beschleunigt die Vorbl\u00fctezeit f\u00fcr Pflanzen, die schneller bl\u00fchen! Hauptmerkmale:<br \/>\n&#8211; Photonenstrom: 420 \u03bcmol\/s<br \/>\n&#8211; Photonenausbeute: 1,6 \u03bcmol\/s\/W<br \/>\n&#8211; Farbwiedergabeindex Ra: 25<br \/>\n&#8211; Farbtemperatur: 2000 K<br \/>\n&#8211; LLMF-Rate zu verschiedenen Zeiten<br \/>\n&#8211; Lichtstrom: 33000 lm<br \/>\n&#8211; Abmessungen und Gewicht erleichtern die Installation Nicht vergessen, die Recyclinggeb\u00fchr (VRG) ist inbegriffen und gebrauchte Lampen k\u00f6nnen kostenlos entsorgt werden! Profitieren Sie von der au\u00dfergew\u00f6hnlichen Qualit\u00e4t des Plantastar 250 Watt, um Ihre Pflanzen aufzuwerten.  <\/p>\n","protected":false},"excerpt":{"rendered":"<p>Lernen Sie die Plantastar 250 Watt kennen, eine Natriumdampflampe, die die perfekte Balance zwischen Anbau und Bl\u00fcte Ihrer Pflanzen bietet. Dank ihres intensiven blauen Lichts ist diese Gl\u00fchbirne als die langlebigste auf dem Markt bekannt. Sein blauer Anteil f\u00f6rdert und beschleunigt die Vorbl\u00fctezeit f\u00fcr Pflanzen, die schneller bl\u00fchen! Hauptmerkmale: &#8211; Photonenstrom: 420 \u03bcmol\/s &#8211; Photonenausbeute: [&hellip;]<\/p>\n","protected":false},"featured_media":9797,"comment_status":"open","ping_status":"closed","template":"","meta":{"_seopress_robots_primary_cat":"","_seopress_titles_title":"","_seopress_titles_desc":"","_seopress_robots_index":""},"product_brand":[],"product_cat":[562],"product_tag":[],"class_list":{"0":"post-18847","1":"product","2":"type-product","3":"status-publish","4":"has-post-thumbnail","6":"product_cat-natrium","9":"instock","10":"taxable","11":"shipping-taxable","12":"purchasable","13":"product-type-simple","14":"product-grid-view"},"_links":{"self":[{"href":"https:\/\/greenkingdom.ch\/de\/wp-json\/wp\/v2\/product\/18847","targetHints":{"allow":["GET"]}}],"collection":[{"href":"https:\/\/greenkingdom.ch\/de\/wp-json\/wp\/v2\/product"}],"about":[{"href":"https:\/\/greenkingdom.ch\/de\/wp-json\/wp\/v2\/types\/product"}],"replies":[{"embeddable":true,"href":"https:\/\/greenkingdom.ch\/de\/wp-json\/wp\/v2\/comments?post=18847"}],"version-history":[{"count":0,"href":"https:\/\/greenkingdom.ch\/de\/wp-json\/wp\/v2\/product\/18847\/revisions"}],"wp:featuredmedia":[{"embeddable":true,"href":"https:\/\/greenkingdom.ch\/de\/wp-json\/wp\/v2\/media\/9797"}],"wp:attachment":[{"href":"https:\/\/greenkingdom.ch\/de\/wp-json\/wp\/v2\/media?parent=18847"}],"wp:term":[{"taxonomy":"product_brand","embeddable":true,"href":"https:\/\/greenkingdom.ch\/de\/wp-json\/wp\/v2\/product_brand?post=18847"},{"taxonomy":"product_cat","embeddable":true,"href":"https:\/\/greenkingdom.ch\/de\/wp-json\/wp\/v2\/product_cat?post=18847"},{"taxonomy":"product_tag","embeddable":true,"href":"https:\/\/greenkingdom.ch\/de\/wp-json\/wp\/v2\/product_tag?post=18847"}],"curies":[{"name":"wp","href":"https:\/\/api.w.org\/{rel}","templated":true}]}}