{"id":18849,"date":"2024-10-11T16:40:58","date_gmt":"2024-10-11T14:40:58","guid":{"rendered":"https:\/\/greenkingdom.ch\/product\/elektrox-super-bloom-150w-hps\/"},"modified":"2024-10-11T16:40:58","modified_gmt":"2024-10-11T14:40:58","slug":"elektrox-super-bloom-150w-hps","status":"publish","type":"product","link":"https:\/\/greenkingdom.ch\/de\/produkt\/elektrox-super-bloom-150w-hps\/","title":{"rendered":"Elektrox Super Bloom 150W HPS"},"content":{"rendered":"<p>F\u00fcr angehende G\u00e4rtner zu Hause ist hier der Elektrox SUPER BLOOM 150W! Mit einer Leistung von 150 W und einer Spannung von 220-240 V vereint diese CE-zertifizierte HPS\/NDL-Blumenlampe von Elektrox Qualit\u00e4t und Langlebigkeit. Mit einer Betriebsdauer von mehr als 32000 Stunden hat diese Lichtleuchte eine Lichtst\u00e4rke von 16500 lm und eine beeindruckende Lichtausbeute von 110 lm\/W. Seine Farbtemperatur von 2000 K und sein gelb-rotes Spektrum beg\u00fcnstigen die Bl\u00fcte der Pflanzen. Verpassen Sie nicht diese Elektrox-Qualit\u00e4tsbeleuchtung, um Ihre Gr\u00fcnfl\u00e4che aufzuwerten!    <\/p>\n","protected":false},"excerpt":{"rendered":"<p>F\u00fcr angehende G\u00e4rtner zu Hause ist hier der Elektrox SUPER BLOOM 150W! Mit einer Leistung von 150 W und einer Spannung von 220-240 V vereint diese CE-zertifizierte HPS\/NDL-Blumenlampe von Elektrox Qualit\u00e4t und Langlebigkeit. Mit einer Betriebsdauer von mehr als 32000 Stunden hat diese Lichtleuchte eine Lichtst\u00e4rke von 16500 lm und eine beeindruckende Lichtausbeute von 110 [&hellip;]<\/p>\n","protected":false},"featured_media":9779,"comment_status":"open","ping_status":"closed","template":"","meta":{"_seopress_robots_primary_cat":"","_seopress_titles_title":"","_seopress_titles_desc":"","_seopress_robots_index":""},"product_brand":[],"product_cat":[562],"product_tag":[],"class_list":{"0":"post-18849","1":"product","2":"type-product","3":"status-publish","4":"has-post-thumbnail","6":"product_cat-natrium","9":"instock","10":"taxable","11":"shipping-taxable","12":"purchasable","13":"product-type-simple","14":"product-grid-view"},"_links":{"self":[{"href":"https:\/\/greenkingdom.ch\/de\/wp-json\/wp\/v2\/product\/18849","targetHints":{"allow":["GET"]}}],"collection":[{"href":"https:\/\/greenkingdom.ch\/de\/wp-json\/wp\/v2\/product"}],"about":[{"href":"https:\/\/greenkingdom.ch\/de\/wp-json\/wp\/v2\/types\/product"}],"replies":[{"embeddable":true,"href":"https:\/\/greenkingdom.ch\/de\/wp-json\/wp\/v2\/comments?post=18849"}],"version-history":[{"count":0,"href":"https:\/\/greenkingdom.ch\/de\/wp-json\/wp\/v2\/product\/18849\/revisions"}],"wp:featuredmedia":[{"embeddable":true,"href":"https:\/\/greenkingdom.ch\/de\/wp-json\/wp\/v2\/media\/9779"}],"wp:attachment":[{"href":"https:\/\/greenkingdom.ch\/de\/wp-json\/wp\/v2\/media?parent=18849"}],"wp:term":[{"taxonomy":"product_brand","embeddable":true,"href":"https:\/\/greenkingdom.ch\/de\/wp-json\/wp\/v2\/product_brand?post=18849"},{"taxonomy":"product_cat","embeddable":true,"href":"https:\/\/greenkingdom.ch\/de\/wp-json\/wp\/v2\/product_cat?post=18849"},{"taxonomy":"product_tag","embeddable":true,"href":"https:\/\/greenkingdom.ch\/de\/wp-json\/wp\/v2\/product_tag?post=18849"}],"curies":[{"name":"wp","href":"https:\/\/api.w.org\/{rel}","templated":true}]}}