{"id":18854,"date":"2024-10-11T16:40:58","date_gmt":"2024-10-11T14:40:58","guid":{"rendered":"https:\/\/greenkingdom.ch\/product\/auvl-dual-ended-gluehbirne-1000w-400v\/"},"modified":"2024-10-11T16:40:58","modified_gmt":"2024-10-11T14:40:58","slug":"auvl-dual-ended-gluehbirne-1000w-400v","status":"publish","type":"product","link":"https:\/\/greenkingdom.ch\/de\/produkt\/auvl-dual-ended-gluehbirne-1000w-400v\/","title":{"rendered":"AUVL Dual Ended Gl\u00fchbirne 1000W &#8211; 400V"},"content":{"rendered":"<p>Entdecken Sie die leistungsstarke AUVL, die ideale Lichtquelle f\u00fcr Ihren Anbau mit Gavita ProLine E-Serie 1000W. Diese 1000 Watt EL Leuchte bietet 1000 Watt Leistung f\u00fcr ein optimales Pflanzenwachstum. Mit einer Lichtintensit\u00e4t von 1850 \u03bcMol und einem PAR von 1150 mmol\/s werden Deine Pflanzen begeistert sein. Genie\u00dfen Sie seine lange Lebensdauer von ca. 10.000 Stunden. Verpassen Sie nicht diese Gelegenheit, Ihre Ergebnisse zu maximieren! EAN: 0702639865387.     <\/p>\n","protected":false},"excerpt":{"rendered":"<p>Entdecken Sie die leistungsstarke AUVL, die ideale Lichtquelle f\u00fcr Ihren Anbau mit Gavita ProLine E-Serie 1000W. Diese 1000 Watt EL Leuchte bietet 1000 Watt Leistung f\u00fcr ein optimales Pflanzenwachstum. Mit einer Lichtintensit\u00e4t von 1850 \u03bcMol und einem PAR von 1150 mmol\/s werden Deine Pflanzen begeistert sein. Genie\u00dfen Sie seine lange Lebensdauer von ca. 10.000 Stunden. [&hellip;]<\/p>\n","protected":false},"featured_media":9768,"comment_status":"open","ping_status":"closed","template":"","meta":{"_seopress_robots_primary_cat":"","_seopress_titles_title":"","_seopress_titles_desc":"","_seopress_robots_index":""},"product_brand":[],"product_cat":[562],"product_tag":[],"class_list":{"0":"post-18854","1":"product","2":"type-product","3":"status-publish","4":"has-post-thumbnail","6":"product_cat-natrium","9":"instock","10":"taxable","11":"shipping-taxable","12":"purchasable","13":"product-type-simple","14":"product-grid-view"},"_links":{"self":[{"href":"https:\/\/greenkingdom.ch\/de\/wp-json\/wp\/v2\/product\/18854","targetHints":{"allow":["GET"]}}],"collection":[{"href":"https:\/\/greenkingdom.ch\/de\/wp-json\/wp\/v2\/product"}],"about":[{"href":"https:\/\/greenkingdom.ch\/de\/wp-json\/wp\/v2\/types\/product"}],"replies":[{"embeddable":true,"href":"https:\/\/greenkingdom.ch\/de\/wp-json\/wp\/v2\/comments?post=18854"}],"version-history":[{"count":0,"href":"https:\/\/greenkingdom.ch\/de\/wp-json\/wp\/v2\/product\/18854\/revisions"}],"wp:featuredmedia":[{"embeddable":true,"href":"https:\/\/greenkingdom.ch\/de\/wp-json\/wp\/v2\/media\/9768"}],"wp:attachment":[{"href":"https:\/\/greenkingdom.ch\/de\/wp-json\/wp\/v2\/media?parent=18854"}],"wp:term":[{"taxonomy":"product_brand","embeddable":true,"href":"https:\/\/greenkingdom.ch\/de\/wp-json\/wp\/v2\/product_brand?post=18854"},{"taxonomy":"product_cat","embeddable":true,"href":"https:\/\/greenkingdom.ch\/de\/wp-json\/wp\/v2\/product_cat?post=18854"},{"taxonomy":"product_tag","embeddable":true,"href":"https:\/\/greenkingdom.ch\/de\/wp-json\/wp\/v2\/product_tag?post=18854"}],"curies":[{"name":"wp","href":"https:\/\/api.w.org\/{rel}","templated":true}]}}