{"id":18857,"date":"2024-10-11T16:40:59","date_gmt":"2024-10-11T14:40:59","guid":{"rendered":"https:\/\/greenkingdom.ch\/product\/prima-klima-pk150-160-fluebblaeser-1400m3-h\/"},"modified":"2024-10-11T16:40:59","modified_gmt":"2024-10-11T14:40:59","slug":"prima-klima-pk150-160-fluebblaeser-1400m3-h","status":"publish","type":"product","link":"https:\/\/greenkingdom.ch\/de\/produkt\/prima-klima-pk150-160-fluebblaeser-1400m3-h\/","title":{"rendered":"Prima Klima PK150\/160 Fl\u00fcbbl\u00e4ser 1400m3\/h"},"content":{"rendered":"<div class=\"value\">\n<h2>Entdecken Sie das WhisperBlower von Primaklima<\/h2>\n<h3>Temperaturregelung &#8211; Bis zu 1400 m\u00b3\/h<\/h3>\n<p>Das WhisperBlower ist die neueste Innovation von Primaklima. In Zusammenarbeit mit EBM-PAPST-Motoren hat Primaklima ein revolution\u00e4res Design entwickelt, das den Luftstrom f\u00fcr eine un\u00fcbertroffene Leistung optimiert. Dieser Profi-Ventilator vereint robuste Qualit\u00e4t mit un\u00fcbertroffener Effizienz.  <\/p>\n<p>Das innovative Design dieses L\u00fcfters bietet eine Leistung, die mit einer Achterbahnfahrt vergleichbar ist: mehr Druck, weniger L\u00e4rm, alles bei minimalem Stromverbrauch.<\/p>\n<h3>Charaktereigenschaften:<\/h3>\n<ul>\n<li>Inline-Kanalventilator mit ebm-papst EC-Motor<\/li>\n<li>Doppelter Flansch &#8211; 150 \/ 160 mm<\/li>\n<li>Leistungsstark, leise und energieeffizient<\/li>\n<li>Optimiertes aerodynamisches Geh\u00e4use<\/li>\n<li>Langlebige Konstruktion aus schwer entflammbarem Polyamid<\/li>\n<li>Integriertes Anschluss- und Steuerungssystem<\/li>\n<\/ul>\n<h3>Technische Daten:<\/h3>\n<ul>\n<li>Flansch: 150 \/ 160 mm<\/li>\n<li>Max. Luftdurchsatz: 1400 m\u00b3\/h <\/li>\n<li>Leistung: 170 W<\/li>\n<li>AC-Eingang: 230 V, 50\/60 Hz, 1,4 A<\/li>\n<li>Tmax: 50\u00b0C<\/li>\n<li>Abmessungen: 334 x 367 mm (BxH)<\/li>\n<li>Gewicht: 3,85 kg (5,50 kg brutto)<\/li>\n<\/ul>\n<div class=\"product attribute ean\"><strong class=\"type\"> <span class=\"value ean\">EAN-8594171433238<\/span><\/strong><\/div>\n<\/div>\n","protected":false},"excerpt":{"rendered":"<p>Entdecken Sie das WhisperBlower von Primaklima Temperaturregelung &#8211; Bis zu 1400 m\u00b3\/h Das WhisperBlower ist die neueste Innovation von Primaklima. In Zusammenarbeit mit EBM-PAPST-Motoren hat Primaklima ein revolution\u00e4res Design entwickelt, das den Luftstrom f\u00fcr eine un\u00fcbertroffene Leistung optimiert. Dieser Profi-Ventilator vereint robuste Qualit\u00e4t mit un\u00fcbertroffener Effizienz. Das innovative Design dieses L\u00fcfters bietet eine Leistung, die [&hellip;]<\/p>\n","protected":false},"featured_media":9833,"comment_status":"open","ping_status":"closed","template":"","meta":{"_seopress_robots_primary_cat":"","_seopress_titles_title":"","_seopress_titles_desc":"","_seopress_robots_index":""},"product_brand":[],"product_cat":[634],"product_tag":[],"class_list":{"0":"post-18857","1":"product","2":"type-product","3":"status-publish","4":"has-post-thumbnail","6":"product_cat-luftabzuege","9":"instock","10":"taxable","11":"shipping-taxable","12":"purchasable","13":"product-type-simple","14":"product-grid-view"},"_links":{"self":[{"href":"https:\/\/greenkingdom.ch\/de\/wp-json\/wp\/v2\/product\/18857","targetHints":{"allow":["GET"]}}],"collection":[{"href":"https:\/\/greenkingdom.ch\/de\/wp-json\/wp\/v2\/product"}],"about":[{"href":"https:\/\/greenkingdom.ch\/de\/wp-json\/wp\/v2\/types\/product"}],"replies":[{"embeddable":true,"href":"https:\/\/greenkingdom.ch\/de\/wp-json\/wp\/v2\/comments?post=18857"}],"version-history":[{"count":0,"href":"https:\/\/greenkingdom.ch\/de\/wp-json\/wp\/v2\/product\/18857\/revisions"}],"wp:featuredmedia":[{"embeddable":true,"href":"https:\/\/greenkingdom.ch\/de\/wp-json\/wp\/v2\/media\/9833"}],"wp:attachment":[{"href":"https:\/\/greenkingdom.ch\/de\/wp-json\/wp\/v2\/media?parent=18857"}],"wp:term":[{"taxonomy":"product_brand","embeddable":true,"href":"https:\/\/greenkingdom.ch\/de\/wp-json\/wp\/v2\/product_brand?post=18857"},{"taxonomy":"product_cat","embeddable":true,"href":"https:\/\/greenkingdom.ch\/de\/wp-json\/wp\/v2\/product_cat?post=18857"},{"taxonomy":"product_tag","embeddable":true,"href":"https:\/\/greenkingdom.ch\/de\/wp-json\/wp\/v2\/product_tag?post=18857"}],"curies":[{"name":"wp","href":"https:\/\/api.w.org\/{rel}","templated":true}]}}