{"id":18871,"date":"2024-10-11T16:40:59","date_gmt":"2024-10-11T14:40:59","guid":{"rendered":"https:\/\/greenkingdom.ch\/product\/sanlight-evo-3-80\/"},"modified":"2024-10-11T16:40:59","modified_gmt":"2024-10-11T14:40:59","slug":"sanlight-evo-3-80","status":"publish","type":"product","link":"https:\/\/greenkingdom.ch\/de\/produkt\/sanlight-evo-3-80\/","title":{"rendered":"Sanlight EVO 3-80"},"content":{"rendered":"<p>Entdecken Sie das formidable <strong>EVO 3-80<\/strong>, perfekt f\u00fcr ein 80x80cm Zelt. Mit 520 \u03bcmol\/s und einem sparsamen Verbrauch von 190 W genie\u00dfen Sie eine intensive Beleuchtung. Der Aufbau der Sekund\u00e4roptik sorgt f\u00fcr eine homogene Lichtverteilung und eine einfache Reinigung. Mit dem optionalen Dimmer kannst Du Deine Pflanzen mit geringer Lichtintensit\u00e4t und geringem Energieverbrauch anbauen und dann auf maximale Intensit\u00e4t umschalten, um eine \u00fcppige Bl\u00fcte zu erzielen. Eigenschaften:<br \/>\n&#8211; Optimiert f\u00fcr 80x80cm<br \/>\n&#8211; Kann ohne CO\u2082<br \/>\n verwendet werden- Optimale Homogenit\u00e4t dank der Sekund\u00e4roptik<br \/>\n&#8211; Optionaler Dimmer zur Energieeinsparung in der vegetativen<br \/>\n Phase- Maximale Ertr\u00e4ge in der Bl\u00fcte bei voller Leistung Erstellen Sie Ihr eigenes individuelles System mit dem Dimmer, dem Netzkabel und dem Zubeh\u00f6r, die separat erh\u00e4ltlich sind. Technische \u00dcbersicht:<br \/>\n&#8211; Leistungsaufnahme: 190W<br \/>\n&#8211; PPF*: 520<br \/>\n&#8211; Abmessungen: 643mm x 291mm x 116mm<br \/>\n&#8211; Schutzart IP65 Lassen Sie sich von diesem einzigartigen Produkt f\u00fcr gedeihliche Kulturen verf\u00fchren!    <\/p>\n","protected":false},"excerpt":{"rendered":"<p>Entdecken Sie das formidable EVO 3-80, perfekt f\u00fcr ein 80x80cm Zelt. Mit 520 \u03bcmol\/s und einem sparsamen Verbrauch von 190 W genie\u00dfen Sie eine intensive Beleuchtung. Der Aufbau der Sekund\u00e4roptik sorgt f\u00fcr eine homogene Lichtverteilung und eine einfache Reinigung. Mit dem optionalen Dimmer kannst Du Deine Pflanzen mit geringer Lichtintensit\u00e4t und geringem Energieverbrauch anbauen und [&hellip;]<\/p>\n","protected":false},"featured_media":9809,"comment_status":"open","ping_status":"closed","template":"","meta":{"_seopress_robots_primary_cat":"","_seopress_titles_title":"","_seopress_titles_desc":"","_seopress_robots_index":""},"product_brand":[],"product_cat":[559],"product_tag":[],"class_list":{"0":"post-18871","1":"product","2":"type-product","3":"status-publish","4":"has-post-thumbnail","6":"product_cat-led-de","9":"instock","10":"taxable","11":"shipping-taxable","12":"purchasable","13":"product-type-simple","14":"product-grid-view"},"_links":{"self":[{"href":"https:\/\/greenkingdom.ch\/de\/wp-json\/wp\/v2\/product\/18871","targetHints":{"allow":["GET"]}}],"collection":[{"href":"https:\/\/greenkingdom.ch\/de\/wp-json\/wp\/v2\/product"}],"about":[{"href":"https:\/\/greenkingdom.ch\/de\/wp-json\/wp\/v2\/types\/product"}],"replies":[{"embeddable":true,"href":"https:\/\/greenkingdom.ch\/de\/wp-json\/wp\/v2\/comments?post=18871"}],"version-history":[{"count":0,"href":"https:\/\/greenkingdom.ch\/de\/wp-json\/wp\/v2\/product\/18871\/revisions"}],"wp:featuredmedia":[{"embeddable":true,"href":"https:\/\/greenkingdom.ch\/de\/wp-json\/wp\/v2\/media\/9809"}],"wp:attachment":[{"href":"https:\/\/greenkingdom.ch\/de\/wp-json\/wp\/v2\/media?parent=18871"}],"wp:term":[{"taxonomy":"product_brand","embeddable":true,"href":"https:\/\/greenkingdom.ch\/de\/wp-json\/wp\/v2\/product_brand?post=18871"},{"taxonomy":"product_cat","embeddable":true,"href":"https:\/\/greenkingdom.ch\/de\/wp-json\/wp\/v2\/product_cat?post=18871"},{"taxonomy":"product_tag","embeddable":true,"href":"https:\/\/greenkingdom.ch\/de\/wp-json\/wp\/v2\/product_tag?post=18871"}],"curies":[{"name":"wp","href":"https:\/\/api.w.org\/{rel}","templated":true}]}}