{"id":18872,"date":"2024-10-11T16:41:00","date_gmt":"2024-10-11T14:41:00","guid":{"rendered":"https:\/\/greenkingdom.ch\/product\/inline-luefter-125mm\/"},"modified":"2024-10-11T16:41:00","modified_gmt":"2024-10-11T14:41:00","slug":"inline-luefter-125mm","status":"publish","type":"product","link":"https:\/\/greenkingdom.ch\/de\/produkt\/inline-luefter-125mm\/","title":{"rendered":"Inline L\u00fcfter 125mm"},"content":{"rendered":"<p>Kanal Eco 125mm &#8211; Ideal f\u00fcr eine bessere Bel\u00fcftung! Der 125mm Duct Eco passt auf alle Schl\u00e4uche und 125mm \u00d6ffnungen f\u00fcr Ihr Zelt oder Ihre Box. Dieser Inline-L\u00fcfter eignet sich perfekt, um k\u00fchle Luft hereinzulassen, und ist unverzichtbar an Orten, an denen der Lufteinlass begrenzt ist. Bitte beachten Sie, dass keine Kabel im Lieferumfang enthalten sind, Sie diese aber hier erhalten k\u00f6nnen: https:\/\/www.fourtwenty.ch\/anschlusskabel-2-polig-2m-p-9885.html EAN: 8436554761173<\/p>\n","protected":false},"excerpt":{"rendered":"<p>Kanal Eco 125mm &#8211; Ideal f\u00fcr eine bessere Bel\u00fcftung! Der 125mm Duct Eco passt auf alle Schl\u00e4uche und 125mm \u00d6ffnungen f\u00fcr Ihr Zelt oder Ihre Box. Dieser Inline-L\u00fcfter eignet sich perfekt, um k\u00fchle Luft hereinzulassen, und ist unverzichtbar an Orten, an denen der Lufteinlass begrenzt ist. Bitte beachten Sie, dass keine Kabel im Lieferumfang enthalten [&hellip;]<\/p>\n","protected":false},"featured_media":9878,"comment_status":"open","ping_status":"closed","template":"","meta":{"_seopress_robots_primary_cat":"","_seopress_titles_title":"","_seopress_titles_desc":"","_seopress_robots_index":""},"product_brand":[],"product_cat":[634],"product_tag":[],"class_list":{"0":"post-18872","1":"product","2":"type-product","3":"status-publish","4":"has-post-thumbnail","6":"product_cat-luftabzuege","9":"instock","10":"taxable","11":"shipping-taxable","12":"purchasable","13":"product-type-simple","14":"product-grid-view"},"_links":{"self":[{"href":"https:\/\/greenkingdom.ch\/de\/wp-json\/wp\/v2\/product\/18872","targetHints":{"allow":["GET"]}}],"collection":[{"href":"https:\/\/greenkingdom.ch\/de\/wp-json\/wp\/v2\/product"}],"about":[{"href":"https:\/\/greenkingdom.ch\/de\/wp-json\/wp\/v2\/types\/product"}],"replies":[{"embeddable":true,"href":"https:\/\/greenkingdom.ch\/de\/wp-json\/wp\/v2\/comments?post=18872"}],"version-history":[{"count":0,"href":"https:\/\/greenkingdom.ch\/de\/wp-json\/wp\/v2\/product\/18872\/revisions"}],"wp:featuredmedia":[{"embeddable":true,"href":"https:\/\/greenkingdom.ch\/de\/wp-json\/wp\/v2\/media\/9878"}],"wp:attachment":[{"href":"https:\/\/greenkingdom.ch\/de\/wp-json\/wp\/v2\/media?parent=18872"}],"wp:term":[{"taxonomy":"product_brand","embeddable":true,"href":"https:\/\/greenkingdom.ch\/de\/wp-json\/wp\/v2\/product_brand?post=18872"},{"taxonomy":"product_cat","embeddable":true,"href":"https:\/\/greenkingdom.ch\/de\/wp-json\/wp\/v2\/product_cat?post=18872"},{"taxonomy":"product_tag","embeddable":true,"href":"https:\/\/greenkingdom.ch\/de\/wp-json\/wp\/v2\/product_tag?post=18872"}],"curies":[{"name":"wp","href":"https:\/\/api.w.org\/{rel}","templated":true}]}}