{"id":18876,"date":"2024-10-11T16:41:00","date_gmt":"2024-10-11T14:41:00","guid":{"rendered":"https:\/\/greenkingdom.ch\/product\/prima-klima-pk150-160-fluebblaeser-720m3-h\/"},"modified":"2024-10-11T16:41:00","modified_gmt":"2024-10-11T14:41:00","slug":"prima-klima-pk150-160-fluebblaeser-720m3-h","status":"publish","type":"product","link":"https:\/\/greenkingdom.ch\/de\/produkt\/prima-klima-pk150-160-fluebblaeser-720m3-h\/","title":{"rendered":"Prima Klima PK150-160 Fl\u00fcbbl\u00e4ser 720m3\/h"},"content":{"rendered":"<p>Entdecken Sie das Primaklima Fl\u00fcstergebl\u00e4se &#8211; Single Speed 720 m\u00b3\/h Die neueste Innovation von Primaklima, das WhisperBlower, bietet dank eines revolution\u00e4ren Designs, das in Zusammenarbeit mit ebm-papst entwickelt wurde, eine un\u00fcbertroffene Effizienz. Dieser professionelle L\u00fcfter definiert den Luftstrom neu und kombiniert au\u00dfergew\u00f6hnliche Leistung, Energieeinsparung und absolute Ger\u00e4uschlosigkeit. Merkmale:- Primaklima Rohrventilatoren,<br \/>\n ausgestattet mit EBM-PAST-Motor.<br \/>\n&#8211; 150 \/ 160 mm Doppelflansch.<br \/>\n&#8211; Langlebige und langlebige Polyamidkonstruktion.<br \/>\n&#8211; Vollst\u00e4ndige Integration von Komponenten und Steuerung in das Geh\u00e4use. Technische Daten:<br \/>\n&#8211; Flansch: 150 \/ 160 mm<br \/>\n&#8211; Maximaler Luftstrom: 720 m\u00b3\/h<br \/>\n&#8211; Leistung: 155 W<br \/>\n&#8211; AC-Eingang: 230 V, 50\/60 Hz, 0,70 A<br \/>\n&#8211; Maximale Temperatur: 50\u00b0C<br \/>\n&#8211; Abmessungen: 334 x 367 mm (B x H)<br \/>\n&#8211; Gewicht: 3,95 kg (5,60 kg Btto.) EAN: 8594171433436 Erleben Sie die Kraft und Qualit\u00e4t des Fl\u00fcstergebl\u00e4ses von Primaklima f\u00fcr saubere Luft und eine angenehme Atmosph\u00e4re.<\/p>\n","protected":false},"excerpt":{"rendered":"<p>Entdecken Sie das Primaklima Fl\u00fcstergebl\u00e4se &#8211; Single Speed 720 m\u00b3\/h Die neueste Innovation von Primaklima, das WhisperBlower, bietet dank eines revolution\u00e4ren Designs, das in Zusammenarbeit mit ebm-papst entwickelt wurde, eine un\u00fcbertroffene Effizienz. Dieser professionelle L\u00fcfter definiert den Luftstrom neu und kombiniert au\u00dfergew\u00f6hnliche Leistung, Energieeinsparung und absolute Ger\u00e4uschlosigkeit. Merkmale:- Primaklima Rohrventilatoren, ausgestattet mit EBM-PAST-Motor. &#8211; 150 [&hellip;]<\/p>\n","protected":false},"featured_media":9888,"comment_status":"open","ping_status":"closed","template":"","meta":{"_seopress_robots_primary_cat":"","_seopress_titles_title":"","_seopress_titles_desc":"","_seopress_robots_index":""},"product_brand":[],"product_cat":[634],"product_tag":[],"class_list":{"0":"post-18876","1":"product","2":"type-product","3":"status-publish","4":"has-post-thumbnail","6":"product_cat-luftabzuege","9":"instock","10":"taxable","11":"shipping-taxable","12":"purchasable","13":"product-type-simple","14":"product-grid-view"},"_links":{"self":[{"href":"https:\/\/greenkingdom.ch\/de\/wp-json\/wp\/v2\/product\/18876","targetHints":{"allow":["GET"]}}],"collection":[{"href":"https:\/\/greenkingdom.ch\/de\/wp-json\/wp\/v2\/product"}],"about":[{"href":"https:\/\/greenkingdom.ch\/de\/wp-json\/wp\/v2\/types\/product"}],"replies":[{"embeddable":true,"href":"https:\/\/greenkingdom.ch\/de\/wp-json\/wp\/v2\/comments?post=18876"}],"version-history":[{"count":0,"href":"https:\/\/greenkingdom.ch\/de\/wp-json\/wp\/v2\/product\/18876\/revisions"}],"wp:featuredmedia":[{"embeddable":true,"href":"https:\/\/greenkingdom.ch\/de\/wp-json\/wp\/v2\/media\/9888"}],"wp:attachment":[{"href":"https:\/\/greenkingdom.ch\/de\/wp-json\/wp\/v2\/media?parent=18876"}],"wp:term":[{"taxonomy":"product_brand","embeddable":true,"href":"https:\/\/greenkingdom.ch\/de\/wp-json\/wp\/v2\/product_brand?post=18876"},{"taxonomy":"product_cat","embeddable":true,"href":"https:\/\/greenkingdom.ch\/de\/wp-json\/wp\/v2\/product_cat?post=18876"},{"taxonomy":"product_tag","embeddable":true,"href":"https:\/\/greenkingdom.ch\/de\/wp-json\/wp\/v2\/product_tag?post=18876"}],"curies":[{"name":"wp","href":"https:\/\/api.w.org\/{rel}","templated":true}]}}