{"id":18885,"date":"2024-10-11T16:41:00","date_gmt":"2024-10-11T14:41:00","guid":{"rendered":"https:\/\/greenkingdom.ch\/product\/ec-silent-tube-280m3-h-125mm\/"},"modified":"2024-10-11T16:41:00","modified_gmt":"2024-10-11T14:41:00","slug":"ec-silent-tube-280m3-h-125mm","status":"publish","type":"product","link":"https:\/\/greenkingdom.ch\/de\/produkt\/ec-silent-tube-280m3-h-125mm\/","title":{"rendered":"EC Silent Tube 280m3\/h 125mm"},"content":{"rendered":"<p>Kompakter und leiser Rohrventilator mit CE-Technologie, optimiert f\u00fcr hohe Leistung und geringen Energieverbrauch. Entwickelt f\u00fcr eine einfache Installation und den vielseitigen Einsatz in einer Vielzahl von Umgebungen. Genie\u00dfen Sie einen leisen und leisen Betrieb dank seiner Schalld\u00e4mmung aus Melaminschaum. Dieser Plug-and-Play-L\u00fcfter l\u00e4sst sich perfekt mit den digitalen CarbonActive EC-Controllern kombinieren. Erzielen Sie eine effiziente Bel\u00fcftung und einen hohen Druck, um Hindernisse zu \u00fcberwinden, bei gleichzeitig geringem Platzbedarf und hoher Druckreserve. Reduzieren Sie die Installationskosten und profitieren Sie von optimaler Steuerbarkeit. Entdecken Sie den ebm-papst Radialventilator K3G133-RA01-03 mit Melamin-Schalld\u00e4mmung, 125 mm Anschluss, 450 Pa Druck und kompakten Abmessungen von L:460 mm x B:250 mm x H:250 mm. Eine zuverl\u00e4ssige und effiziente Wahl f\u00fcr Ihre L\u00fcftungsanforderungen. Genie\u00dfen Sie die Vorteile von Effizienz und Leistung mit diesem Qualit\u00e4tsartikel.        <\/p>\n","protected":false},"excerpt":{"rendered":"<p>Kompakter und leiser Rohrventilator mit CE-Technologie, optimiert f\u00fcr hohe Leistung und geringen Energieverbrauch. Entwickelt f\u00fcr eine einfache Installation und den vielseitigen Einsatz in einer Vielzahl von Umgebungen. Genie\u00dfen Sie einen leisen und leisen Betrieb dank seiner Schalld\u00e4mmung aus Melaminschaum. Dieser Plug-and-Play-L\u00fcfter l\u00e4sst sich perfekt mit den digitalen CarbonActive EC-Controllern kombinieren. Erzielen Sie eine effiziente Bel\u00fcftung [&hellip;]<\/p>\n","protected":false},"featured_media":9857,"comment_status":"open","ping_status":"closed","template":"","meta":{"_seopress_robots_primary_cat":"","_seopress_titles_title":"","_seopress_titles_desc":"","_seopress_robots_index":""},"product_brand":[],"product_cat":[634],"product_tag":[],"class_list":{"0":"post-18885","1":"product","2":"type-product","3":"status-publish","4":"has-post-thumbnail","6":"product_cat-luftabzuege","9":"instock","10":"taxable","11":"shipping-taxable","12":"purchasable","13":"product-type-simple","14":"product-grid-view"},"_links":{"self":[{"href":"https:\/\/greenkingdom.ch\/de\/wp-json\/wp\/v2\/product\/18885","targetHints":{"allow":["GET"]}}],"collection":[{"href":"https:\/\/greenkingdom.ch\/de\/wp-json\/wp\/v2\/product"}],"about":[{"href":"https:\/\/greenkingdom.ch\/de\/wp-json\/wp\/v2\/types\/product"}],"replies":[{"embeddable":true,"href":"https:\/\/greenkingdom.ch\/de\/wp-json\/wp\/v2\/comments?post=18885"}],"version-history":[{"count":0,"href":"https:\/\/greenkingdom.ch\/de\/wp-json\/wp\/v2\/product\/18885\/revisions"}],"wp:featuredmedia":[{"embeddable":true,"href":"https:\/\/greenkingdom.ch\/de\/wp-json\/wp\/v2\/media\/9857"}],"wp:attachment":[{"href":"https:\/\/greenkingdom.ch\/de\/wp-json\/wp\/v2\/media?parent=18885"}],"wp:term":[{"taxonomy":"product_brand","embeddable":true,"href":"https:\/\/greenkingdom.ch\/de\/wp-json\/wp\/v2\/product_brand?post=18885"},{"taxonomy":"product_cat","embeddable":true,"href":"https:\/\/greenkingdom.ch\/de\/wp-json\/wp\/v2\/product_cat?post=18885"},{"taxonomy":"product_tag","embeddable":true,"href":"https:\/\/greenkingdom.ch\/de\/wp-json\/wp\/v2\/product_tag?post=18885"}],"curies":[{"name":"wp","href":"https:\/\/api.w.org\/{rel}","templated":true}]}}