{"id":18887,"date":"2024-10-11T16:41:00","date_gmt":"2024-10-11T14:41:00","guid":{"rendered":"https:\/\/greenkingdom.ch\/product\/sp-td-160m3-h-100mm-leise\/"},"modified":"2024-10-11T16:41:00","modified_gmt":"2024-10-11T14:41:00","slug":"sp-td-160m3-h-100mm-leise","status":"publish","type":"product","link":"https:\/\/greenkingdom.ch\/de\/produkt\/sp-td-160m3-h-100mm-leise\/","title":{"rendered":"S&amp;P TD 160m3\/h 100mm Leise"},"content":{"rendered":"<p>Lernen Sie den S&amp;P TD-160\/100 N Silent kennen, den kompaktesten Silent-L\u00fcfter! Dank seiner geringen Gr\u00f6\u00dfe f\u00fcgt er sich perfekt in jeden Raum ein, auch in den kleinsten. Trotz seiner Kompaktheit ist dieser L\u00fcfter unglaublich leise! S&amp;P, eine renommierte Marke f\u00fcr den Hersteller von Ventilatoren, pr\u00e4sentiert mit dem TD SILENT einen der leisesten seiner Klasse. Mit einer Reduzierung von bis zu 12 dB(A) im Vergleich zu seinen Mitbewerbern revolutioniert dieser L\u00fcfter den Markt f\u00fcr Rohrventilatoren. Schallwellen werden dank seiner internen Struktur absorbiert, die speziell zur Begrenzung von L\u00e4rm entwickelt wurde. Die S&amp;P Silent L\u00fcfter sind ohne Teilung ausgef\u00fchrt. Die Drehzahl kann nur durch einen Schritt-f\u00fcr-Schritt-Transformator geregelt werden. Bitte beachten Sie, dass das Kabel nicht im Lieferumfang enthalten ist. Eigenschaften:<br \/>\n&#8211; Hochwertiges<br \/>\n Kunststoffgeh\u00e4use- Einfache Installation mit einer abnehmbaren Motoreinheit und integrierter<br \/>\n Montagekonsole- Stromversorgung: 230V, 50 Hz<br \/>\n&#8211; Drehzahl: 2500\/2200 U\/min<br \/>\n&#8211; Maximale Leistung: 25\/12 W<br \/>\n&#8211; Luftstrom: 180\/140 m3\/h<br \/>\n&#8211; Schalldruckpegel: 24\/21 db(A)<br \/>\n&#8211; Max. Temperatur: 40\u00b0C<br \/>\n&#8211; Gewicht: 1,5 kg Verpassen Sie nicht die EAN:  8413893080240, um Ihnen dieses Juwel der leisen Technologie zu besorgen!  <\/p>\n","protected":false},"excerpt":{"rendered":"<p>Lernen Sie den S&amp;P TD-160\/100 N Silent kennen, den kompaktesten Silent-L\u00fcfter! Dank seiner geringen Gr\u00f6\u00dfe f\u00fcgt er sich perfekt in jeden Raum ein, auch in den kleinsten. Trotz seiner Kompaktheit ist dieser L\u00fcfter unglaublich leise! S&amp;P, eine renommierte Marke f\u00fcr den Hersteller von Ventilatoren, pr\u00e4sentiert mit dem TD SILENT einen der leisesten seiner Klasse. Mit [&hellip;]<\/p>\n","protected":false},"featured_media":9845,"comment_status":"open","ping_status":"closed","template":"","meta":{"_seopress_robots_primary_cat":"","_seopress_titles_title":"","_seopress_titles_desc":"","_seopress_robots_index":""},"product_brand":[],"product_cat":[634],"product_tag":[],"class_list":{"0":"post-18887","1":"product","2":"type-product","3":"status-publish","4":"has-post-thumbnail","6":"product_cat-luftabzuege","9":"instock","10":"taxable","11":"shipping-taxable","12":"purchasable","13":"product-type-simple","14":"product-grid-view"},"_links":{"self":[{"href":"https:\/\/greenkingdom.ch\/de\/wp-json\/wp\/v2\/product\/18887","targetHints":{"allow":["GET"]}}],"collection":[{"href":"https:\/\/greenkingdom.ch\/de\/wp-json\/wp\/v2\/product"}],"about":[{"href":"https:\/\/greenkingdom.ch\/de\/wp-json\/wp\/v2\/types\/product"}],"replies":[{"embeddable":true,"href":"https:\/\/greenkingdom.ch\/de\/wp-json\/wp\/v2\/comments?post=18887"}],"version-history":[{"count":0,"href":"https:\/\/greenkingdom.ch\/de\/wp-json\/wp\/v2\/product\/18887\/revisions"}],"wp:featuredmedia":[{"embeddable":true,"href":"https:\/\/greenkingdom.ch\/de\/wp-json\/wp\/v2\/media\/9845"}],"wp:attachment":[{"href":"https:\/\/greenkingdom.ch\/de\/wp-json\/wp\/v2\/media?parent=18887"}],"wp:term":[{"taxonomy":"product_brand","embeddable":true,"href":"https:\/\/greenkingdom.ch\/de\/wp-json\/wp\/v2\/product_brand?post=18887"},{"taxonomy":"product_cat","embeddable":true,"href":"https:\/\/greenkingdom.ch\/de\/wp-json\/wp\/v2\/product_cat?post=18887"},{"taxonomy":"product_tag","embeddable":true,"href":"https:\/\/greenkingdom.ch\/de\/wp-json\/wp\/v2\/product_tag?post=18887"}],"curies":[{"name":"wp","href":"https:\/\/api.w.org\/{rel}","templated":true}]}}