{"id":18892,"date":"2024-10-11T16:41:01","date_gmt":"2024-10-11T14:41:01","guid":{"rendered":"https:\/\/greenkingdom.ch\/product\/sp-td-800m3-h-200mm-leise\/"},"modified":"2024-10-11T16:41:01","modified_gmt":"2024-10-11T14:41:01","slug":"sp-td-800m3-h-200mm-leise","status":"publish","type":"product","link":"https:\/\/greenkingdom.ch\/de\/produkt\/sp-td-800m3-h-200mm-leise\/","title":{"rendered":"S&amp;P TD 800m3\/h 200mm Leise"},"content":{"rendered":"<p>Der leise Rohrventilator S&amp;P TD-800\/200 eignet sich perfekt f\u00fcr R\u00e4ume mit einer Lichtleistung von bis zu 1200 W. Mit seiner schalldichten Bauweise geh\u00f6rt er zu den leisesten seiner Klasse. S&amp;P, ein renommierter Hersteller von Ventilatoren, bietet modernste Technologie f\u00fcr einen extrem leisen Betrieb. Sein innovatives Design sorgt dank der effektiven internen Schallabsorption f\u00fcr eine bis zu 12 dB(A) leisere Leistung als bei vergleichbaren Modellen.<br \/>\nDieser L\u00fcfter muss nicht eingestellt werden, er wird nur von einem Schritt-f\u00fcr-Schritt-Transformator gesteuert, um die Bedienung zu erleichtern. Beachten Sie, dass das Kabel nicht im Lieferumfang enthalten ist.<br \/>\nZu den Spezifikationen geh\u00f6ren ein hochwertiges ABS-Kunststoffgeh\u00e4use, ein \u00e4u\u00dferer Klemmenkasten und eine integrierte Montagehalterung f\u00fcr eine einfache Wand- oder Deckenmontage. Mit einer einstellbaren Drehzahl von 2780\/2480 U\/min, einem maximalen Verbrauch von 70\/60 W und einem Luftstrom von 880\/700 m\u00b3\/h ist dieser Hochleistungsl\u00fcfter ideal f\u00fcr eine Vielzahl von Anwendungen.<br \/>\nVerpassen Sie nicht die Gelegenheit, diesen leisen S&amp;P-Ventilator zu erwerben, der perfekt an Ihre L\u00fcftungsbed\u00fcrfnisse angepasst ist!     <\/p>\n","protected":false},"excerpt":{"rendered":"<p>Der leise Rohrventilator S&amp;P TD-800\/200 eignet sich perfekt f\u00fcr R\u00e4ume mit einer Lichtleistung von bis zu 1200 W. Mit seiner schalldichten Bauweise geh\u00f6rt er zu den leisesten seiner Klasse. S&amp;P, ein renommierter Hersteller von Ventilatoren, bietet modernste Technologie f\u00fcr einen extrem leisen Betrieb. Sein innovatives Design sorgt dank der effektiven internen Schallabsorption f\u00fcr eine bis [&hellip;]<\/p>\n","protected":false},"featured_media":9937,"comment_status":"open","ping_status":"closed","template":"","meta":{"_seopress_robots_primary_cat":"","_seopress_titles_title":"","_seopress_titles_desc":"","_seopress_robots_index":""},"product_brand":[],"product_cat":[634],"product_tag":[],"class_list":{"0":"post-18892","1":"product","2":"type-product","3":"status-publish","4":"has-post-thumbnail","6":"product_cat-luftabzuege","9":"instock","10":"taxable","11":"shipping-taxable","12":"purchasable","13":"product-type-simple","14":"product-grid-view"},"_links":{"self":[{"href":"https:\/\/greenkingdom.ch\/de\/wp-json\/wp\/v2\/product\/18892","targetHints":{"allow":["GET"]}}],"collection":[{"href":"https:\/\/greenkingdom.ch\/de\/wp-json\/wp\/v2\/product"}],"about":[{"href":"https:\/\/greenkingdom.ch\/de\/wp-json\/wp\/v2\/types\/product"}],"replies":[{"embeddable":true,"href":"https:\/\/greenkingdom.ch\/de\/wp-json\/wp\/v2\/comments?post=18892"}],"version-history":[{"count":0,"href":"https:\/\/greenkingdom.ch\/de\/wp-json\/wp\/v2\/product\/18892\/revisions"}],"wp:featuredmedia":[{"embeddable":true,"href":"https:\/\/greenkingdom.ch\/de\/wp-json\/wp\/v2\/media\/9937"}],"wp:attachment":[{"href":"https:\/\/greenkingdom.ch\/de\/wp-json\/wp\/v2\/media?parent=18892"}],"wp:term":[{"taxonomy":"product_brand","embeddable":true,"href":"https:\/\/greenkingdom.ch\/de\/wp-json\/wp\/v2\/product_brand?post=18892"},{"taxonomy":"product_cat","embeddable":true,"href":"https:\/\/greenkingdom.ch\/de\/wp-json\/wp\/v2\/product_cat?post=18892"},{"taxonomy":"product_tag","embeddable":true,"href":"https:\/\/greenkingdom.ch\/de\/wp-json\/wp\/v2\/product_tag?post=18892"}],"curies":[{"name":"wp","href":"https:\/\/api.w.org\/{rel}","templated":true}]}}