{"id":18901,"date":"2024-10-11T16:41:01","date_gmt":"2024-10-11T14:41:01","guid":{"rendered":"https:\/\/greenkingdom.ch\/product\/inline-luefter-150mm\/"},"modified":"2024-10-11T16:41:01","modified_gmt":"2024-10-11T14:41:01","slug":"inline-luefter-150mm","status":"publish","type":"product","link":"https:\/\/greenkingdom.ch\/de\/produkt\/inline-luefter-150mm\/","title":{"rendered":"Inline-L\u00fcfter 150mm"},"content":{"rendered":"<p>Eco Duct 150mm ist perfekt f\u00fcr alle 150mm Rohre und \u00d6ffnungen von Zelten\/Boxen. Dieser Eco Duct ist ideal, um Frischluft in die mitgelieferten Befestigungsbereiche eindringen zu lassen. An Orten, an denen die Luftzufuhr unzureichend ist, ist dieser Reihenventilator unerl\u00e4sslich! Bitte beachten Sie, dass keine Kabel im Lieferumfang enthalten sind! (Artikel-Nr.: BR-ANLEIT2POL) Mehr erfahren \u00fcber: https:\/\/www.fourtwenty.ch\/anschlusskabel-2-polig-2m-p-9885.html  <\/p>\n","protected":false},"excerpt":{"rendered":"<p>Eco Duct 150mm ist perfekt f\u00fcr alle 150mm Rohre und \u00d6ffnungen von Zelten\/Boxen. Dieser Eco Duct ist ideal, um Frischluft in die mitgelieferten Befestigungsbereiche eindringen zu lassen. An Orten, an denen die Luftzufuhr unzureichend ist, ist dieser Reihenventilator unerl\u00e4sslich! Bitte beachten Sie, dass keine Kabel im Lieferumfang enthalten sind! (Artikel-Nr.: BR-ANLEIT2POL) Mehr erfahren \u00fcber: https:\/\/www.fourtwenty.ch\/anschlusskabel-2-polig-2m-p-9885.html<\/p>\n","protected":false},"featured_media":9910,"comment_status":"open","ping_status":"closed","template":"","meta":{"_seopress_robots_primary_cat":"","_seopress_titles_title":"","_seopress_titles_desc":"","_seopress_robots_index":""},"product_brand":[],"product_cat":[634],"product_tag":[],"class_list":{"0":"post-18901","1":"product","2":"type-product","3":"status-publish","4":"has-post-thumbnail","6":"product_cat-luftabzuege","9":"instock","10":"taxable","11":"shipping-taxable","12":"purchasable","13":"product-type-simple","14":"product-grid-view"},"_links":{"self":[{"href":"https:\/\/greenkingdom.ch\/de\/wp-json\/wp\/v2\/product\/18901","targetHints":{"allow":["GET"]}}],"collection":[{"href":"https:\/\/greenkingdom.ch\/de\/wp-json\/wp\/v2\/product"}],"about":[{"href":"https:\/\/greenkingdom.ch\/de\/wp-json\/wp\/v2\/types\/product"}],"replies":[{"embeddable":true,"href":"https:\/\/greenkingdom.ch\/de\/wp-json\/wp\/v2\/comments?post=18901"}],"version-history":[{"count":0,"href":"https:\/\/greenkingdom.ch\/de\/wp-json\/wp\/v2\/product\/18901\/revisions"}],"wp:featuredmedia":[{"embeddable":true,"href":"https:\/\/greenkingdom.ch\/de\/wp-json\/wp\/v2\/media\/9910"}],"wp:attachment":[{"href":"https:\/\/greenkingdom.ch\/de\/wp-json\/wp\/v2\/media?parent=18901"}],"wp:term":[{"taxonomy":"product_brand","embeddable":true,"href":"https:\/\/greenkingdom.ch\/de\/wp-json\/wp\/v2\/product_brand?post=18901"},{"taxonomy":"product_cat","embeddable":true,"href":"https:\/\/greenkingdom.ch\/de\/wp-json\/wp\/v2\/product_cat?post=18901"},{"taxonomy":"product_tag","embeddable":true,"href":"https:\/\/greenkingdom.ch\/de\/wp-json\/wp\/v2\/product_tag?post=18901"}],"curies":[{"name":"wp","href":"https:\/\/api.w.org\/{rel}","templated":true}]}}