{"id":18903,"date":"2024-10-11T16:41:02","date_gmt":"2024-10-11T14:41:02","guid":{"rendered":"https:\/\/greenkingdom.ch\/product\/rhino-pro-300m3-h-125mm\/"},"modified":"2024-10-11T16:41:02","modified_gmt":"2024-10-11T14:41:02","slug":"rhino-pro-300m3-h-125mm","status":"publish","type":"product","link":"https:\/\/greenkingdom.ch\/de\/produkt\/rhino-pro-300m3-h-125mm\/","title":{"rendered":"Rhino Pro 300m3\/h 125mm"},"content":{"rendered":"<h2>Rhino Pro Filter f\u00fcr maximale Leistung und perfekte Geruchskontrolle<\/h2>\n<h3><strong>Hochwirksame Geruchsbeseitigung mit fortschrittlicher Aktivkohletechnologie<\/strong><\/h3>\n<p>Entdecken Sie die hochmoderne Technologie der Rhino Pro Filter &#8211; die ultimative L\u00f6sung f\u00fcr eine zuverl\u00e4ssige Geruchskontrolle in Ihrem L\u00fcftungssystem. Diese Filter garantieren dank hochwertiger Aktivkohletechnologie und ausgekl\u00fcgeltem Design eine maximale Luftreinigung. Rhino Pro-Filter sind perfekt f\u00fcr anspruchsvolle Anforderungen geeignet und sorgen f\u00fcr frische, geruchsfreie Luft, selbst in rauen Umgebungen.  <\/p>\n<p><strong>Highlights im \u00dcberblick:<\/strong><\/p>\n<ul>\n<li><strong>Optimale Geruchsentfernung:<\/strong> Effiziente Abscheidung von Geruchsmolek\u00fclen dank hochwertiger australischer Aktivkohle.<\/li>\n<li><strong>Haltbarkeit:<\/strong> Robustheit und lange Lebensdauer garantiert.<\/li>\n<li><strong>Benutzerfreundlichkeit:<\/strong> Diese Filter sind leicht und einfach zu installieren und leicht zu transportieren.<\/li>\n<li><strong>Innovatives Design:<\/strong> Gleichm\u00e4\u00dfiger Luftstrom und hohe Filtrationseffizienz.<\/li>\n<li><strong>Maximale Sauberkeit:<\/strong> Geringe Ascheentwicklung f\u00fcr optimale Filtration.<\/li>\n<\/ul>\n<h3>Technische Eigenschaften von granulierter Aktivkohle<\/h3>\n<ul>\n<li>Korngr\u00f6\u00dfe: zwischen 1,7 und 4,75 mm (\u00b15%)<\/li>\n<li>Jodzahl: 1050g\/mg (minimum)*<\/li>\n<li>Wasserl\u00f6slicher Aschegehalt: &lt;1%<\/li>\n<li>Aschegehalt gesamt: &lt;13%<\/li>\n<li>Sch\u00fcttdichte: 0,3-0,4 g\/cm\u00b3<\/li>\n<li>Luftfeuchtigkeit: &lt;2%<\/li>\n<\/ul>\n<p>* Der Jodwert misst die Adsorptionskapazit\u00e4t von Aktivkohle. Ein hoher Wert deutet auf eine bessere F\u00e4higkeit hin, Geruchsmolek\u00fcle aus der Luft zu absorbieren. Die Rhino Pro Filter, mit einem Jodwert von 1050g\/mg, bieten eine optimale Geruchsneutralisation.  <\/p>\n<h3>Filter-Spezifikationen:<\/h3>\n<ul>\n<li>Flanschgr\u00f6\u00dfe: 125 mm<\/li>\n<li>Luftstrom: 300 m3\/h<\/li>\n<li>Gebl\u00e4seleistung: 350 m3\/h<\/li>\n<li>Abmessungen: 225 x 200 mm<\/li>\n<li>Gewicht: 2,9 kg<\/li>\n<\/ul>\n<div class=\"product attribute ean\"><strong class=\"type\"> <span class=\"value ean\">EAN-6957622301579<\/span><\/strong><\/div>\n","protected":false},"excerpt":{"rendered":"<p>Rhino Pro Filter f\u00fcr maximale Leistung und perfekte Geruchskontrolle Hochwirksame Geruchsbeseitigung mit fortschrittlicher Aktivkohletechnologie Entdecken Sie die hochmoderne Technologie der Rhino Pro Filter &#8211; die ultimative L\u00f6sung f\u00fcr eine zuverl\u00e4ssige Geruchskontrolle in Ihrem L\u00fcftungssystem. Diese Filter garantieren dank hochwertiger Aktivkohletechnologie und ausgekl\u00fcgeltem Design eine maximale Luftreinigung. Rhino Pro-Filter sind perfekt f\u00fcr anspruchsvolle Anforderungen geeignet und [&hellip;]<\/p>\n","protected":false},"featured_media":9979,"comment_status":"open","ping_status":"closed","template":"","meta":{"_seopress_robots_primary_cat":"","_seopress_titles_title":"","_seopress_titles_desc":"","_seopress_robots_index":""},"product_brand":[],"product_cat":[637],"product_tag":[],"class_list":{"0":"post-18903","1":"product","2":"type-product","3":"status-publish","4":"has-post-thumbnail","6":"product_cat-aktivkohlefilter","9":"instock","10":"taxable","11":"shipping-taxable","12":"purchasable","13":"product-type-simple","14":"product-grid-view"},"_links":{"self":[{"href":"https:\/\/greenkingdom.ch\/de\/wp-json\/wp\/v2\/product\/18903","targetHints":{"allow":["GET"]}}],"collection":[{"href":"https:\/\/greenkingdom.ch\/de\/wp-json\/wp\/v2\/product"}],"about":[{"href":"https:\/\/greenkingdom.ch\/de\/wp-json\/wp\/v2\/types\/product"}],"replies":[{"embeddable":true,"href":"https:\/\/greenkingdom.ch\/de\/wp-json\/wp\/v2\/comments?post=18903"}],"version-history":[{"count":0,"href":"https:\/\/greenkingdom.ch\/de\/wp-json\/wp\/v2\/product\/18903\/revisions"}],"wp:featuredmedia":[{"embeddable":true,"href":"https:\/\/greenkingdom.ch\/de\/wp-json\/wp\/v2\/media\/9979"}],"wp:attachment":[{"href":"https:\/\/greenkingdom.ch\/de\/wp-json\/wp\/v2\/media?parent=18903"}],"wp:term":[{"taxonomy":"product_brand","embeddable":true,"href":"https:\/\/greenkingdom.ch\/de\/wp-json\/wp\/v2\/product_brand?post=18903"},{"taxonomy":"product_cat","embeddable":true,"href":"https:\/\/greenkingdom.ch\/de\/wp-json\/wp\/v2\/product_cat?post=18903"},{"taxonomy":"product_tag","embeddable":true,"href":"https:\/\/greenkingdom.ch\/de\/wp-json\/wp\/v2\/product_tag?post=18903"}],"curies":[{"name":"wp","href":"https:\/\/api.w.org\/{rel}","templated":true}]}}