{"id":18907,"date":"2024-10-11T16:41:01","date_gmt":"2024-10-11T14:41:01","guid":{"rendered":"https:\/\/greenkingdom.ch\/product\/iso-max-1480m3-h-250mm\/"},"modified":"2024-10-11T16:41:01","modified_gmt":"2024-10-11T14:41:01","slug":"iso-max-1480m3-h-250mm","status":"publish","type":"product","link":"https:\/\/greenkingdom.ch\/de\/produkt\/iso-max-1480m3-h-250mm\/","title":{"rendered":"ISO-MAX 1480m3\/h 250mm"},"content":{"rendered":"<p>Entdecken Sie die Eigenschaften der Iso-Max-Reihe:<\/p>\n<ul>\n<li>Max-L\u00fcfter in einen Schalld\u00e4mpfer integriert<\/li>\n<li>Leise und leistungsstark<\/li>\n<li>Einfache Installation<\/li>\n<li>Gleichm\u00e4\u00dfiger Luftstrom durch den Rotor-Stator<\/li>\n<li>Vollverzinktes Metallgeh\u00e4use<\/li>\n<li>Gepolstert mit Akustikschaum<\/li>\n<li>Hochwertiger Schweizer Motor<\/li>\n<li>Kompatibel mit Satellite 4A und LCD-EC-Controller f\u00fcr optimales Management<\/li>\n<\/ul>\n<p>Der Iso-Max basiert auf unserem patentierten 3D-Rotor-Stator-System, das einen au\u00dfergew\u00f6hnlichen Luftstrom gew\u00e4hrleistet. Dieser einzigartige L\u00fcfter zeichnet sich durch ein leises Design aus, bei dem das Stahlgeh\u00e4use sorgf\u00e4ltig mit speziellem Schaumstoff isoliert ist. Durch die hochwertige Isolierung und geringe Verwirbelungen wird die Ger\u00e4uschentwicklung f\u00fcr einen unauff\u00e4lligen Betrieb minimiert. Ausgestattet mit einem thermischen Sicherheitsschalter stoppt der Iso-Max den Motor im Falle einer \u00dcberhitzung. Die mitgelieferten Montagehalterungen vereinfachen die Installation. Steuern Sie Ihren Iso-Max mit dem Can-Fan Satellite 4A f\u00fcr ein optimales Geschwindigkeitsmanagement. F\u00fcr volle Kontrolle koppeln Sie ihn \u00fcber den Satellite 4A mit dem Can Fan LCD-EC-Controller.  <\/p>\n<p>Technische Eigenschaften:<\/p>\n<ul>\n<li>Material: Metall<\/li>\n<li>L\u00e4nge: 680 mm<\/li>\n<li>Gewicht: 9,9 kg<\/li>\n<li>Durchmesser: 250 mm<\/li>\n<li>Kapazit\u00e4t: 1480 m3\/h<\/li>\n<li>Stromst\u00e4rke: 0,9 A<\/li>\n<li>Leistung: 150 W<\/li>\n<li>Geschwindigkeitsregelung: Ja<\/li>\n<\/ul>\n<p>EAN: 8718836156045<\/p>\n","protected":false},"excerpt":{"rendered":"<p>Entdecken Sie die Eigenschaften der Iso-Max-Reihe: Max-L\u00fcfter in einen Schalld\u00e4mpfer integriert Leise und leistungsstark Einfache Installation Gleichm\u00e4\u00dfiger Luftstrom durch den Rotor-Stator Vollverzinktes Metallgeh\u00e4use Gepolstert mit Akustikschaum Hochwertiger Schweizer Motor Kompatibel mit Satellite 4A und LCD-EC-Controller f\u00fcr optimales Management Der Iso-Max basiert auf unserem patentierten 3D-Rotor-Stator-System, das einen au\u00dfergew\u00f6hnlichen Luftstrom gew\u00e4hrleistet. Dieser einzigartige L\u00fcfter zeichnet sich [&hellip;]<\/p>\n","protected":false},"featured_media":9899,"comment_status":"open","ping_status":"closed","template":"","meta":{"_seopress_robots_primary_cat":"","_seopress_titles_title":"","_seopress_titles_desc":"","_seopress_robots_index":""},"product_brand":[],"product_cat":[634],"product_tag":[],"class_list":{"0":"post-18907","1":"product","2":"type-product","3":"status-publish","4":"has-post-thumbnail","6":"product_cat-luftabzuege","9":"instock","10":"taxable","11":"shipping-taxable","12":"purchasable","13":"product-type-simple","14":"product-grid-view"},"_links":{"self":[{"href":"https:\/\/greenkingdom.ch\/de\/wp-json\/wp\/v2\/product\/18907","targetHints":{"allow":["GET"]}}],"collection":[{"href":"https:\/\/greenkingdom.ch\/de\/wp-json\/wp\/v2\/product"}],"about":[{"href":"https:\/\/greenkingdom.ch\/de\/wp-json\/wp\/v2\/types\/product"}],"replies":[{"embeddable":true,"href":"https:\/\/greenkingdom.ch\/de\/wp-json\/wp\/v2\/comments?post=18907"}],"version-history":[{"count":0,"href":"https:\/\/greenkingdom.ch\/de\/wp-json\/wp\/v2\/product\/18907\/revisions"}],"wp:featuredmedia":[{"embeddable":true,"href":"https:\/\/greenkingdom.ch\/de\/wp-json\/wp\/v2\/media\/9899"}],"wp:attachment":[{"href":"https:\/\/greenkingdom.ch\/de\/wp-json\/wp\/v2\/media?parent=18907"}],"wp:term":[{"taxonomy":"product_brand","embeddable":true,"href":"https:\/\/greenkingdom.ch\/de\/wp-json\/wp\/v2\/product_brand?post=18907"},{"taxonomy":"product_cat","embeddable":true,"href":"https:\/\/greenkingdom.ch\/de\/wp-json\/wp\/v2\/product_cat?post=18907"},{"taxonomy":"product_tag","embeddable":true,"href":"https:\/\/greenkingdom.ch\/de\/wp-json\/wp\/v2\/product_tag?post=18907"}],"curies":[{"name":"wp","href":"https:\/\/api.w.org\/{rel}","templated":true}]}}