{"id":18909,"date":"2024-10-11T16:41:02","date_gmt":"2024-10-11T14:41:02","guid":{"rendered":"https:\/\/greenkingdom.ch\/product\/rhino-pro-255m3-h-100mm\/"},"modified":"2024-10-11T16:41:02","modified_gmt":"2024-10-11T14:41:02","slug":"rhino-pro-255m3-h-100mm","status":"publish","type":"product","link":"https:\/\/greenkingdom.ch\/de\/produkt\/rhino-pro-255m3-h-100mm\/","title":{"rendered":"Rhino Pro 255m3\/h 100mm"},"content":{"rendered":"<p>Lernen Sie den Rhino Pro Filter kennen, der f\u00fcr maximale Leistung und effektive Geruchskontrolle entwickelt wurde. Dieser Filter verwendet modernste Aktivkohletechnologie, um auch unter anspruchsvollen Bedingungen eine qualitativ hochwertige Luftreinigung zu gew\u00e4hrleisten. Die Vorteile des Rhino Pro Filters:<br \/>\n&#8211; Optimale Geruchskontrolle dank hochwertiger<br \/>\n australischer Aktivkohle- Au\u00dfergew\u00f6hnliche<br \/>\n Haltbarkeit und Effizienz- Innovatives Design f\u00fcr maximale Filtration ohne Lufteinschl\u00fcsse<br \/>\n&#8211; Leicht, einfach zu handhaben und zu installieren Spezifikationen:<br \/>\n&#8211; Korngr\u00f6\u00dfe und Jodzahl f\u00fcr maximale Geruchsabsorption Eigenschaften des Filters:<br \/>\n&#8211; Flanschgr\u00f6\u00dfe: 100 mm<br \/>\n&#8211; Luftstrom: 255 m3\/h<br \/>\n&#8211; L\u00fcfterkapazit\u00e4t: 300 m3\/h<br \/>\n&#8211; Abmessungen: 200 x 200 mm<br \/>\n&#8211; Gewicht: 2,5 kg Lassen Sie keine schlechten Ger\u00fcche in Ihren Raum eindringen, entscheiden Sie sich f\u00fcr den Rhino Pro Filter und genie\u00dfen Sie jederzeit saubere und frische Luft. EAN: 6957622301524. <\/p>\n","protected":false},"excerpt":{"rendered":"<p>Lernen Sie den Rhino Pro Filter kennen, der f\u00fcr maximale Leistung und effektive Geruchskontrolle entwickelt wurde. Dieser Filter verwendet modernste Aktivkohletechnologie, um auch unter anspruchsvollen Bedingungen eine qualitativ hochwertige Luftreinigung zu gew\u00e4hrleisten. Die Vorteile des Rhino Pro Filters: &#8211; Optimale Geruchskontrolle dank hochwertiger australischer Aktivkohle- Au\u00dfergew\u00f6hnliche Haltbarkeit und Effizienz- Innovatives Design f\u00fcr maximale Filtration ohne [&hellip;]<\/p>\n","protected":false},"featured_media":9974,"comment_status":"open","ping_status":"closed","template":"","meta":{"_seopress_robots_primary_cat":"","_seopress_titles_title":"","_seopress_titles_desc":"","_seopress_robots_index":""},"product_brand":[],"product_cat":[637],"product_tag":[],"class_list":{"0":"post-18909","1":"product","2":"type-product","3":"status-publish","4":"has-post-thumbnail","6":"product_cat-aktivkohlefilter","9":"instock","10":"taxable","11":"shipping-taxable","12":"purchasable","13":"product-type-simple","14":"product-grid-view"},"_links":{"self":[{"href":"https:\/\/greenkingdom.ch\/de\/wp-json\/wp\/v2\/product\/18909","targetHints":{"allow":["GET"]}}],"collection":[{"href":"https:\/\/greenkingdom.ch\/de\/wp-json\/wp\/v2\/product"}],"about":[{"href":"https:\/\/greenkingdom.ch\/de\/wp-json\/wp\/v2\/types\/product"}],"replies":[{"embeddable":true,"href":"https:\/\/greenkingdom.ch\/de\/wp-json\/wp\/v2\/comments?post=18909"}],"version-history":[{"count":0,"href":"https:\/\/greenkingdom.ch\/de\/wp-json\/wp\/v2\/product\/18909\/revisions"}],"wp:featuredmedia":[{"embeddable":true,"href":"https:\/\/greenkingdom.ch\/de\/wp-json\/wp\/v2\/media\/9974"}],"wp:attachment":[{"href":"https:\/\/greenkingdom.ch\/de\/wp-json\/wp\/v2\/media?parent=18909"}],"wp:term":[{"taxonomy":"product_brand","embeddable":true,"href":"https:\/\/greenkingdom.ch\/de\/wp-json\/wp\/v2\/product_brand?post=18909"},{"taxonomy":"product_cat","embeddable":true,"href":"https:\/\/greenkingdom.ch\/de\/wp-json\/wp\/v2\/product_cat?post=18909"},{"taxonomy":"product_tag","embeddable":true,"href":"https:\/\/greenkingdom.ch\/de\/wp-json\/wp\/v2\/product_tag?post=18909"}],"curies":[{"name":"wp","href":"https:\/\/api.w.org\/{rel}","templated":true}]}}