{"id":18910,"date":"2024-10-11T16:41:02","date_gmt":"2024-10-11T14:41:02","guid":{"rendered":"https:\/\/greenkingdom.ch\/product\/carbo-air-pro-60\/"},"modified":"2024-10-11T16:41:02","modified_gmt":"2024-10-11T14:41:02","slug":"carbo-air-pro-60","status":"publish","type":"product","link":"https:\/\/greenkingdom.ch\/de\/produkt\/carbo-air-pro-60\/","title":{"rendered":"Carbo Air Pro 60"},"content":{"rendered":"<p>Entdecken Sie den CarboAir Pro 60, einen Aktivkohlefilter mit einer 60 mm tiefen Kohleschicht f\u00fcr eine optimale VOC-Filterung. Die hochwertige, k\u00f6rnige Aktivkohle h\u00e4lt selbst den intensivsten Bedingungen stand und sorgt so f\u00fcr eine effektive Luftreinigung f\u00fcr mindestens 18 Monate. Mit einem maximalen Luftstrom von 2250 m3\/h wird dieser Filter in Europa handgefertigt und wird mit einem maschinenwaschbaren Vorfilter f\u00fcr eine bequeme Verwendung geliefert. Ausgestattet mit einem 200mm Flansch und einer L\u00e4nge von 1000mm wird der CarboAir Pro 60 mit Sicherheit Ihren Anforderungen gerecht. Profitieren Sie jetzt von diesem unverzichtbaren Ger\u00e4t f\u00fcr eine hochwertige Luftreinigung.    <\/p>\n","protected":false},"excerpt":{"rendered":"<p>Entdecken Sie den CarboAir Pro 60, einen Aktivkohlefilter mit einer 60 mm tiefen Kohleschicht f\u00fcr eine optimale VOC-Filterung. Die hochwertige, k\u00f6rnige Aktivkohle h\u00e4lt selbst den intensivsten Bedingungen stand und sorgt so f\u00fcr eine effektive Luftreinigung f\u00fcr mindestens 18 Monate. Mit einem maximalen Luftstrom von 2250 m3\/h wird dieser Filter in Europa handgefertigt und wird mit [&hellip;]<\/p>\n","protected":false},"featured_media":9953,"comment_status":"open","ping_status":"closed","template":"","meta":{"_seopress_robots_primary_cat":"","_seopress_titles_title":"","_seopress_titles_desc":"","_seopress_robots_index":""},"product_brand":[],"product_cat":[637],"product_tag":[],"class_list":{"0":"post-18910","1":"product","2":"type-product","3":"status-publish","4":"has-post-thumbnail","6":"product_cat-aktivkohlefilter","9":"instock","10":"taxable","11":"shipping-taxable","12":"purchasable","13":"product-type-simple","14":"product-grid-view"},"_links":{"self":[{"href":"https:\/\/greenkingdom.ch\/de\/wp-json\/wp\/v2\/product\/18910","targetHints":{"allow":["GET"]}}],"collection":[{"href":"https:\/\/greenkingdom.ch\/de\/wp-json\/wp\/v2\/product"}],"about":[{"href":"https:\/\/greenkingdom.ch\/de\/wp-json\/wp\/v2\/types\/product"}],"replies":[{"embeddable":true,"href":"https:\/\/greenkingdom.ch\/de\/wp-json\/wp\/v2\/comments?post=18910"}],"version-history":[{"count":0,"href":"https:\/\/greenkingdom.ch\/de\/wp-json\/wp\/v2\/product\/18910\/revisions"}],"wp:featuredmedia":[{"embeddable":true,"href":"https:\/\/greenkingdom.ch\/de\/wp-json\/wp\/v2\/media\/9953"}],"wp:attachment":[{"href":"https:\/\/greenkingdom.ch\/de\/wp-json\/wp\/v2\/media?parent=18910"}],"wp:term":[{"taxonomy":"product_brand","embeddable":true,"href":"https:\/\/greenkingdom.ch\/de\/wp-json\/wp\/v2\/product_brand?post=18910"},{"taxonomy":"product_cat","embeddable":true,"href":"https:\/\/greenkingdom.ch\/de\/wp-json\/wp\/v2\/product_cat?post=18910"},{"taxonomy":"product_tag","embeddable":true,"href":"https:\/\/greenkingdom.ch\/de\/wp-json\/wp\/v2\/product_tag?post=18910"}],"curies":[{"name":"wp","href":"https:\/\/api.w.org\/{rel}","templated":true}]}}