{"id":18923,"date":"2024-10-11T16:41:24","date_gmt":"2024-10-11T14:41:24","guid":{"rendered":"https:\/\/greenkingdom.ch\/product\/aktivgranulat-400m3-h-125mm\/"},"modified":"2024-10-11T16:41:24","modified_gmt":"2024-10-11T14:41:24","slug":"aktivgranulat-400m3-h-125mm","status":"publish","type":"product","link":"https:\/\/greenkingdom.ch\/de\/produkt\/aktivgranulat-400m3-h-125mm\/","title":{"rendered":"Aktivgranulat 400m3\/h 125mm"},"content":{"rendered":"<p>Entdecken Sie den Aktivkohle-Pelletfilter, gef\u00fcllt mit 100% hochwertiger Kokosnuss-Aktivkohle. Diese nat\u00fcrliche Aktivkohle ist bekannt f\u00fcr ihre Wirksamkeit beim Herausfiltern unerw\u00fcnschter Gase und Ger\u00fcche, ist aber h\u00e4rter und staub\u00e4rmer als andere Rohstoffe. Dieser umweltfreundliche Filter ist dank seiner Aufh\u00e4ngevorrichtung einfach zu installieren und eignet sich perfekt f\u00fcr die Reinigung der Luft in R\u00e4umen bis zu 30 m3. Umweltfreundlich, nachhaltig und umweltfreundlich ist Kokosnuss-Aktivkohle eine verantwortungsvolle Wahl f\u00fcr eine effektive Filtration. Dank seiner Aufh\u00e4ngevorrichtung ist dieser Filter auch f\u00fcr feuchte Umgebungen geeignet. Profitieren Sie von einer zuverl\u00e4ssigen Filtration mit minimalem Druckverlust dank optimierter Durchflussrate. Der Aktivkohle-Pelletfilter wird mit einem Vorfilter von 55 % ePM10 geliefert, der zus\u00e4tzlichen Schutz und eine l\u00e4ngere Lebensdauer bietet. Dieses Schweizer Qualit\u00e4tsprodukt garantiert Ihnen ein hervorragendes Preis-Leistungs-Verh\u00e4ltnis. Investieren Sie in saubere Luft f\u00fcr Ihr Wohlbefinden! Merkmale:<br \/>\n\u2022 Anschluss: mm \u00f8125<br \/>\n&#8211; Optimale Filterleistung bei: m\u00b3\/h 400<br \/>\n&#8211; Durchflussbereich: m\u00b3\/h 100 &#8211; 400<br \/>\n&#8211; Gewicht: kg 4,7<br \/>\n&#8211; Abmessung: mm \u00f8190 x 370 EAN: 7640157680613   <\/p>\n","protected":false},"excerpt":{"rendered":"<p>Entdecken Sie den Aktivkohle-Pelletfilter, gef\u00fcllt mit 100% hochwertiger Kokosnuss-Aktivkohle. Diese nat\u00fcrliche Aktivkohle ist bekannt f\u00fcr ihre Wirksamkeit beim Herausfiltern unerw\u00fcnschter Gase und Ger\u00fcche, ist aber h\u00e4rter und staub\u00e4rmer als andere Rohstoffe. Dieser umweltfreundliche Filter ist dank seiner Aufh\u00e4ngevorrichtung einfach zu installieren und eignet sich perfekt f\u00fcr die Reinigung der Luft in R\u00e4umen bis zu 30 [&hellip;]<\/p>\n","protected":false},"featured_media":9995,"comment_status":"open","ping_status":"closed","template":"","meta":{"_seopress_robots_primary_cat":"","_seopress_titles_title":"","_seopress_titles_desc":"","_seopress_robots_index":""},"product_brand":[],"product_cat":[637],"product_tag":[],"class_list":{"0":"post-18923","1":"product","2":"type-product","3":"status-publish","4":"has-post-thumbnail","6":"product_cat-aktivkohlefilter","9":"instock","10":"taxable","11":"shipping-taxable","12":"purchasable","13":"product-type-simple","14":"product-grid-view"},"_links":{"self":[{"href":"https:\/\/greenkingdom.ch\/de\/wp-json\/wp\/v2\/product\/18923","targetHints":{"allow":["GET"]}}],"collection":[{"href":"https:\/\/greenkingdom.ch\/de\/wp-json\/wp\/v2\/product"}],"about":[{"href":"https:\/\/greenkingdom.ch\/de\/wp-json\/wp\/v2\/types\/product"}],"replies":[{"embeddable":true,"href":"https:\/\/greenkingdom.ch\/de\/wp-json\/wp\/v2\/comments?post=18923"}],"version-history":[{"count":0,"href":"https:\/\/greenkingdom.ch\/de\/wp-json\/wp\/v2\/product\/18923\/revisions"}],"wp:featuredmedia":[{"embeddable":true,"href":"https:\/\/greenkingdom.ch\/de\/wp-json\/wp\/v2\/media\/9995"}],"wp:attachment":[{"href":"https:\/\/greenkingdom.ch\/de\/wp-json\/wp\/v2\/media?parent=18923"}],"wp:term":[{"taxonomy":"product_brand","embeddable":true,"href":"https:\/\/greenkingdom.ch\/de\/wp-json\/wp\/v2\/product_brand?post=18923"},{"taxonomy":"product_cat","embeddable":true,"href":"https:\/\/greenkingdom.ch\/de\/wp-json\/wp\/v2\/product_cat?post=18923"},{"taxonomy":"product_tag","embeddable":true,"href":"https:\/\/greenkingdom.ch\/de\/wp-json\/wp\/v2\/product_tag?post=18923"}],"curies":[{"name":"wp","href":"https:\/\/api.w.org\/{rel}","templated":true}]}}