{"id":18924,"date":"2024-10-11T16:41:24","date_gmt":"2024-10-11T14:41:24","guid":{"rendered":"https:\/\/greenkingdom.ch\/product\/rhino-pro-425m3-h-125mm\/"},"modified":"2024-10-11T16:41:24","modified_gmt":"2024-10-11T14:41:24","slug":"rhino-pro-425m3-h-125mm","status":"publish","type":"product","link":"https:\/\/greenkingdom.ch\/de\/produkt\/rhino-pro-425m3-h-125mm\/","title":{"rendered":"Rhino Pro 425m3\/h 125mm"},"content":{"rendered":"<p>Entdecken Sie den Rhino Pro Filter f\u00fcr maximale Leistung und effektive Geruchskontrolle. Mit seiner hochmodernen Aktivkohletechnologie bietet dieser Filter eine hochwertige Luftreinigung, um eine saubere und frische Umgebung zu erhalten. Der Rhino Pro wurde f\u00fcr den anspruchsvollen Einsatz entwickelt und gew\u00e4hrleistet eine optimale Filtration auch unter rauen Bedingungen. Zu den wichtigsten Merkmalen geh\u00f6ren eine optimale Geruchskontrolle dank hochwertiger australischer Aktivkohle, eine au\u00dfergew\u00f6hnliche Haltbarkeit f\u00fcr eine lange Lebensdauer und ein innovatives Design, das einen gleichm\u00e4\u00dfigen Luftstrom gew\u00e4hrleistet. Au\u00dferdem ist er aufgrund seines geringen Gewichts leicht zu transportieren und in Ihr L\u00fcftungssystem zu installieren. Die Vorteile auf einen Blick:<br \/>\n&#8211; Optimale Geruchskontrolle mit hochwertiger<br \/>\n australischer Aktivkohle- Langlebigkeit und lange Lebensdauer<br \/>\n&#8211; Einfach zu bedienen und zu transportieren<br \/>\n&#8211; Innovatives Design f\u00fcr eine effiziente<br \/>\n Filtration- Staubfrei f\u00fcr eine saubere Filtration Technische Eigenschaften von granulierter Aktivkohle:<br \/>\n&#8211; Korngr\u00f6\u00dfe: zwischen 1,7 und 4,75 mm<br \/>\n&#8211; Mindestjodzahl von 1050g\/mg<br \/>\n&#8211; Geringer wasserl\u00f6slicher<br \/>\n Aschegehalt- Sch\u00fcttdichte von 0,3-0,4 g\/cm\u00b3<br \/>\n&#8211; Niedrige Luftfeuchtigkeit Filterspezifikationen:<br \/>\n&#8211; Flanschgr\u00f6\u00dfe: 125 mm<br \/>\n&#8211; Luftstrom: 425 m3\/h<br \/>\n&#8211; L\u00fcfterkapazit\u00e4t: 500 m3\/h<br \/>\n&#8211; Abmessungen: 225 x 300 mm<br \/>\n&#8211; Gewicht: 4,1 kg EAN: 6957622301586  <\/p>\n","protected":false},"excerpt":{"rendered":"<p>Entdecken Sie den Rhino Pro Filter f\u00fcr maximale Leistung und effektive Geruchskontrolle. Mit seiner hochmodernen Aktivkohletechnologie bietet dieser Filter eine hochwertige Luftreinigung, um eine saubere und frische Umgebung zu erhalten. Der Rhino Pro wurde f\u00fcr den anspruchsvollen Einsatz entwickelt und gew\u00e4hrleistet eine optimale Filtration auch unter rauen Bedingungen. Zu den wichtigsten Merkmalen geh\u00f6ren eine optimale [&hellip;]<\/p>\n","protected":false},"featured_media":9989,"comment_status":"open","ping_status":"closed","template":"","meta":{"_seopress_robots_primary_cat":"","_seopress_titles_title":"","_seopress_titles_desc":"","_seopress_robots_index":""},"product_brand":[],"product_cat":[637],"product_tag":[],"class_list":{"0":"post-18924","1":"product","2":"type-product","3":"status-publish","4":"has-post-thumbnail","6":"product_cat-aktivkohlefilter","9":"instock","10":"taxable","11":"shipping-taxable","12":"purchasable","13":"product-type-simple","14":"product-grid-view"},"_links":{"self":[{"href":"https:\/\/greenkingdom.ch\/de\/wp-json\/wp\/v2\/product\/18924","targetHints":{"allow":["GET"]}}],"collection":[{"href":"https:\/\/greenkingdom.ch\/de\/wp-json\/wp\/v2\/product"}],"about":[{"href":"https:\/\/greenkingdom.ch\/de\/wp-json\/wp\/v2\/types\/product"}],"replies":[{"embeddable":true,"href":"https:\/\/greenkingdom.ch\/de\/wp-json\/wp\/v2\/comments?post=18924"}],"version-history":[{"count":0,"href":"https:\/\/greenkingdom.ch\/de\/wp-json\/wp\/v2\/product\/18924\/revisions"}],"wp:featuredmedia":[{"embeddable":true,"href":"https:\/\/greenkingdom.ch\/de\/wp-json\/wp\/v2\/media\/9989"}],"wp:attachment":[{"href":"https:\/\/greenkingdom.ch\/de\/wp-json\/wp\/v2\/media?parent=18924"}],"wp:term":[{"taxonomy":"product_brand","embeddable":true,"href":"https:\/\/greenkingdom.ch\/de\/wp-json\/wp\/v2\/product_brand?post=18924"},{"taxonomy":"product_cat","embeddable":true,"href":"https:\/\/greenkingdom.ch\/de\/wp-json\/wp\/v2\/product_cat?post=18924"},{"taxonomy":"product_tag","embeddable":true,"href":"https:\/\/greenkingdom.ch\/de\/wp-json\/wp\/v2\/product_tag?post=18924"}],"curies":[{"name":"wp","href":"https:\/\/api.w.org\/{rel}","templated":true}]}}