{"id":18930,"date":"2024-10-11T16:41:25","date_gmt":"2024-10-11T14:41:25","guid":{"rendered":"https:\/\/greenkingdom.ch\/product\/biobizz-all-mix-50l-palette-65-stueck\/"},"modified":"2024-10-11T16:41:25","modified_gmt":"2024-10-11T14:41:25","slug":"biobizz-all-mix-50l-palette-65-stueck","status":"publish","type":"product","link":"https:\/\/greenkingdom.ch\/de\/produkt\/biobizz-all-mix-50l-palette-65-stueck\/","title":{"rendered":"BioBizz All-Mix 50l Palette 65 St\u00fcck"},"content":{"rendered":"<p>Entdecken Sie das komplette Sortiment von Bio Bizz All-Mix, einschlie\u00dflich 65 Beuteln \u00e0 50 Litern f\u00fcr insgesamt 3250 Liter der besten Blumenerde! Alle\u00b7 Mix leistet alle Arbeit, um die perfekte Umgebung f\u00fcr die Pflanzen zu schaffen, die das ganze Jahr \u00fcber bl\u00fchen k\u00f6nnen. Diese vorged\u00fcngte Substratformel ahmt die Bedingungen von mikroorganismenreichen Au\u00dfenb\u00f6den nach und f\u00f6rdert ein \u00fcppiges Wachstum ohne Zusatz von zus\u00e4tzlichen D\u00fcngemitteln. Bei Verwendung von All\u00b7 Mischen, es wird empfohlen, es mit Wasser zu befeuchten und 36 Stunden ruhen zu lassen, um die vorhandenen N\u00e4hrstoffe und Mikroorganismen zu aktivieren. Halten Sie die Blumenerde immer warm, um eine optimale mikrobielle Aktivit\u00e4t zu gew\u00e4hrleisten, und achten Sie darauf, dass sie zwischen den Bew\u00e4sserungen etwas trocken bleibt, damit die Erde atmen kann. Biobizz-Produkte enthalten ausschlie\u00dflich biologische Elemente, die einen hohen elektrischen Leitf\u00e4higkeitswert garantieren. Mit organischen Inhaltsstoffen, die automatisch reguliert werden, um den richtigen pH-Wert aufrechtzuerhalten, ist All\u00b7 Mix ist eine hochwertige Wahl f\u00fcr Deine Pflanzen. Zusammensetzung: 20% Torfmoos, 35% Gartentorf, 10% hochwertiger Humus, 30% Perlit, 5% Pre-Mix. pH-Wert: 6,6 EC: 2,4. Erwecken Sie Ihre Pflanzen mit Bio Bizz All-Mix zum Leben! EAN: 0702639861006.  <\/p>\n","protected":false},"excerpt":{"rendered":"<p>Entdecken Sie das komplette Sortiment von Bio Bizz All-Mix, einschlie\u00dflich 65 Beuteln \u00e0 50 Litern f\u00fcr insgesamt 3250 Liter der besten Blumenerde! Alle\u00b7 Mix leistet alle Arbeit, um die perfekte Umgebung f\u00fcr die Pflanzen zu schaffen, die das ganze Jahr \u00fcber bl\u00fchen k\u00f6nnen. Diese vorged\u00fcngte Substratformel ahmt die Bedingungen von mikroorganismenreichen Au\u00dfenb\u00f6den nach und f\u00f6rdert [&hellip;]<\/p>\n","protected":false},"featured_media":10013,"comment_status":"open","ping_status":"closed","template":"","meta":{"_seopress_robots_primary_cat":"","_seopress_titles_title":"","_seopress_titles_desc":"","_seopress_robots_index":""},"product_brand":[],"product_cat":[616],"product_tag":[],"class_list":{"0":"post-18930","1":"product","2":"type-product","3":"status-publish","4":"has-post-thumbnail","6":"product_cat-erde","9":"instock","10":"taxable","11":"shipping-taxable","12":"purchasable","13":"product-type-simple","14":"product-grid-view"},"_links":{"self":[{"href":"https:\/\/greenkingdom.ch\/de\/wp-json\/wp\/v2\/product\/18930","targetHints":{"allow":["GET"]}}],"collection":[{"href":"https:\/\/greenkingdom.ch\/de\/wp-json\/wp\/v2\/product"}],"about":[{"href":"https:\/\/greenkingdom.ch\/de\/wp-json\/wp\/v2\/types\/product"}],"replies":[{"embeddable":true,"href":"https:\/\/greenkingdom.ch\/de\/wp-json\/wp\/v2\/comments?post=18930"}],"version-history":[{"count":0,"href":"https:\/\/greenkingdom.ch\/de\/wp-json\/wp\/v2\/product\/18930\/revisions"}],"wp:featuredmedia":[{"embeddable":true,"href":"https:\/\/greenkingdom.ch\/de\/wp-json\/wp\/v2\/media\/10013"}],"wp:attachment":[{"href":"https:\/\/greenkingdom.ch\/de\/wp-json\/wp\/v2\/media?parent=18930"}],"wp:term":[{"taxonomy":"product_brand","embeddable":true,"href":"https:\/\/greenkingdom.ch\/de\/wp-json\/wp\/v2\/product_brand?post=18930"},{"taxonomy":"product_cat","embeddable":true,"href":"https:\/\/greenkingdom.ch\/de\/wp-json\/wp\/v2\/product_cat?post=18930"},{"taxonomy":"product_tag","embeddable":true,"href":"https:\/\/greenkingdom.ch\/de\/wp-json\/wp\/v2\/product_tag?post=18930"}],"curies":[{"name":"wp","href":"https:\/\/api.w.org\/{rel}","templated":true}]}}