{"id":18937,"date":"2024-10-11T16:41:25","date_gmt":"2024-10-11T14:41:25","guid":{"rendered":"https:\/\/greenkingdom.ch\/product\/biobizz-all-mix-20l\/"},"modified":"2024-10-11T16:41:25","modified_gmt":"2024-10-11T14:41:25","slug":"biobizz-all-mix-20l","status":"publish","type":"product","link":"https:\/\/greenkingdom.ch\/de\/produkt\/biobizz-all-mix-20l\/","title":{"rendered":"BioBizz All-Mix 20L"},"content":{"rendered":"<p>Entdecken Sie alles\u00b7 Mix, das All-in-One-Substrat, das das ganze Jahr \u00fcber die perfekte Umgebung f\u00fcr Ihre Pflanzen schafft, um zu bl\u00fchen. Diese vorged\u00fcngte Formel ahmt die Bedingungen eines mikroorganismenreichen Outdoor-Bodens nach und f\u00f6rdert ein \u00fcppiges Wachstum ohne Zusatz von zus\u00e4tzlichen D\u00fcngemitteln. Bei der ersten Anwendung alle \u00b7 Mit Wasser mischen und 36 Stunden ruhen lassen, um essentielle N\u00e4hrstoffe und Mikroorganismen zu aktivieren. Halten Sie die Erde leicht warm, um eine optimale mikrobielle Aktivit\u00e4t zu erzielen, und achten Sie darauf, das Substrat zwischen den Wassergaben leicht trocken zu halten, um die Luftzirkulation zu f\u00f6rdern. Biobizz-Produkte enthalten ausschlie\u00dflich biologische Elemente f\u00fcr eine hohe elektrische Leitf\u00e4higkeit und ein selbstregulierendes pH-System. Alle\u00b7 Mix ist ein ausgewogener Mix aus Torfmoos, Gartentorf, hochwertigem Humus, Perlit und Pre-Mix. Geben Sie Ihren Pflanzen das Beste mit All\u00b7 Mischung f\u00fcr ein gesundes und kr\u00e4ftiges Wachstum. Zusammensetzung: Sphagnum-Torfmoos 20%, Gartentorf 35%, hochwertiger Humus 10%, Perlit 30%, Pre-Mix 5%. pH-Wert: 6,6, EC: 2,4 EAN: 8718403231618 <\/p>\n","protected":false},"excerpt":{"rendered":"<p>Entdecken Sie alles\u00b7 Mix, das All-in-One-Substrat, das das ganze Jahr \u00fcber die perfekte Umgebung f\u00fcr Ihre Pflanzen schafft, um zu bl\u00fchen. Diese vorged\u00fcngte Formel ahmt die Bedingungen eines mikroorganismenreichen Outdoor-Bodens nach und f\u00f6rdert ein \u00fcppiges Wachstum ohne Zusatz von zus\u00e4tzlichen D\u00fcngemitteln. Bei der ersten Anwendung alle \u00b7 Mit Wasser mischen und 36 Stunden ruhen lassen, [&hellip;]<\/p>\n","protected":false},"featured_media":10007,"comment_status":"open","ping_status":"closed","template":"","meta":{"_seopress_robots_primary_cat":"","_seopress_titles_title":"","_seopress_titles_desc":"","_seopress_robots_index":""},"product_brand":[],"product_cat":[616],"product_tag":[],"class_list":{"0":"post-18937","1":"product","2":"type-product","3":"status-publish","4":"has-post-thumbnail","6":"product_cat-erde","9":"instock","10":"taxable","11":"shipping-taxable","12":"purchasable","13":"product-type-simple","14":"product-grid-view"},"_links":{"self":[{"href":"https:\/\/greenkingdom.ch\/de\/wp-json\/wp\/v2\/product\/18937","targetHints":{"allow":["GET"]}}],"collection":[{"href":"https:\/\/greenkingdom.ch\/de\/wp-json\/wp\/v2\/product"}],"about":[{"href":"https:\/\/greenkingdom.ch\/de\/wp-json\/wp\/v2\/types\/product"}],"replies":[{"embeddable":true,"href":"https:\/\/greenkingdom.ch\/de\/wp-json\/wp\/v2\/comments?post=18937"}],"version-history":[{"count":0,"href":"https:\/\/greenkingdom.ch\/de\/wp-json\/wp\/v2\/product\/18937\/revisions"}],"wp:featuredmedia":[{"embeddable":true,"href":"https:\/\/greenkingdom.ch\/de\/wp-json\/wp\/v2\/media\/10007"}],"wp:attachment":[{"href":"https:\/\/greenkingdom.ch\/de\/wp-json\/wp\/v2\/media?parent=18937"}],"wp:term":[{"taxonomy":"product_brand","embeddable":true,"href":"https:\/\/greenkingdom.ch\/de\/wp-json\/wp\/v2\/product_brand?post=18937"},{"taxonomy":"product_cat","embeddable":true,"href":"https:\/\/greenkingdom.ch\/de\/wp-json\/wp\/v2\/product_cat?post=18937"},{"taxonomy":"product_tag","embeddable":true,"href":"https:\/\/greenkingdom.ch\/de\/wp-json\/wp\/v2\/product_tag?post=18937"}],"curies":[{"name":"wp","href":"https:\/\/api.w.org\/{rel}","templated":true}]}}