{"id":18938,"date":"2024-10-11T16:41:25","date_gmt":"2024-10-11T14:41:25","guid":{"rendered":"https:\/\/greenkingdom.ch\/product\/bio-canna-terra-plus-erde-50l\/"},"modified":"2024-10-11T16:41:25","modified_gmt":"2024-10-11T14:41:25","slug":"bio-canna-terra-plus-erde-50l","status":"publish","type":"product","link":"https:\/\/greenkingdom.ch\/de\/produkt\/bio-canna-terra-plus-erde-50l\/","title":{"rendered":"Bio Canna Terra Plus Erde 50L"},"content":{"rendered":"<p>Entdecken Sie die BIOCANNA Terra Plus Bio-Blumenerde im 50-Liter-Beutel, ein zertifiziertes Bio-Erdsubstrat, das den internationalen Standards f\u00fcr den \u00f6kologischen Anbau entspricht. Hergestellt aus hochwertigen nat\u00fcrlichen Materialien wie bel\u00fcftetem blondem Torf, der mit N\u00e4hrstoffen angereichert ist, ist diese Blumenerde perfekt f\u00fcr den biologischen Anbau. Bio Terra Plus zeichnet sich durch seine einzigartige Mischung aus luftig-blondem Torf und Baumrinde aus, die auf nat\u00fcrliche Weise gegen Schimmel wirkt. Vorged\u00fcngt mit organischen Inhaltsstoffen wie Knochenmehl, Fledermaus-Guano und nat\u00fcrlichen Spurenelementen bietet diese Blumenerde eine magische Formel f\u00fcr Ihre Pflanzen. Seine spezielle Zusammensetzung aus hochwertigem Torf, hochwertiger Rinde und sterilisierter Kokosnuss sorgt f\u00fcr einen leichten und luftigen Boden, der sich den Marktstandards widersetzt. Dar\u00fcber hinaus sorgt der automatische Regelungseffekt daf\u00fcr, dass die Pflanzen die notwendigen N\u00e4hrstoffe direkt aus der Blumenerde erhalten. Vertrauen Sie diesem au\u00dfergew\u00f6hnlichen Produkt, um Ihre Pflanzen auf nat\u00fcrliche und einfache Weise anzubauen, ohne sich um die Messung des pH- oder EC-Werts der N\u00e4hrl\u00f6sung k\u00fcmmern zu m\u00fcssen. Genie\u00dfen Sie eine reiche und qualitativ hochwertige Ernte dank BIOCANNA Bio Terra Plus Blumenerde. <\/p>\n","protected":false},"excerpt":{"rendered":"<p>Entdecken Sie die BIOCANNA Terra Plus Bio-Blumenerde im 50-Liter-Beutel, ein zertifiziertes Bio-Erdsubstrat, das den internationalen Standards f\u00fcr den \u00f6kologischen Anbau entspricht. Hergestellt aus hochwertigen nat\u00fcrlichen Materialien wie bel\u00fcftetem blondem Torf, der mit N\u00e4hrstoffen angereichert ist, ist diese Blumenerde perfekt f\u00fcr den biologischen Anbau. Bio Terra Plus zeichnet sich durch seine einzigartige Mischung aus luftig-blondem Torf [&hellip;]<\/p>\n","protected":false},"featured_media":10001,"comment_status":"open","ping_status":"closed","template":"","meta":{"_seopress_robots_primary_cat":"","_seopress_titles_title":"","_seopress_titles_desc":"","_seopress_robots_index":""},"product_brand":[],"product_cat":[616],"product_tag":[],"class_list":{"0":"post-18938","1":"product","2":"type-product","3":"status-publish","4":"has-post-thumbnail","6":"product_cat-erde","9":"instock","10":"taxable","11":"shipping-taxable","12":"purchasable","13":"product-type-simple","14":"product-grid-view"},"_links":{"self":[{"href":"https:\/\/greenkingdom.ch\/de\/wp-json\/wp\/v2\/product\/18938","targetHints":{"allow":["GET"]}}],"collection":[{"href":"https:\/\/greenkingdom.ch\/de\/wp-json\/wp\/v2\/product"}],"about":[{"href":"https:\/\/greenkingdom.ch\/de\/wp-json\/wp\/v2\/types\/product"}],"replies":[{"embeddable":true,"href":"https:\/\/greenkingdom.ch\/de\/wp-json\/wp\/v2\/comments?post=18938"}],"version-history":[{"count":0,"href":"https:\/\/greenkingdom.ch\/de\/wp-json\/wp\/v2\/product\/18938\/revisions"}],"wp:featuredmedia":[{"embeddable":true,"href":"https:\/\/greenkingdom.ch\/de\/wp-json\/wp\/v2\/media\/10001"}],"wp:attachment":[{"href":"https:\/\/greenkingdom.ch\/de\/wp-json\/wp\/v2\/media?parent=18938"}],"wp:term":[{"taxonomy":"product_brand","embeddable":true,"href":"https:\/\/greenkingdom.ch\/de\/wp-json\/wp\/v2\/product_brand?post=18938"},{"taxonomy":"product_cat","embeddable":true,"href":"https:\/\/greenkingdom.ch\/de\/wp-json\/wp\/v2\/product_cat?post=18938"},{"taxonomy":"product_tag","embeddable":true,"href":"https:\/\/greenkingdom.ch\/de\/wp-json\/wp\/v2\/product_tag?post=18938"}],"curies":[{"name":"wp","href":"https:\/\/api.w.org\/{rel}","templated":true}]}}