{"id":18947,"date":"2024-10-11T16:41:26","date_gmt":"2024-10-11T14:41:26","guid":{"rendered":"https:\/\/greenkingdom.ch\/product\/guanokalong-complete-mix-50l-palette-70-stueck\/"},"modified":"2024-10-11T16:41:26","modified_gmt":"2024-10-11T14:41:26","slug":"guanokalong-complete-mix-50l-palette-70-stueck","status":"publish","type":"product","link":"https:\/\/greenkingdom.ch\/de\/produkt\/guanokalong-complete-mix-50l-palette-70-stueck\/","title":{"rendered":"GuanoKalong Complete Mix 50L Palette 70 St\u00fcck"},"content":{"rendered":"<p>Entdecke die 50L GuanoKalong Complete Blend 100% Bio &#8211; 100% Vegetarisch &#8211; Ein Genuss f\u00fcr jeden Grower. Der GuanoKalong Complete Mix ist ein ideales Substrat, angereichert mit GuanoKalong Pulver, um Ihren Pflanzen alle Vorteile dieser Formel zu bieten. Schenken Sie Ihren Pflanzen einen gesunden Start mit einfachen, organischen Komponenten! Dank des Zusatzes von GuanoKalong Pulver bietet diese Komplettmischung eine Zusammensetzung, die reich an Makro- und Mikroelementen sowie Enzymen ist, die f\u00fcr das Pflanzenwachstum unerl\u00e4sslich sind. S\u00e4mlinge und Wurzeln profitieren von einem schnelleren Wachstum. Das GuanoKalong-Pulver in dieser Mischung stammt aus dem Kot von Flederm\u00e4usen, die nat\u00fcrlicherweise im Regenwald leben. Dieser organische Kompost ist eine au\u00dfergew\u00f6hnliche D\u00fcngerquelle f\u00fcr Ihre Pflanzen. Durch die Verwendung dieser kompletten Mischung verbesserst Du den Geschmack, die Qualit\u00e4t und den Ertrag Deiner Pflanzen. Dar\u00fcber hinaus verringert die langsame Freisetzung von N\u00e4hrstoffen die Wahrscheinlichkeit von Blattverbrennungen und sch\u00fctzt vor bakteriellen Infektionen. Die GuanoKalong Complete Blend ist sowohl f\u00fcr den Innen- als auch f\u00fcr den Au\u00dfenanbau geeignet und hat kein Verfallsdatum, wenn sie an einem dunklen, trockenen Ort gelagert wird. Die GuanoKalong-Mischung ist ein hochwertiges, umweltfreundliches und nachhaltiges Produkt und ein Ma\u00dfstab f\u00fcr die Erzeuger. EAN-Code: 0735632368470<\/p>\n","protected":false},"excerpt":{"rendered":"<p>Entdecke die 50L GuanoKalong Complete Blend 100% Bio &#8211; 100% Vegetarisch &#8211; Ein Genuss f\u00fcr jeden Grower. Der GuanoKalong Complete Mix ist ein ideales Substrat, angereichert mit GuanoKalong Pulver, um Ihren Pflanzen alle Vorteile dieser Formel zu bieten. Schenken Sie Ihren Pflanzen einen gesunden Start mit einfachen, organischen Komponenten! Dank des Zusatzes von GuanoKalong Pulver [&hellip;]<\/p>\n","protected":false},"featured_media":10034,"comment_status":"open","ping_status":"closed","template":"","meta":{"_seopress_robots_primary_cat":"","_seopress_titles_title":"","_seopress_titles_desc":"","_seopress_robots_index":""},"product_brand":[],"product_cat":[616],"product_tag":[],"class_list":{"0":"post-18947","1":"product","2":"type-product","3":"status-publish","4":"has-post-thumbnail","6":"product_cat-erde","9":"instock","10":"taxable","11":"shipping-taxable","12":"purchasable","13":"product-type-simple","14":"product-grid-view"},"_links":{"self":[{"href":"https:\/\/greenkingdom.ch\/de\/wp-json\/wp\/v2\/product\/18947","targetHints":{"allow":["GET"]}}],"collection":[{"href":"https:\/\/greenkingdom.ch\/de\/wp-json\/wp\/v2\/product"}],"about":[{"href":"https:\/\/greenkingdom.ch\/de\/wp-json\/wp\/v2\/types\/product"}],"replies":[{"embeddable":true,"href":"https:\/\/greenkingdom.ch\/de\/wp-json\/wp\/v2\/comments?post=18947"}],"version-history":[{"count":0,"href":"https:\/\/greenkingdom.ch\/de\/wp-json\/wp\/v2\/product\/18947\/revisions"}],"wp:featuredmedia":[{"embeddable":true,"href":"https:\/\/greenkingdom.ch\/de\/wp-json\/wp\/v2\/media\/10034"}],"wp:attachment":[{"href":"https:\/\/greenkingdom.ch\/de\/wp-json\/wp\/v2\/media?parent=18947"}],"wp:term":[{"taxonomy":"product_brand","embeddable":true,"href":"https:\/\/greenkingdom.ch\/de\/wp-json\/wp\/v2\/product_brand?post=18947"},{"taxonomy":"product_cat","embeddable":true,"href":"https:\/\/greenkingdom.ch\/de\/wp-json\/wp\/v2\/product_cat?post=18947"},{"taxonomy":"product_tag","embeddable":true,"href":"https:\/\/greenkingdom.ch\/de\/wp-json\/wp\/v2\/product_tag?post=18947"}],"curies":[{"name":"wp","href":"https:\/\/api.w.org\/{rel}","templated":true}]}}