{"id":18952,"date":"2024-10-11T16:37:54","date_gmt":"2024-10-11T14:37:54","guid":{"rendered":"https:\/\/greenkingdom.ch\/product\/terra-aquatica-finalpart-ghe-reifung-1l\/"},"modified":"2024-10-11T16:37:54","modified_gmt":"2024-10-11T14:37:54","slug":"terra-aquatica-finalpart-ghe-reifung-1l","status":"publish","type":"product","link":"https:\/\/greenkingdom.ch\/de\/produkt\/terra-aquatica-finalpart-ghe-reifung-1l\/","title":{"rendered":"Terra Aquatica FinalPart \/ GHE Reifung 1L"},"content":{"rendered":"<p>Ripen ist ein Volld\u00fcnger, der speziell entwickelt wurde, um die Bl\u00fcte von Pflanzen zu f\u00f6rdern, indem er ihre Reifung beschleunigt und ihre Wirkstoffkonzentration verbessert. Diese pr\u00e4zise Mischung aus Mineralien und Puffern, die von den Hydroponik-Forschern von General Hydroponics dosiert wird, ist unerl\u00e4sslich, um empfindliche Pflanzen am Ende ihres Zyklus zu unterst\u00fctzen. Durch die Verwendung von Mature kannst Du Deine Pflanzen schneller ernten, um eine Verschlechterung zu verhindern und ihre Harmonisierung im selben Anbauraum zu f\u00f6rdern. Dar\u00fcber hinaus unterst\u00fctzt Ripen die Bildung der Wirkstoffe von Heilpflanzen, wodurch diese eine optimale Konzentration erreichen k\u00f6nnen. Angereichert mit Phosphor (6%), Kalium (5%), Magnesium (3%) und Schwefel (5%), wird Ripen in den letzten 10 Tagen vor der Ernte ausgebracht. Unabh\u00e4ngig vom Medium oder Bew\u00e4sserungssystem f\u00fcgen Sie einfach 5-6 ml D\u00fcnger zu 1 Liter Wasser bei jeder Bew\u00e4sserung hinzu, um optimale Ergebnisse zu erzielen. EAN: 3760172780656    <\/p>\n","protected":false},"excerpt":{"rendered":"<p>Ripen ist ein Volld\u00fcnger, der speziell entwickelt wurde, um die Bl\u00fcte von Pflanzen zu f\u00f6rdern, indem er ihre Reifung beschleunigt und ihre Wirkstoffkonzentration verbessert. Diese pr\u00e4zise Mischung aus Mineralien und Puffern, die von den Hydroponik-Forschern von General Hydroponics dosiert wird, ist unerl\u00e4sslich, um empfindliche Pflanzen am Ende ihres Zyklus zu unterst\u00fctzen. Durch die Verwendung von [&hellip;]<\/p>\n","protected":false},"featured_media":23816,"comment_status":"open","ping_status":"closed","template":"","meta":{"_seopress_robots_primary_cat":"","_seopress_titles_title":"","_seopress_titles_desc":"","_seopress_robots_index":""},"product_brand":[],"product_cat":[580],"product_tag":[],"class_list":{"0":"post-18952","1":"product","2":"type-product","3":"status-publish","4":"has-post-thumbnail","6":"product_cat-terra-aquatica-de","9":"instock","10":"taxable","11":"shipping-taxable","12":"purchasable","13":"product-type-simple","14":"product-grid-view"},"_links":{"self":[{"href":"https:\/\/greenkingdom.ch\/de\/wp-json\/wp\/v2\/product\/18952","targetHints":{"allow":["GET"]}}],"collection":[{"href":"https:\/\/greenkingdom.ch\/de\/wp-json\/wp\/v2\/product"}],"about":[{"href":"https:\/\/greenkingdom.ch\/de\/wp-json\/wp\/v2\/types\/product"}],"replies":[{"embeddable":true,"href":"https:\/\/greenkingdom.ch\/de\/wp-json\/wp\/v2\/comments?post=18952"}],"version-history":[{"count":0,"href":"https:\/\/greenkingdom.ch\/de\/wp-json\/wp\/v2\/product\/18952\/revisions"}],"wp:featuredmedia":[{"embeddable":true,"href":"https:\/\/greenkingdom.ch\/de\/wp-json\/wp\/v2\/media\/23816"}],"wp:attachment":[{"href":"https:\/\/greenkingdom.ch\/de\/wp-json\/wp\/v2\/media?parent=18952"}],"wp:term":[{"taxonomy":"product_brand","embeddable":true,"href":"https:\/\/greenkingdom.ch\/de\/wp-json\/wp\/v2\/product_brand?post=18952"},{"taxonomy":"product_cat","embeddable":true,"href":"https:\/\/greenkingdom.ch\/de\/wp-json\/wp\/v2\/product_cat?post=18952"},{"taxonomy":"product_tag","embeddable":true,"href":"https:\/\/greenkingdom.ch\/de\/wp-json\/wp\/v2\/product_tag?post=18952"}],"curies":[{"name":"wp","href":"https:\/\/api.w.org\/{rel}","templated":true}]}}