{"id":18962,"date":"2024-10-11T16:37:55","date_gmt":"2024-10-11T14:37:55","guid":{"rendered":"https:\/\/greenkingdom.ch\/product\/biobizz-wurzelsaft-1l\/"},"modified":"2024-10-11T16:37:55","modified_gmt":"2024-10-11T14:37:55","slug":"biobizz-wurzelsaft-1l","status":"publish","type":"product","link":"https:\/\/greenkingdom.ch\/de\/produkt\/biobizz-wurzelsaft-1l\/","title":{"rendered":"BioBizz Wurzelsaft 1L"},"content":{"rendered":"<p>Vollst\u00e4ndig aus pflanzlichen Zutaten f\u00fcr Bio-G\u00e4rten hergestellt, bietet Root\u00b7 Saft vereint zwei au\u00dfergew\u00f6hnliche Naturstoffe: Humins\u00e4ure und hochwertige Algen. Speziell entwickelt, um das Wurzelwachstum zu f\u00f6rdern und das nat\u00fcrliche Leben zu stimulieren, das das Wurzelsystem Ihrer Pflanzen n\u00e4hrt. Wurzel\u00b7 Saft stimuliert von Anfang an das Wurzelwachstum, sowohl bei S\u00e4mlingen als auch bei etablierten Pflanzen. Bereite Deine Pflanzen darauf vor, N\u00e4hrstoffe schneller aufzunehmen, um kr\u00e4ftigere, widerstandsf\u00e4higere Pflanzen und eine reiche Ernte zu erhalten. Dieser Fl\u00fcssigd\u00fcnger ist ideal zur Anreicherung von Boden-, Torf- und Kokosmischungen und sch\u00fctzt gleichzeitig die Wurzeln in hydroponischen oder aeroponischen Systemen. F\u00fcr Untergr\u00fcnde wie All\u00b7 Mischen oder anz\u00fcnden\u00b7 Mischen, d\u00fcngen Sie Ihre Pflanzen mit Root\u00b7 Saft zu Beginn des Wachstums, um eine starke Bewurzelung zu f\u00f6rdern. Biobizz empfiehlt eine Dosis von 1 bis 4 ml Root\u00b7 Saft pro Liter Wasser. D\u00fcngen Sie Ihre Pflanzen mit dieser Qualit\u00e4ts-EAN: 8718403231359. <\/p>\n","protected":false},"excerpt":{"rendered":"<p>Vollst\u00e4ndig aus pflanzlichen Zutaten f\u00fcr Bio-G\u00e4rten hergestellt, bietet Root\u00b7 Saft vereint zwei au\u00dfergew\u00f6hnliche Naturstoffe: Humins\u00e4ure und hochwertige Algen. Speziell entwickelt, um das Wurzelwachstum zu f\u00f6rdern und das nat\u00fcrliche Leben zu stimulieren, das das Wurzelsystem Ihrer Pflanzen n\u00e4hrt. Wurzel\u00b7 Saft stimuliert von Anfang an das Wurzelwachstum, sowohl bei S\u00e4mlingen als auch bei etablierten Pflanzen. Bereite Deine [&hellip;]<\/p>\n","protected":false},"featured_media":8779,"comment_status":"open","ping_status":"closed","template":"","meta":{"_seopress_robots_primary_cat":"","_seopress_titles_title":"","_seopress_titles_desc":"","_seopress_robots_index":""},"product_brand":[],"product_cat":[571],"product_tag":[],"class_list":{"0":"post-18962","1":"product","2":"type-product","3":"status-publish","4":"has-post-thumbnail","6":"product_cat-biobizz-de","9":"instock","10":"taxable","11":"shipping-taxable","12":"purchasable","13":"product-type-simple","14":"product-grid-view"},"_links":{"self":[{"href":"https:\/\/greenkingdom.ch\/de\/wp-json\/wp\/v2\/product\/18962","targetHints":{"allow":["GET"]}}],"collection":[{"href":"https:\/\/greenkingdom.ch\/de\/wp-json\/wp\/v2\/product"}],"about":[{"href":"https:\/\/greenkingdom.ch\/de\/wp-json\/wp\/v2\/types\/product"}],"replies":[{"embeddable":true,"href":"https:\/\/greenkingdom.ch\/de\/wp-json\/wp\/v2\/comments?post=18962"}],"version-history":[{"count":0,"href":"https:\/\/greenkingdom.ch\/de\/wp-json\/wp\/v2\/product\/18962\/revisions"}],"wp:featuredmedia":[{"embeddable":true,"href":"https:\/\/greenkingdom.ch\/de\/wp-json\/wp\/v2\/media\/8779"}],"wp:attachment":[{"href":"https:\/\/greenkingdom.ch\/de\/wp-json\/wp\/v2\/media?parent=18962"}],"wp:term":[{"taxonomy":"product_brand","embeddable":true,"href":"https:\/\/greenkingdom.ch\/de\/wp-json\/wp\/v2\/product_brand?post=18962"},{"taxonomy":"product_cat","embeddable":true,"href":"https:\/\/greenkingdom.ch\/de\/wp-json\/wp\/v2\/product_cat?post=18962"},{"taxonomy":"product_tag","embeddable":true,"href":"https:\/\/greenkingdom.ch\/de\/wp-json\/wp\/v2\/product_tag?post=18962"}],"curies":[{"name":"wp","href":"https:\/\/api.w.org\/{rel}","templated":true}]}}